{"id":6564,"date":"2021-03-05T13:14:38","date_gmt":"2021-03-05T12:14:38","guid":{"rendered":"https:\/\/www.kspnazaret.pl\/?page_id=6564"},"modified":"2025-01-21T10:36:16","modified_gmt":"2025-01-21T09:36:16","slug":"deklaracja-dostepnosci-katolickiej-szkoly-podstawowej-im-maryi-z-nazaretu-w-kielcach","status":"publish","type":"page","link":"https:\/\/kspnazaret.pl\/?page_id=6564","title":{"rendered":"Deklaracja dost\u0119pno\u015bci Katolickiej Szko\u0142y Podstawowej im. Maryi z Nazaretu w Kielcach"},"content":{"rendered":"<p>[vc_row][vc_column][vc_column_text]Katolicka Szko\u0142a Podstawowa im. Maryi z Nazaretu w Kielcach\u00a0zobowi\u0105zuje si\u0119 zapewni\u0107 dost\u0119pno\u015b\u0107 swojej strony internetowej zgodnie z przepisami ustawy z dnia 4\u00a0kwietnia 2019\u00a0r. o\u00a0dost\u0119pno\u015bci cyfrowej stron internetowych i\u00a0aplikacji mobilnych podmiot\u00f3w publicznych. O\u015bwiadczenie w sprawie dost\u0119pno\u015bci ma zastosowanie do strony internetowej\u00a0Katolickiej Szko\u0142y Podstawowej im. Maryi z Nazaretu w Kielcach.<\/p>\n<p><em>Data publikacji strony internetowej:\u00a0<\/em>2020-10-01<br \/>\n<em>Data ostatniej istotnej aktualizacji:<\/em>\u00a02024-11-28<\/p>\n<p><strong>STATUS POD WZGL\u0118DEM ZGODNO\u015aCI Z USTAW\u0104:<\/strong><\/p>\n<p>Strona internetowa jest <strong>cz\u0119\u015bciowo zgodna<\/strong> z ustaw\u0105 z dnia 4 kwietnia 2019 r. (Dz. U. z 2023 r. poz. 82) o dost\u0119pno\u015bci cyfrowej stron internetowych i aplikacji mobilnych podmiot\u00f3w publicznych z powodu niezgodno\u015bci lub wy\u0142\u0105cze\u0144 wymienionych poni\u017cej:<\/p>\n<ul style=\"list-style-type: disc;\">\n<li>zdj\u0119cia z wydarze\u0144 nie posiadaj\u0105 opis\u00f3w alternatywnych<\/li>\n<li>mapy s\u0105 wy\u0142\u0105czone z obowi\u0105zku zapewniania dost\u0119pno\u015bci<\/li>\n<li>dokumenty w PDF nie s\u0105 dokumentami edytowalnymi<\/li>\n<li>cz\u0119\u015b\u0107 plik\u00f3w\u00a0 nie\u00a0 jest\u00a0 dost\u0119pnych\u00a0 cyfrowo<\/li>\n<\/ul>\n<p>&nbsp;<\/p>\n<p><strong>INFORMACJE DODATKOWE \u2013 STRONA POSIADA:<\/strong><\/p>\n<p>Narz\u0119dzie u\u0142atwie\u0144 dost\u0119pu:<\/p>\n<ul>\n<li>podwy\u017cszony kontrast<\/li>\n<li>mo\u017cliwo\u015b\u0107 zmiany rozmiaru liter<\/li>\n<li>jasne t\u0142o<\/li>\n<\/ul>\n<p>&nbsp;<\/p>\n<p><strong>PRZYGOTOWANIE DEKLARACJI W SPRAWIE DOST\u0118PNO\u015aCI<\/strong><\/p>\n<p><em>Deklaracj\u0119 sporz\u0105dzono dnia:<\/em>\u00a02021-03-03<br \/>\n<em>Deklaracj\u0119 zosta\u0142a ostatnio poddana przegl\u0105dowi i aktualizacji dnia:<\/em>\u00a02024-10-03<\/p>\n<p>Deklaracj\u0119 sporz\u0105dzono na podstawie samooceny.<\/p>\n<p>&nbsp;<\/p>\n<p><strong>INFORMACJE ZWROTNE I DANE KONTAKTOWE<\/strong><\/p>\n<p>Za rozpatrywanie uwag i wniosk\u00f3w odpowiada:\u00a0s. Danuta \u0141asek.<br \/>\nE-mail:\u00a0dyrektor@kspjadwiga.pl<br \/>\nTelefon:\u00a0+48 534 979 557<\/p>\n<p><strong>KA\u017bDY MA PRAWO:<\/strong><\/p>\n<ul>\n<li>zg\u0142osi\u0107 uwagi dotycz\u0105ce dost\u0119pno\u015bci cyfrowej strony lub jej elementu,<\/li>\n<li>zg\u0142osi\u0107 \u017c\u0105danie zapewnienia dost\u0119pno\u015bci cyfrowej strony lub jej elementu,<\/li>\n<li>wnioskowa\u0107 o udost\u0119pnienie niedost\u0119pnej informacji w innej alternatywnej formie.<\/li>\n<\/ul>\n<p>&nbsp;<\/p>\n<p><strong>\u017b\u0105danie musi zawiera\u0107:<\/strong><\/p>\n<ul>\n<li>dane kontaktowe osoby zg\u0142aszaj\u0105cej,<\/li>\n<li>wskazanie strony lub elementu strony, kt\u00f3rej dotyczy \u017c\u0105danie,<\/li>\n<li>wskazanie dogodnej formy udost\u0119pnienia informacji, je\u015bli \u017c\u0105danie dotyczy udost\u0119pnienia w formie alternatywnej informacji niedost\u0119pnej.<\/li>\n<\/ul>\n<p>Rozpatrzenie zg\u0142oszenia powinno nast\u0105pi\u0107 niezw\u0142ocznie, najp\u00f3\u017aniej w ci\u0105gu 7 dni. Je\u015bli w tym terminie zapewnienie dost\u0119pno\u015bci albo zapewnienie dost\u0119pu w alternatywnej formie nie jest mo\u017cliwe, powinno nast\u0105pi\u0107 najdalej w ci\u0105gu 2 miesi\u0119cy od daty zg\u0142oszenia.<\/p>\n<p>&nbsp;<\/p>\n<p><strong>SKARGI I ODWO\u0141ANIA<\/strong><\/p>\n<p>Na niedotrzymanie tych termin\u00f3w oraz na odmow\u0119 realizacji \u017c\u0105dania mo\u017cna z\u0142o\u017cy\u0107 skarg\u0119 do organu nadzoruj\u0105cego poczt\u0105 lub drog\u0105 elektroniczn\u0105 na adres:<\/p>\n<p><strong>ORGAN NADZORUJ\u0104CY:<\/strong> Rzecznik Praw Obywatelskich: www.rpo.gov.pl<\/p>\n<p>\u201eNazwa organu odwo\u0142awczego\u201d o\u015bwiadcza, \u017ce ka\u017cdy ma prawo do wyst\u0105pienia z \u017c\u0105daniem zapewnienia dost\u0119pno\u015bci cyfrowej strony internetowej, aplikacji mobilnej lub jakiego\u015b ich elementu. Mo\u017cna tak\u017ce za\u017c\u0105da\u0107 udost\u0119pnienia informacji za pomoc\u0105 alternatywnego sposobu dost\u0119pu, na przyk\u0142ad przez odczytanie niedost\u0119pnego cyfrowo dokumentu, opisanie zawarto\u015bci filmu bez audiodeskrypcji itp. \u017b\u0105danie powinno zawiera\u0107 dane osoby zg\u0142aszaj\u0105cej \u017c\u0105danie, wskazanie, o kt\u00f3r\u0105 stron\u0119 internetow\u0105 lub aplikacj\u0119 mobiln\u0105 chodzi oraz spos\u00f3b kontaktu. Je\u017celi osoba \u017c\u0105daj\u0105ca zg\u0142asza potrzeb\u0119 otrzymania informacji za pomoc\u0105 alternatywnego sposobu dost\u0119pu, powinna tak\u017ce okre\u015bli\u0107 dogodny dla niej spos\u00f3b przedstawienia tej informacji. Podmiot publiczny powinien zrealizowa\u0107 \u017c\u0105danie niezw\u0142ocznie, nie p\u00f3\u017aniej ni\u017c w ci\u0105gu 7 dni od dnia wyst\u0105pienia z \u017c\u0105daniem. Je\u017celi dotrzymanie tego terminu nie jest mo\u017cliwe, podmiot publiczny niezw\u0142ocznie informuje o tym wnosz\u0105cego \u017c\u0105danie, kiedy realizacja \u017c\u0105dania b\u0119dzie mo\u017cliwa, przy czym termin ten nie mo\u017ce by\u0107 d\u0142u\u017cszy ni\u017c 2 miesi\u0105ce od dnia wyst\u0105pienia z \u017c\u0105daniem. Je\u017celi zapewnienie dost\u0119pno\u015bci cyfrowej nie jest mo\u017cliwe, podmiot publiczny mo\u017ce zaproponowa\u0107 alternatywny spos\u00f3b dost\u0119pu do informacji. W przypadku, gdy podmiot publiczny odm\u00f3wi realizacji \u017c\u0105dania zapewnienia dost\u0119pno\u015bci lub alternatywnego sposobu dost\u0119pu do informacji, wnosz\u0105cy \u017c\u0105danie mo\u017cne z\u0142o\u017cy\u0107 skarg\u0119 w sprawie zapewniana dost\u0119pno\u015bci cyfrowej strony internetowej, aplikacji mobilnej lub elementu strony internetowej, lub aplikacji mobilnej. Po wyczerpaniu wskazanej wy\u017cej procedury mo\u017cna tak\u017ce z\u0142o\u017cy\u0107 wniosek do\u00a0<a href=\"https:\/\/www.rpo.gov.pl\/content\/jak-zglosic-sie-do-rzecznika-praw-obywatelskich\">Rzecznika Praw Obywatelskich.<\/a><\/p>\n<p>&nbsp;<\/p>\n<p><strong>DOST\u0118PNO\u015a\u0106 ARCHITEKTONICZNA<\/strong><\/p>\n<ol>\n<li>Do budynku szko\u0142y prowadzi g\u0142\u00f3wne wej\u015bcie znajduj\u0105ce si\u0119 od ulicy Bukowej, prowadz\u0105 do niego schody. Od ul. Marsza\u0142kowskiej mo\u017cna skorzysta\u0107 z podjazdu. Ponadto szko\u0142a posiada dodatkowe wej\u015bcia od strony ul. Marsza\u0142kowskiej, do kt\u00f3rych r\u00f3wnie\u017c prowadz\u0105 schody.<\/li>\n<li>Dla os\u00f3b na w\u00f3zkach dost\u0119pny jest tylko korytarz i pomieszczenia w pawilonie A.<\/li>\n<li>Portiernia szko\u0142y znajduje si\u0119 przy wej\u015bciu g\u0142\u00f3wnym, po lewej stronie.<\/li>\n<li>W budynku na ka\u017cdym poziomie (parter, 1 pi\u0119tro) znajduje si\u0119 korytarz. Budynek nie posiada wind.<\/li>\n<li>Budynek jest wielokondygnacyjny, du\u017ca ilo\u015b\u0107 schod\u00f3w na wielu poziomach uniemo\u017cliwia przemieszczanie si\u0119 na w\u00f3zku inwalidzkim.<\/li>\n<li>W budynku nie ma dostosowa\u0144 dla os\u00f3b niepe\u0142nosprawnych (toalety, barierki).<\/li>\n<li>Szko\u0142a nie posiada p\u0119tli indukcyjnych. W budynku nie ma oznacze\u0144 w alfabecie brajla, ani oznacze\u0144 kontrastowych lub w druku powi\u0119kszonym dla os\u00f3b niewidomych i s\u0142abowidz\u0105cych.<\/li>\n<li>Na terenie szko\u0142y jest kilka miejsc parkingowych. Brak wydzielenia miejsca postojowego dla os\u00f3b niepe\u0142nosprawnych<\/li>\n<li>Osobami oddelegowanymi do udzielania informacji przy wej\u015bciu g\u0142\u00f3wnym s\u0105 pracownicy obs\u0142ugi. W szkole nie ma mo\u017cliwo\u015bci skorzystania z t\u0142umacza j\u0119zyka migowego.<\/li>\n<li>Zgodnie z zarz\u0105dzeniem Siostry dyrektor do szko\u0142y mo\u017ce wej\u015b\u0107 osoba z psem asystuj\u0105cym i psem przewodnikiem.<\/li>\n<\/ol>\n<p>[\/vc_column_text][\/vc_column][\/vc_row][vc_row][vc_column][vc_column_text]<\/li>\n<\/ol>\n<p>[\/vc_column_text][\/vc_column][\/vc_row]<\/p>\n","protected":false},"excerpt":{"rendered":"<p>[vc_row][vc_column][vc_column_text]Katolicka Szko\u0142a Podstawowa im. Maryi z Nazaretu w Kielcach\u00a0zobowi\u0105zuje si\u0119 zapewni\u0107 dost\u0119pno\u015b\u0107 swojej strony internetowej zgodnie z przepisami ustawy z dnia 4\u00a0kwietnia 2019\u00a0r. o\u00a0dost\u0119pno\u015bci cyfrowej stron internetowych i\u00a0aplikacji mobilnych podmiot\u00f3w publicznych. O\u015bwiadczenie w sprawie dost\u0119pno\u015bci ma zastosowanie do strony internetowej\u00a0Katolickiej Szko\u0142y Podstawowej im. Maryi z Nazaretu w Kielcach. Data publikacji strony internetowej:\u00a02020-10-01 Data ostatniej istotnej [&hellip;]<\/p>\n","protected":false},"author":1,"featured_media":0,"parent":0,"menu_order":0,"comment_status":"closed","ping_status":"closed","template":"","meta":{"footnotes":""},"class_list":["post-6564","page","type-page","status-publish","hentry"],"_links":{"self":[{"href":"https:\/\/kspnazaret.pl\/index.php?rest_route=\/wp\/v2\/pages\/6564","targetHints":{"allow":["GET"]}}],"collection":[{"href":"https:\/\/kspnazaret.pl\/index.php?rest_route=\/wp\/v2\/pages"}],"about":[{"href":"https:\/\/kspnazaret.pl\/index.php?rest_route=\/wp\/v2\/types\/page"}],"author":[{"embeddable":true,"href":"https:\/\/kspnazaret.pl\/index.php?rest_route=\/wp\/v2\/users\/1"}],"replies":[{"embeddable":true,"href":"https:\/\/kspnazaret.pl\/index.php?rest_route=%2Fwp%2Fv2%2Fcomments&post=6564"}],"version-history":[{"count":7,"href":"https:\/\/kspnazaret.pl\/index.php?rest_route=\/wp\/v2\/pages\/6564\/revisions"}],"predecessor-version":[{"id":9874,"href":"https:\/\/kspnazaret.pl\/index.php?rest_route=\/wp\/v2\/pages\/6564\/revisions\/9874"}],"wp:attachment":[{"href":"https:\/\/kspnazaret.pl\/index.php?rest_route=%2Fwp%2Fv2%2Fmedia&parent=6564"}],"curies":[{"name":"wp","href":"https:\/\/api.w.org\/{rel}","templated":true}]}}