{"id":6501,"date":"2021-02-16T13:18:47","date_gmt":"2021-02-16T12:18:47","guid":{"rendered":"http:\/\/www.kspnazaret.pl\/?page_id=6501"},"modified":"2021-02-16T13:37:42","modified_gmt":"2021-02-16T12:37:42","slug":"regulamin-zajec-na-basenie","status":"publish","type":"page","link":"https:\/\/kspnazaret.pl\/?page_id=6501","title":{"rendered":"Regulamin zaj\u0119\u0107 na basenie"},"content":{"rendered":"\n<div class=\"wp-block-image is-style-rounded\"><figure class=\"alignright\"><img loading=\"lazy\" decoding=\"async\" width=\"150\" height=\"150\" src=\"http:\/\/www.kspnazaret.pl\/wp-content\/uploads\/2021\/02\/plywak-150x150.jpg\" alt=\"\" class=\"wp-image-6500\" srcset=\"https:\/\/kspnazaret.pl\/wp-content\/uploads\/2021\/02\/plywak-150x150.jpg 150w, https:\/\/kspnazaret.pl\/wp-content\/uploads\/2021\/02\/plywak-75x75.jpg 75w, https:\/\/kspnazaret.pl\/wp-content\/uploads\/2021\/02\/plywak.jpg 224w\" sizes=\"auto, (max-width: 150px) 100vw, 150px\" \/><\/figure><\/div>\n\n\n\n<ol class=\"wp-block-list\" type=\"1\" id=\"block-edc8921f-b21c-46f2-a988-2fb2b8a52b6a\"><li>Udzia\u0142 uczni\u00f3w w zaj\u0119ciach basenowych jest dobrowolny.<\/li><li>W zaj\u0119ciach mog\u0105 bar\u0107 udzia\u0142 uczniowie, kt\u00f3rych rodzice z\u0142o\u017cyli stosown\u0105 deklaracj\u0119 oraz nie maj\u0105 przeciwwskaza\u0144 zdrowotnych (za\u0142. do regulaminu).<\/li><li>W ramach zaj\u0119\u0107 basenowych uczniowie klas IV-VIII mog\u0105 realizowa\u0107 czwart\u0105 godzin\u0119 wychowania fizycznego. W tym przypadku:<ol><li>obecno\u015b\u0107 ucznia na zaj\u0119ciach jest obowi\u0105zkowa oraz podlega wszystkim prawom i&nbsp;obowi\u0105zkom statutowym, w tym dotycz\u0105cym zwalniania i&nbsp;usprawiedliwiania nieobecno\u015bci;<\/li><li>udzia\u0142 w zaj\u0119ciach jest odnotowywany w dzienniku lekcyjnym;<\/li><li>wiedza i umiej\u0119tno\u015bci ucznia podlegaj\u0105 ocenie, kt\u00f3ra stanowi element sk\u0142adowy oceniania bie\u017c\u0105cego z wychowania fizycznego.<\/li><\/ol><\/li><li>Osoby z objawami infekcji, ranami i zmianami sk\u00f3rnymi nie mog\u0105 uczestniczy\u0107 w&nbsp;zaj\u0119ciach.<\/li><li>Przy wej\u015bciu na obiekt obowi\u0105zuje dezynfekcja r\u0105k.<\/li><li>Na terenie obiektu do momentu przej\u015bcia z szatni na nieck\u0119 basenow\u0105 obowi\u0105zuje nakaz zas\u0142aniania ust i nosa.<\/li><li>Po obiekcie p\u0142ywalni uczniowie poruszaj\u0105 si\u0119 tylko w klapkach k\u0105pielowych.<\/li><li>Na hali basenowej uczni\u00f3w obowi\u0105zuje str\u00f3j k\u0105pielowy oraz gumowy czepek k\u0105pielowy.<\/li><li>Ka\u017cdy uczestnik przed wej\u015bciem na hal\u0119 p\u0142ywalni i po wyj\u015bciu z basenu zobowi\u0105zany jest skorzysta\u0107 z natrysku.<\/li><li>Na hal\u0119 basenow\u0105 wszyscy uczestnicy grupy wchodz\u0105 r\u00f3wnocze\u015bnie pod nadzorem instruktora.<\/li><li>Zaj\u0119cia na p\u0142ywalni odbywaj\u0105 si\u0119 wy\u0142\u0105cznie w obecno\u015bci ratownik\u00f3w.<\/li><li>Uczniowie zobowi\u0105zani s\u0105 do s\u0142uchania polece\u0144 zar\u00f3wno instruktora p\u0142ywania jak i&nbsp;ratownik\u00f3w pracuj\u0105cych na basenie.<\/li><li>Na jednego instruktora przypada max. 15 uczni\u00f3w.<\/li><li>Uczniowie zobowi\u0105zani s\u0105 do bezwzgl\u0119dnego przestrzegania bezpiecze\u0144stwa. W&nbsp;szczeg\u00f3lno\u015bci zabrania si\u0119:<\/li><li>biega\u0107 po obej\u015bciach i przy basenie oraz skaka\u0107 do wody bez zezwolenia ratownika lub opiekuna grupy;<ol><li>wpycha\u0107, chlapa\u0107 wod\u0105 lub zanurza\u0107 innych u\u017cytkownik\u00f3w basenu;<\/li><li>p\u0142ywa\u0107 z ostrymi przedmiotami na r\u0119kach np. zegarki, bi\u017cuteria;<\/li><li>u\u017cywa\u0107 sprz\u0119tu ratowniczego i p\u0142ywackiego do innych cel\u00f3w ni\u017c jest przeznaczony;<\/li><li>za\u0142atwia\u0107 potrzeby fizjologiczne w wodzie;<\/li><li>ha\u0142asowa\u0107;<\/li><li>niszczy\u0107 urz\u0105dzenia i sprz\u0119t p\u0142ywalni;<\/li><li>za\u015bmieca\u0107 i brudzi\u0107 teren krytej p\u0142ywalni.<\/li><\/ol><\/li><li>Wszelkie skaleczenia, urazy, z\u0142e samopoczucie, wypadki oraz zaobserwowane nieprawid\u0142owo\u015bci nale\u017cy zg\u0142osi\u0107 opiekunowi grupy albo ratownikowi.<\/li><li>Prowadz\u0105cy zaj\u0119cia zobowi\u0105zany jest do:<ol><li>nadzorowania wszystkie dzieci, zw\u0142aszcza te, kt\u00f3re nie umiej\u0105 p\u0142ywa\u0107;<\/li><li>sprawdzenia stanu liczbowego grupy przed rozpocz\u0119ciem i na zako\u0144czenie zaj\u0119\u0107;<\/li><li>pilnowania bezpiecze\u0144stwa os\u00f3b przebywaj\u0105cych na p\u0142ywalni oraz w\u0142a\u015bciwego zachowania si\u0119 grupy w szatni, holu, toalecie.<\/li><\/ol><\/li><li>Wszelka niesubordynacja b\u0119dzie karana czasowym zawieszeniem w zaj\u0119ciach.<\/li><li>Zawieszenie, w zale\u017cno\u015bci od stopnia naruszenia regulaminu, &nbsp;mo\u017ce obejmowa\u0107:<ol><li>nakaz wyj\u015bcia z niecki basenowej i pozostawanie na terenie p\u0142ywalni do ko\u0144ca czasu trwania danych zaj\u0119\u0107;<\/li><li>okre\u015blon\u0105 liczb\u0119 zaj\u0119\u0107 na basenie;<\/li><li>wszystkie zaj\u0119cia do ko\u0144ca roku szkolnego.<\/li><\/ol><\/li><li>O czasie zawieszenia ucznia w zaj\u0119ciach decyduje instruktor, po uprzedniej rozmowie z&nbsp;uczniem oraz informacji skierowanej do rodzic\u00f3w za po\u015brednictwem dziennika elektronicznego.<\/li><li>Uczniowie udaj\u0105 si\u0119 na p\u0142ywalni\u0119 pod opiek\u0105 wyznaczonego nauczyciela, uczniom klas I-III towarzyszy przynajmniej dw\u00f3ch rodzic\u00f3w. Dy\u017curuj\u0105cy rodzice pilnuj\u0105 dzieci w przebieralni na basenie, pomagaj\u0105 w wysuszeniu w\u0142os\u00f3w oraz ubraniu si\u0119.<\/li><\/ol>\n","protected":false},"excerpt":{"rendered":"<p>Udzia\u0142 uczni\u00f3w w zaj\u0119ciach basenowych jest dobrowolny. W zaj\u0119ciach mog\u0105 bar\u0107 udzia\u0142 uczniowie, kt\u00f3rych rodzice z\u0142o\u017cyli stosown\u0105 deklaracj\u0119 oraz nie maj\u0105 przeciwwskaza\u0144 zdrowotnych (za\u0142. do regulaminu). W ramach zaj\u0119\u0107 basenowych uczniowie klas IV-VIII mog\u0105 realizowa\u0107 czwart\u0105 godzin\u0119 wychowania fizycznego. W tym przypadku: obecno\u015b\u0107 ucznia na zaj\u0119ciach jest obowi\u0105zkowa oraz podlega wszystkim prawom i&nbsp;obowi\u0105zkom statutowym, w [&hellip;]<\/p>\n","protected":false},"author":4,"featured_media":6500,"parent":0,"menu_order":0,"comment_status":"closed","ping_status":"closed","template":"","meta":{"footnotes":""},"class_list":["post-6501","page","type-page","status-publish","has-post-thumbnail","hentry"],"_links":{"self":[{"href":"https:\/\/kspnazaret.pl\/index.php?rest_route=\/wp\/v2\/pages\/6501","targetHints":{"allow":["GET"]}}],"collection":[{"href":"https:\/\/kspnazaret.pl\/index.php?rest_route=\/wp\/v2\/pages"}],"about":[{"href":"https:\/\/kspnazaret.pl\/index.php?rest_route=\/wp\/v2\/types\/page"}],"author":[{"embeddable":true,"href":"https:\/\/kspnazaret.pl\/index.php?rest_route=\/wp\/v2\/users\/4"}],"replies":[{"embeddable":true,"href":"https:\/\/kspnazaret.pl\/index.php?rest_route=%2Fwp%2Fv2%2Fcomments&post=6501"}],"version-history":[{"count":4,"href":"https:\/\/kspnazaret.pl\/index.php?rest_route=\/wp\/v2\/pages\/6501\/revisions"}],"predecessor-version":[{"id":6506,"href":"https:\/\/kspnazaret.pl\/index.php?rest_route=\/wp\/v2\/pages\/6501\/revisions\/6506"}],"wp:featuredmedia":[{"embeddable":true,"href":"https:\/\/kspnazaret.pl\/index.php?rest_route=\/wp\/v2\/media\/6500"}],"wp:attachment":[{"href":"https:\/\/kspnazaret.pl\/index.php?rest_route=%2Fwp%2Fv2%2Fmedia&parent=6501"}],"curies":[{"name":"wp","href":"https:\/\/api.w.org\/{rel}","templated":true}]}}