{"id":6440,"date":"2021-02-15T15:46:38","date_gmt":"2021-02-15T14:46:38","guid":{"rendered":"http:\/\/www.kspnazaret.pl\/?page_id=6440"},"modified":"2026-03-03T14:04:47","modified_gmt":"2026-03-03T13:04:47","slug":"regulaminy","status":"publish","type":"page","link":"https:\/\/kspnazaret.pl\/?page_id=6440","title":{"rendered":"Regulaminy"},"content":{"rendered":"<p>[vc_row][vc_column][vc_column_text]<\/p>\n<div class=\"wp-block-media-text alignwide is-stacked-on-mobile is-vertically-aligned-center\" style=\"grid-template-columns: 15% auto;\">\n<div class=\"wp-block-media-text__content\">\n<p style=\"text-align: left;\"><a href=\"http:\/\/www.kspnazaret.pl\/?page_id=5895\" target=\"_blank\" rel=\"noreferrer noopener\"><strong>Regulamin rekrutacji<\/strong><\/a><\/p>\n<p>&nbsp;<\/p>\n<\/div>\n<\/div>\n<div class=\"wp-block-media-text alignwide is-stacked-on-mobile\" style=\"grid-template-columns: 15% auto;\">\n<div class=\"wp-block-media-text__content\">\n<p><a href=\"http:\/\/www.kspnazaret.pl\/?page_id=6501\" target=\"_blank\" rel=\"noreferrer noopener\"><strong>Regulamin zaj\u0119\u0107 na basenie<\/strong><\/a><\/p>\n<\/div>\n<\/div>\n<!-- \/wp:post-content -->\n<p><!-- wp:paragraph \/--><a href=\"https:\/\/www.kspnazaret.pl\/wp-content\/uploads\/2021\/08\/9.-Funkcjonowanie-szkoly-w-okresie-epidemii-08.2021.pdf\"><span style=\"color: #0000ff;\"><strong>Regulamin funkcjonowania szko\u0142y w czasie epidemii COVID-19<\/strong><\/span><\/a><\/p>\n<p style=\"text-align: left;\"><a href=\"https:\/\/www.kspnazaret.pl\/wp-content\/uploads\/2021\/10\/Zasady-korzystania-z-gabinetu-profilaktyki-zdrowotnej-i-pomocy-przedlekarskiej-Katolickiej-Szkoly-Podstawowej-im.docx.pdf\"><strong>Zasady korzystania z gabinetu profilaktyki zdrowotnej<\/strong><\/a><\/p>\n<p style=\"text-align: left;\"><strong><a href=\"https:\/\/kspnazaret.pl\/wp-content\/uploads\/2025\/02\/Zasady-udzielania-ppp-KSP-2024.pdf\">Zasady udzielania pomocy psychologiczno-pedagogicznej:<\/a><\/strong><\/p>\n<p>1. <a href=\"https:\/\/kspnazaret.pl\/wp-content\/uploads\/2025\/02\/Prosba-rodzica-o-opinie-zal.-11.docx\">Pro\u015bba o opini\u0119<\/a><\/p>\n<p>2. <a href=\"https:\/\/kspnazaret.pl\/wp-content\/uploads\/2025\/02\/Wniosek-o-objecie-ppp-zal.-2.docx\">Pro\u015bba o obj\u0119cie PPP<\/a><\/p>\n<p><strong><a href=\"https:\/\/kspnazaret.pl\/wp-content\/uploads\/2022\/05\/Regulamin-uslugi-mLegitymacja.pdf\">Regulamin us\u0142ugi mLegitymacja<\/a><\/strong><\/p>\n<p><a href=\"https:\/\/kspnazaret.pl\/wp-content\/uploads\/2025\/02\/REGULAMIN-NAGROD-I-WYROZNIEN-pop.pdf\"><strong>Regulamin nagr\u00f3d i wyr\u00f3\u017cnie\u0144<\/strong><\/a><\/p>\n<p><a href=\"https:\/\/kspnazaret.pl\/wp-content\/uploads\/2025\/02\/regulamin-udzielania-kar.pdf\"><strong>Regulamin udzielania kar<\/strong><\/a><\/p>\n<p>[\/vc_column_text][\/vc_column][\/vc_row]<\/p>\n","protected":false},"excerpt":{"rendered":"<p>[vc_row][vc_column][vc_column_text] Regulamin rekrutacji &nbsp; Regulamin zaj\u0119\u0107 na basenie Regulamin funkcjonowania szko\u0142y w czasie epidemii COVID-19 Zasady korzystania z gabinetu profilaktyki zdrowotnej Zasady udzielania pomocy psychologiczno-pedagogicznej: 1. Pro\u015bba o opini\u0119 2. Pro\u015bba o obj\u0119cie PPP Regulamin us\u0142ugi mLegitymacja Regulamin nagr\u00f3d i wyr\u00f3\u017cnie\u0144 Regulamin udzielania kar [\/vc_column_text][\/vc_column][\/vc_row]<\/p>\n","protected":false},"author":1,"featured_media":0,"parent":0,"menu_order":0,"comment_status":"closed","ping_status":"closed","template":"","meta":{"footnotes":""},"class_list":["post-6440","page","type-page","status-publish","hentry"],"_links":{"self":[{"href":"https:\/\/kspnazaret.pl\/index.php?rest_route=\/wp\/v2\/pages\/6440","targetHints":{"allow":["GET"]}}],"collection":[{"href":"https:\/\/kspnazaret.pl\/index.php?rest_route=\/wp\/v2\/pages"}],"about":[{"href":"https:\/\/kspnazaret.pl\/index.php?rest_route=\/wp\/v2\/types\/page"}],"author":[{"embeddable":true,"href":"https:\/\/kspnazaret.pl\/index.php?rest_route=\/wp\/v2\/users\/1"}],"replies":[{"embeddable":true,"href":"https:\/\/kspnazaret.pl\/index.php?rest_route=%2Fwp%2Fv2%2Fcomments&post=6440"}],"version-history":[{"count":42,"href":"https:\/\/kspnazaret.pl\/index.php?rest_route=\/wp\/v2\/pages\/6440\/revisions"}],"predecessor-version":[{"id":10707,"href":"https:\/\/kspnazaret.pl\/index.php?rest_route=\/wp\/v2\/pages\/6440\/revisions\/10707"}],"wp:attachment":[{"href":"https:\/\/kspnazaret.pl\/index.php?rest_route=%2Fwp%2Fv2%2Fmedia&parent=6440"}],"curies":[{"name":"wp","href":"https:\/\/api.w.org\/{rel}","templated":true}]}}