{"id":6395,"date":"2021-02-11T13:09:21","date_gmt":"2021-02-11T12:09:21","guid":{"rendered":"http:\/\/www.kspnazaret.pl\/?page_id=6395"},"modified":"2021-02-11T13:11:07","modified_gmt":"2021-02-11T12:11:07","slug":"typowa-dwunastka-bariery-komunikacyjne","status":"publish","type":"page","link":"https:\/\/kspnazaret.pl\/?page_id=6395","title":{"rendered":"&#8222;TYPOWA DWUNASTKA&#8221; &#8211; BARIERY KOMUNIKACYJNE"},"content":{"rendered":"\n<p><strong>I. REAKCJE ZAWIERAJ\u0104CE GOTOW\u0104 PROPOZYCJ\u0118 ROZWI\u0104ZANIA<br>PROBLEMU<\/strong><\/p>\n\n\n\n<ol class=\"wp-block-list\"><li>Nakazywanie, polecanie, komenderowanie &#8211; m\u00f3wi\u0107 dziecku, co powinno robi\u0107; dawa\u0107 mu<br>dyspozycje lub rozkazy:<br>&#8222;Przesta\u0144 si\u0119 u\u017cala\u0107&#8221;.<br>&#8222;We\u017a si\u0119 w gar\u015b\u0107&#8221;.<br>Dziecko my\u015bli: moje uczucia i potrzeby s\u0105 niewa\u017cne; musz\u0119 zrobi\u0107 to, co chce: rodzic; nie<br>mo\u017cna zaufa\u0107 moim umiej\u0119tno\u015bciom.<br>Dziecko czuje: z\u0142o\u015b\u0107, oburzenie. l\u0119k przed rodzicielsk\u0105 sil\u0105, wrogo\u015b\u0107, agresj\u0119, bunt.<\/li><li>Ostrzeganie, upominanie, gro\u017aba &#8211; m\u00f3wi\u0107, jakie b\u0119d\u0105 nast\u0119pstwa, kiedy co\u015b zrobi, lub<br>czego\u015b nie zrobi:<br>&#8222;Jeszcze jedna taka uwaga i nie obejrzysz bajki&#8221;.<br>&#8222;Przesta\u0144 p\u0142aka\u0107, albo naprawd\u0119 b\u0119dziesz mia\u0142 do tego pow\u00f3d&#8221;.<br>Dziecko my\u015bli: nikt mnie nie rozumie, jestem sam, jestem niedobry<br>Dziecko czuje: l\u0119k, smutek, wrogo\u015b\u0107, ch\u0119\u0107 odwetu, bunt<\/li><li>Perswadowanie, moralizowanie, wyg\u0142aszanie kaza\u0144 &#8211; m\u00f3wi\u0107 o tym, co musi lub powinno<br>by\u0107 zrobione:<br>&#8222;Musisz zawsze okazywa\u0107 szacunek doros\u0142ym&#8221;.<br>&#8222;Nie powiniene\u015b tak si\u0119 zachowywa\u0107&#8221;.<br>Dziecko my\u015bli: oni zawsze wiedz\u0105 lepiej, jestem g\u0142upi, &#8222;o rany! ale zrz\u0119dzi&#8221;<br>Dziecko czuje: poczucie winy, bunt, poczucie ma\u0142ej warto\u015bci, znudzenie, niech\u0119\u0107<\/li><li>Doradzanie, sugerowanie, proponowanie rozwi\u0105za\u0144 &#8211; dostarczanie gotowych rozwi\u0105za\u0144<br>problem\u00f3w lub sytuacji:<br>&#8222;Musisz lepiej zorganizowa\u0107 sw\u00f3j dzie\u0144. W\u00f3wczas uda ci si\u0119 wszystko wykona\u0107&#8221;.<br>&#8222;Skoro Agnieszka nie chce si\u0119 z tob\u0105 bawi\u0107, to baw si\u0119 z Beatk\u0105&#8221;.<br>Dziecko my\u015bli: nie rozumie mnie; sama ju\u017c nie wiem, co robi\u0107<br>Dziecko czuje: osamotnienie, bezradno\u015b\u0107, zaw\u00f3d, niewiar\u0119 we w\u0142asne mo\u017cliwo\u015bci,<br>niepewno\u015b\u0107<\/li><li>Pouczanie, robienie wyk\u0142adu, dostarczanie logicznych argument\u00f3w:<br>&#8222;No c\u00f3\u017c, takie jest \u017cycie. Sprawy nie zawsze uk\u0142adaj\u0105 si\u0119 tak, jak chcemy. Musisz si\u0119 nauczy\u0107<br>przyjmowa\u0107 \u017cycie takie, jakim jest. Na tym \u015bwiecie nic nie jest doskona\u0142e&#8221;.<br>Dziecko my\u015bli: ale truje, to ja mam racj\u0119 i udowodni\u0119 mu to<br>Dziecko czuje: znu\u017cenie, niech\u0119\u0107, z\u0142o\u015b\u0107<br><br><strong>II. REAKCJE ZAWIERAJ\u0104CE OS\u0104D, OCEN\u0118 LUB POT\u0118PIENIE<\/strong><br><\/li><li>Os\u0105dzanie, krytykowanie, dezaprobata, pot\u0119pienie:<br>&#8222;Jeste\u015b po prostu leniwy&#8221;.<br>&#8222;Lubisz wszystko odk\u0142ada\u0107 na ostatni\u0105 chwil\u0119&#8221;.<\/li><\/ol>\n\n\n\n<p>Dziecko my\u015bli: ty te\u017c nie jeste\u015b taki \u015bwi\u0119ty; nieraz robisz tak samo, jak ja; nast\u0119pnym razem<br>nic ci nie powiem<br>Dziecko czuje: poczucie ni\u017cszej warto\u015bci, upokorzenie<\/p>\n\n\n\n<ol class=\"wp-block-list\" start=\"7\"><li>Zawstydzanie, obrzucanie wyzwiskami, o\u015bmieszanie, wy\u015bmiewanie:<br>&#8222;Ty chyba zupe\u0142nie zg\u0142upia\u0142e\u015b&#8221;.<br>&#8222;W tym wieku brud za paznokciami &#8211; nie spodziewa\u0142am si\u0119 tego po tobie&#8221;.<br>Dziecko my\u015bli: nic nie jestem wart, nikt mnie nie kocha, to ty jeste\u015b g\u0142upi<br>Dziecko czuje: poczucie odrzucenia, rozczarowanie, bunt, z\u0142o\u015b\u0107<\/li><li>Analizowanie, interpretowanie, diagnozowanie:<br>&#8222;Starasz si\u0119 wykr\u0119ci\u0107 od sprz\u0105tania&#8221;.<br>&#8222;Ty jeste\u015b po prostu zazdrosna o Ani\u0119&#8221;.<br>Dziecko my\u015bli: niczego przed ni\u0105 nie ukryj\u0119, przejrza\u0142a mnie \/\/nie ma racji, to nieprawda, ja<br>tak nie chcia\u0142em<br>Dziecko czuje: l\u0119k, zagro\u017cenie, poczucie obna\u017cenia \/\/ bunt, z\u0142o\u015b\u0107<br><br><strong>III. PR\u00d3BY POPRAWIENIA NASTROJU DZIECKA PRZEZ ODSUNI\u0118CIE<br>PROBLEMU LUB ZAPRZECZENIE, \u017bE ON KIEDYKOLWIEK ISTNIA\u0141<\/strong><br><\/li><li>Chwalenie, aprobowanie, wydawanie ocen pozytywnych:<br>&#8222;Jeste\u015b naprawd\u0119 zdolnym m\u0142odym cz\u0142owiekiem, \u017ce jako\u015b dasz sobie z tym rad\u0119&#8221;<br>&#8222;Jak ty pi\u0119knie rysujesz&#8221;.<br>Dziecko my\u015bli: to nieprawda; dalej nie wiem, co mam zrobi\u0107<br>Dziecko czuje: niepewno\u015b\u0107, dezorientacj\u0119, ch\u0119\u0107 zaprzeczenia<\/li><li>Uspokajanie, okazywanie wsp\u00f3\u0142czucia, pocieszanie, podnoszenie na duchu:<br>&#8222;Nie martw si\u0119, nic takiego si\u0119 nie sta\u0142o&#8221;.<br>&#8222;Nie jeste\u015b jedynym, ka\u017cdy to prze\u017cywa&#8221;.<br>Dziecko my\u015bli: nikt mnie nie rozumie; gdyby\u015b wiedzia\u0142a, jak ja si\u0119 boj\u0119, to by\u015b tak nie m\u00f3wi\u0142a<br>Dziecko czuje: zaw\u00f3d, niepewno\u015b\u0107, nieufno\u015b\u0107, osamotnienie<br><br><strong>IV. NAJCZ\u0118\u015aCIEJ STOSOWANA KATEGORIA, ZWYKLE PO TO, \u017bEBY LEPIEJ<br>POZNA\u0106 FAKTY I ZAPROPONOWA\u0106 W\u0141ASNE WYJ\u015aCIE, A NIE POM\u00d3C W<br>SAMODZIELNYM ROZWI\u0104ZANIU PROBLEMU PRZEZ DZIECKO<\/strong><br><\/li><li>Wypytywanie, indagowanie, krzy\u017cowy ogie\u0144 pyta\u0144:<br>&#8222;Gdzie idziesz? U kogo jest ta prywatka &#8211; czyja znam jego rodzic\u00f3w? Kim oni s\u0105? A czy cni<br>b\u0119d\u0105 w domu: O kt\u00f3rej wr\u00f3cisz? Czy mam po ciebie przyj\u015b\u0107, czy kto\u015b ci\u0119 odprowadzi?&#8221;<br>Dziecko my\u015bli: o co jej chodzi: nie ufa mi; znowu przes\u0142uchanie: nast\u0119pnym razem w og\u00f3le<br>jej nic nie powiem<br>Dziecko czuje: zagro\u017cenie, zniecierpliwienie, niech\u0119\u0107, bunt, zdenerwowanie<br><br><strong>V. UCIEKANIE OD CUDZYCH PROBLEM\u00d3W, ZBYWANIE<\/strong><br><\/li><li>Odwracanie uwagi, sarkazm, zabawianie, dowcipkowanie:<br>&#8222;Nie my\u015bl ju\u017c o tym, porozmawiajmy o czym\u015b przyjemnym&#8221;.<\/li><\/ol>\n\n\n\n<p>&#8222;Wydaje mi si\u0119, \u017ce kto\u015b wsta\u0142 dzi\u015b lew\u0105 nog\u0105&#8221;<br>Dziecko my\u015bli: w og\u00f3le ich nie obchodz\u0119, ignoruj\u0105 mnie; nie da si\u0119 z nimi pogada\u0107 &#8211; lepiej<br>p\u00f3jd\u0119 z tym do Wojtka<br>Dziecko czuje: poczucie odrzucenia, zranienia; niezrozumienie, rozczarowanie<\/p>\n","protected":false},"excerpt":{"rendered":"<p>I. REAKCJE ZAWIERAJ\u0104CE GOTOW\u0104 PROPOZYCJ\u0118 ROZWI\u0104ZANIAPROBLEMU Nakazywanie, polecanie, komenderowanie &#8211; m\u00f3wi\u0107 dziecku, co powinno robi\u0107; dawa\u0107 mudyspozycje lub rozkazy:&#8222;Przesta\u0144 si\u0119 u\u017cala\u0107&#8221;.&#8222;We\u017a si\u0119 w gar\u015b\u0107&#8221;.Dziecko my\u015bli: moje uczucia i potrzeby s\u0105 niewa\u017cne; musz\u0119 zrobi\u0107 to, co chce: rodzic; niemo\u017cna zaufa\u0107 moim umiej\u0119tno\u015bciom.Dziecko czuje: z\u0142o\u015b\u0107, oburzenie. l\u0119k przed rodzicielsk\u0105 sil\u0105, wrogo\u015b\u0107, agresj\u0119, bunt. Ostrzeganie, upominanie, gro\u017aba &#8211; [&hellip;]<\/p>\n","protected":false},"author":1,"featured_media":0,"parent":0,"menu_order":0,"comment_status":"closed","ping_status":"closed","template":"","meta":{"footnotes":""},"class_list":["post-6395","page","type-page","status-publish","hentry"],"_links":{"self":[{"href":"https:\/\/kspnazaret.pl\/index.php?rest_route=\/wp\/v2\/pages\/6395","targetHints":{"allow":["GET"]}}],"collection":[{"href":"https:\/\/kspnazaret.pl\/index.php?rest_route=\/wp\/v2\/pages"}],"about":[{"href":"https:\/\/kspnazaret.pl\/index.php?rest_route=\/wp\/v2\/types\/page"}],"author":[{"embeddable":true,"href":"https:\/\/kspnazaret.pl\/index.php?rest_route=\/wp\/v2\/users\/1"}],"replies":[{"embeddable":true,"href":"https:\/\/kspnazaret.pl\/index.php?rest_route=%2Fwp%2Fv2%2Fcomments&post=6395"}],"version-history":[{"count":3,"href":"https:\/\/kspnazaret.pl\/index.php?rest_route=\/wp\/v2\/pages\/6395\/revisions"}],"predecessor-version":[{"id":6399,"href":"https:\/\/kspnazaret.pl\/index.php?rest_route=\/wp\/v2\/pages\/6395\/revisions\/6399"}],"wp:attachment":[{"href":"https:\/\/kspnazaret.pl\/index.php?rest_route=%2Fwp%2Fv2%2Fmedia&parent=6395"}],"curies":[{"name":"wp","href":"https:\/\/api.w.org\/{rel}","templated":true}]}}