{"id":6390,"date":"2021-02-11T13:06:00","date_gmt":"2021-02-11T12:06:00","guid":{"rendered":"http:\/\/www.kspnazaret.pl\/?page_id=6390"},"modified":"2022-08-25T11:05:16","modified_gmt":"2022-08-25T09:05:16","slug":"dekalog-dla-rodzicow-i-wychowawcow","status":"publish","type":"page","link":"https:\/\/kspnazaret.pl\/?page_id=6390","title":{"rendered":"DEKALOG DLA RODZIC\u00d3W I WYCHOWAWC\u00d3W"},"content":{"rendered":"<p>[vc_row][vc_column][vc_column_text]<\/p>\n\n<ol class=\"wp-block-list\">\n<li>Nie upokarzaj dziecka, bo ono, tak jak ty, ma silne poczucie w\u0142asnej godno\u015bci.<\/li>\n<li>Staraj si\u0119 nie stosowa\u0107 takich metod, kt\u00f3rych sam w dzieci\u0144stwie nie akceptowa\u0142e\u015b.<\/li>\n<li>Pozwalaj dziecku dokonywa\u0107 wyboru najcz\u0119\u015bciej jak mo\u017cesz.<\/li>\n<li>Je\u015bli zachowa\u0142e\u015b si\u0119 wobec dziecka niew\u0142a\u015bciwie, &#8211; przepro\u015b je i wyt\u0142umacz si\u0119. Nie b\u00f3j si\u0119<br \/>utraty autorytetu &#8211; dziecko i tak wie, kiedy pope\u0142niasz b\u0142\u0119dy.<\/li>\n<li>Nigdy nie m\u00f3w \u017ale o dziecku, szczeg\u00f3lnie w obecno\u015bci innych os\u00f3b.<\/li>\n<li>Nie m\u00f3w <em>&#8222;zrobisz to, bo tak chc\u0119&#8221;<\/em> &#8211; je\u017celi musisz czego\u015b zabroni\u0107, zawsze to uzasadnij.<\/li>\n<li>Je\u015bli wydajesz polecenia dziecku, staraj si\u0119 nie sta\u0107 nad nim i m\u00f3wi\u0107 z g\u00f3ry swego<br \/>autorytetu.<\/li>\n<li>Nie musisz by\u0107 za wszelk\u0105 cen\u0119 konsekwentny, nie musisz by\u0107 w zgodzie z innymi<br \/>doros\u0142ymi przeciw dziecku, je\u017celi wiesz, \u017ce oni nie mieli racji.<\/li>\n<li>Gdy nie wiesz, jak post\u0105pi\u0107, pomy\u015bl, jak ty poczu\u0142by\u015b si\u0119, b\u0119d\u0105c dzieckiem.<\/li>\n<li>Staraj si\u0119 by\u0107 czasem adwokatem dziecka.<\/li>\n<\/ol>\n\n<p>(&#8222;Konwencja o prawach dziecka&#8221; przyj\u0119ta przez Zgromadzenie Og\u00f3lne ONZ 20.11.1989r.)<\/p>\n\n<p>&nbsp;<\/p>\n<p>[\/vc_column_text][\/vc_column][\/vc_row]<\/p>\n","protected":false},"excerpt":{"rendered":"<p>[vc_row][vc_column][vc_column_text] Nie upokarzaj dziecka, bo ono, tak jak ty, ma silne poczucie w\u0142asnej godno\u015bci. Staraj si\u0119 nie stosowa\u0107 takich metod, kt\u00f3rych sam w dzieci\u0144stwie nie akceptowa\u0142e\u015b. Pozwalaj dziecku dokonywa\u0107 wyboru najcz\u0119\u015bciej jak mo\u017cesz. Je\u015bli zachowa\u0142e\u015b si\u0119 wobec dziecka niew\u0142a\u015bciwie, &#8211; przepro\u015b je i wyt\u0142umacz si\u0119. Nie b\u00f3j si\u0119utraty autorytetu &#8211; dziecko i tak wie, kiedy [&hellip;]<\/p>\n","protected":false},"author":1,"featured_media":0,"parent":0,"menu_order":0,"comment_status":"closed","ping_status":"closed","template":"","meta":{"footnotes":""},"class_list":["post-6390","page","type-page","status-publish","hentry"],"_links":{"self":[{"href":"https:\/\/kspnazaret.pl\/index.php?rest_route=\/wp\/v2\/pages\/6390","targetHints":{"allow":["GET"]}}],"collection":[{"href":"https:\/\/kspnazaret.pl\/index.php?rest_route=\/wp\/v2\/pages"}],"about":[{"href":"https:\/\/kspnazaret.pl\/index.php?rest_route=\/wp\/v2\/types\/page"}],"author":[{"embeddable":true,"href":"https:\/\/kspnazaret.pl\/index.php?rest_route=\/wp\/v2\/users\/1"}],"replies":[{"embeddable":true,"href":"https:\/\/kspnazaret.pl\/index.php?rest_route=%2Fwp%2Fv2%2Fcomments&post=6390"}],"version-history":[{"count":2,"href":"https:\/\/kspnazaret.pl\/index.php?rest_route=\/wp\/v2\/pages\/6390\/revisions"}],"predecessor-version":[{"id":8278,"href":"https:\/\/kspnazaret.pl\/index.php?rest_route=\/wp\/v2\/pages\/6390\/revisions\/8278"}],"wp:attachment":[{"href":"https:\/\/kspnazaret.pl\/index.php?rest_route=%2Fwp%2Fv2%2Fmedia&parent=6390"}],"curies":[{"name":"wp","href":"https:\/\/api.w.org\/{rel}","templated":true}]}}