{"id":6164,"date":"2021-01-06T16:16:17","date_gmt":"2021-01-06T15:16:17","guid":{"rendered":"http:\/\/www.kspnazaret.pl\/?page_id=6164"},"modified":"2021-01-06T16:16:18","modified_gmt":"2021-01-06T15:16:18","slug":"rozdzial-4-postanowienia-koncowe","status":"publish","type":"page","link":"https:\/\/kspnazaret.pl\/?page_id=6164","title":{"rendered":"Rozdzia\u0142 4 Postanowienia ko\u0144cowe"},"content":{"rendered":"\n<ol class=\"wp-block-list\" type=\"1\"><li>Wersja robocza dokumentu pn. Zasady i normy ochrony ma\u0142oletnich oraz os\u00f3b nieporadnych przed przemoc\u0105 KODEKS BEZPIECZE\u0143STWA zosta\u0142a poddana konsultacji z udzia\u0142em Si\u00f3str dyrektorek plac\u00f3wek Zgromadzenia.<\/li><li>Po przeprowadzeniu konsultacji wersja robocza dokumentu zosta\u0142a przedstawiona Radzie prowincjalnej, kt\u00f3ra na posiedzeniu w dniu 6 czerwca 2017 roku pozytywnie zaopiniowa\u0142a KODEKS BEZPIECZE\u0143STWA.<\/li><li>Prze\u0142o\u017cona Prowincji po uzyskaniu pozytywnej opinii Rady, na podstawie Konstytucji Zgromadzenia Si\u00f3str Naj\u015bwi\u0119tszej Rodziny z Nazaretu \u2013 Prawa Mi\u0142o\u015bci \u2013 pkt. 7.18 e wyda\u0142a Zarz\u0105dzenie nr 1\/2017 w sprawie wprowadzenia w \u017cycie dokumentu pn. Zasady i normy ochrony ma\u0142oletnich oraz os\u00f3b nieporadnych przed przemoc\u0105 KODEKS BEZPIECZE\u0143STWA.<\/li><li>KODEKS BEZPIECZE\u0143STWA b\u0119dzie podlega\u0142 okresowej weryfikacji i nowelizacji. Procedura nowelizacji przebiega\u0107 b\u0119dzie wed\u0142ug tych samych zasad, jak procedura wdro\u017cenia KODEKSU BEZPIECZE\u0143STWA w Zgromadzeniu Si\u00f3str Naj\u015bwi\u0119tszej Rodziny z Nazaretu, Prowincji Krakowskiej.<\/li><\/ol>\n","protected":false},"excerpt":{"rendered":"<p>Wersja robocza dokumentu pn. Zasady i normy ochrony ma\u0142oletnich oraz os\u00f3b nieporadnych przed przemoc\u0105 KODEKS BEZPIECZE\u0143STWA zosta\u0142a poddana konsultacji z udzia\u0142em Si\u00f3str dyrektorek plac\u00f3wek Zgromadzenia. Po przeprowadzeniu konsultacji wersja robocza dokumentu zosta\u0142a przedstawiona Radzie prowincjalnej, kt\u00f3ra na posiedzeniu w dniu 6 czerwca 2017 roku pozytywnie zaopiniowa\u0142a KODEKS BEZPIECZE\u0143STWA. Prze\u0142o\u017cona Prowincji po uzyskaniu pozytywnej opinii Rady, [&hellip;]<\/p>\n","protected":false},"author":4,"featured_media":0,"parent":0,"menu_order":0,"comment_status":"closed","ping_status":"closed","template":"","meta":{"footnotes":""},"class_list":["post-6164","page","type-page","status-publish","hentry"],"_links":{"self":[{"href":"https:\/\/kspnazaret.pl\/index.php?rest_route=\/wp\/v2\/pages\/6164","targetHints":{"allow":["GET"]}}],"collection":[{"href":"https:\/\/kspnazaret.pl\/index.php?rest_route=\/wp\/v2\/pages"}],"about":[{"href":"https:\/\/kspnazaret.pl\/index.php?rest_route=\/wp\/v2\/types\/page"}],"author":[{"embeddable":true,"href":"https:\/\/kspnazaret.pl\/index.php?rest_route=\/wp\/v2\/users\/4"}],"replies":[{"embeddable":true,"href":"https:\/\/kspnazaret.pl\/index.php?rest_route=%2Fwp%2Fv2%2Fcomments&post=6164"}],"version-history":[{"count":1,"href":"https:\/\/kspnazaret.pl\/index.php?rest_route=\/wp\/v2\/pages\/6164\/revisions"}],"predecessor-version":[{"id":6165,"href":"https:\/\/kspnazaret.pl\/index.php?rest_route=\/wp\/v2\/pages\/6164\/revisions\/6165"}],"wp:attachment":[{"href":"https:\/\/kspnazaret.pl\/index.php?rest_route=%2Fwp%2Fv2%2Fmedia&parent=6164"}],"curies":[{"name":"wp","href":"https:\/\/api.w.org\/{rel}","templated":true}]}}