{"id":6162,"date":"2021-01-06T16:13:28","date_gmt":"2021-01-06T15:13:28","guid":{"rendered":"http:\/\/www.kspnazaret.pl\/?page_id=6162"},"modified":"2021-01-06T16:13:28","modified_gmt":"2021-01-06T15:13:28","slug":"rozdzial-4-wolontariat-w-placowkach-zgromadzenia","status":"publish","type":"page","link":"https:\/\/kspnazaret.pl\/?page_id=6162","title":{"rendered":"Rozdzia\u0142 4 Wolontariat w plac\u00f3wkach zgromadzenia"},"content":{"rendered":"\n<p><strong>Podstawa prawna:<\/strong><\/p>\n\n\n\n<p><em>Ustawa z dnia 24 kwietnia 2004 roku o dzia\u0142alno\u015bci po\u017cytku publicznego i o wolontariacie (Dz. U. z 2016 r., poz. 1817, 1948, Dz. U. z 2017 r., poz. 60).<\/em><\/p>\n\n\n\n<ol class=\"wp-block-list\" type=\"1\"><li>Dyrektor plac\u00f3wki Zgromadzenia mo\u017ce nawi\u0105zywa\u0107 z osobami, kt\u00f3re uko\u0144czy\u0142y 18 rok \u017cycia umowy o \u015bwiadczenia na podstawie przepis\u00f3w art. 42 \u2013 50 Ustawy o dzia\u0142alno\u015bci po\u017cytku publicznego i o wolontariacie.<\/li><li>Wolontariusz powinien posiada\u0107 kwalifikacje i spe\u0142nia\u0107 wymagania odpowiednie do rodzaju i zakresu wykonywanych \u015bwiadcze\u0144, je\u017celi obowi\u0105zek posiadania takich kwalifikacji i spe\u0142niania stosownych wymaga\u0144 wynika z odr\u0119bnych przepis\u00f3w.<\/li><li>\u015awiadczenia wolontariuszy s\u0105 wykonywane w zakresie, w spos\u00f3b i w czasie okre\u015blonych w porozumieniu z dyrektorem plac\u00f3wki. Porozumienie powinno zawiera\u0107 postanowienie o mo\u017cliwo\u015bci jego rozwi\u0105zania.<\/li><li>Dyrektor plac\u00f3wki Zgromadzenia jest obowi\u0105zany potwierdzi\u0107 na pi\u015bmie tre\u015b\u0107 porozumienia, o kt\u00f3rym mowa w pkt. 3, a tak\u017ce wyda\u0107 pisemne za\u015bwiadczenie o wykonaniu \u015bwiadcze\u0144 przez wolontariusza, w tym o zakresie wykonywanych \u015bwiadcze\u0144. Za\u0142\u0105cznikiem do niniejszego dokumentu jest aktualne za\u015bwiadczenie o niekaralno\u015bci wolontariusza.<\/li><li>Na pro\u015bb\u0119 wolontariusza dyrektor plac\u00f3wki Zgromadzenia mo\u017ce przed\u0142o\u017cy\u0107 pisemn\u0105 opini\u0119 o wykonaniu \u015bwiadcze\u0144 przez wolontariusza.<\/li><li>Do porozumie\u0144 zawieranych mi\u0119dzy plac\u00f3wk\u0105 Zgromadzenia a wolontariuszem w zakresie nieuregulowanym niniejsz\u0105 ustaw\u0105 stosuje si\u0119 przepisy ustawy z dnia 23 kwietnia 1964 r. &#8211; Kodeks cywilny.<\/li><li>Dyrektor plac\u00f3wki Zgromadzenia ma obowi\u0105zek:<ol><li>informowa\u0107 wolontariusza o ryzyku dla zdrowia i bezpiecze\u0144stwa zwi\u0105zanym z wykonywanymi \u015bwiadczeniami oraz o zasadach ochrony przed zagro\u017ceniami;<\/li><li>zapewni\u0107 wolontariuszowi, na dotycz\u0105cych pracownik\u00f3w zasadach okre\u015blonych w odr\u0119bnych przepisach, bezpieczne i higieniczne warunki wykonywania przez niego \u015bwiadcze\u0144, w tym \u2013 w zale\u017cno\u015bci od rodzaju \u015bwiadcze\u0144 i zagro\u017ce\u0144 zwi\u0105zanych z ich wykonywaniem \u2013 odpowiednie \u015brodki ochrony indywidualnej;<\/li><li>pokrywa\u0107, na dotycz\u0105cych pracownik\u00f3w zasadach okre\u015blonych w odr\u0119bnych przepisach, koszty podr\u00f3\u017cy s\u0142u\u017cbowych i diet.<\/li><\/ol><\/li><li>Plac\u00f3wka Zgromadzenia mo\u017ce pokrywa\u0107, na dotycz\u0105cych pracownik\u00f3w zasadach okre\u015blonych w odr\u0119bnych przepisach, tak\u017ce inne niezb\u0119dne koszty ponoszone przez wolontariusza, zwi\u0105zane z wykonywaniem \u015bwiadcze\u0144 na rzecz plac\u00f3wki.<\/li><li>Plac\u00f3wka Zgromadzenia mo\u017ce pokrywa\u0107 koszty szkole\u0144 wolontariuszy w zakresie wykonywanych przez nich \u015bwiadcze\u0144 okre\u015blonych w porozumieniu, o kt\u00f3rym mowa w pkt.\u00a07<\/li><li>Wolontariusz mo\u017ce, w formie pisemnej pod rygorem niewa\u017cno\u015bci, zwolni\u0107 korzystaj\u0105cego w ca\u0142o\u015bci lub w cz\u0119\u015bci z obowi\u0105zk\u00f3w wymienionych w pkt. 7.<\/li><li>Wolontariuszowi mog\u0105 przys\u0142ugiwa\u0107 \u015bwiadczenia zdrowotne na zasadach przewidzianych w przepisach o \u015bwiadczeniach opieki zdrowotnej finansowanych ze \u015brodk\u00f3w publicznych.<\/li><li>Wolontariuszowi przys\u0142uguje zaopatrzenie z tytu\u0142u wypadku przy wykonywaniu \u015bwiadcze\u0144, o kt\u00f3rych mowa w pkt. 1, na podstawie odr\u0119bnych przepis\u00f3w.<\/li><li>Wolontariuszowi, kt\u00f3ry wykonuje \u015bwiadczenia przez okres nie d\u0142u\u017cszy ni\u017c 30 dni, plac\u00f3wka zobowi\u0105zana jest zapewni\u0107 ubezpieczenie od nast\u0119pstw nieszcz\u0119\u015bliwych wypadk\u00f3w.<\/li><li>Dyrektor plac\u00f3wki Zgromadzenia powinien zapewni\u0107 wolontariuszowi ubezpieczenie od odpowiedzialno\u015bci cywilnej, w zakresie wykonywanych \u015bwiadcze\u0144.<\/li><li>Dyrektor plac\u00f3wki Zgromadzenia ma obowi\u0105zek poinformowa\u0107 wolontariusza o przys\u0142uguj\u0105cych mu prawach i ci\u0105\u017c\u0105cych obowi\u0105zkach oraz zapewni\u0107 dost\u0119pno\u015b\u0107 tych informacji.<\/li><li>Warto\u015b\u0107 \u015bwiadczenia wolontariusza nie stanowi darowizny na rzecz korzystaj\u0105cego w rozumieniu przepis\u00f3w Kodeksu cywilnego oraz przepis\u00f3w podatkowych.<\/li><\/ol>\n","protected":false},"excerpt":{"rendered":"<p>Podstawa prawna: Ustawa z dnia 24 kwietnia 2004 roku o dzia\u0142alno\u015bci po\u017cytku publicznego i o wolontariacie (Dz. U. z 2016 r., poz. 1817, 1948, Dz. U. z 2017 r., poz. 60). Dyrektor plac\u00f3wki Zgromadzenia mo\u017ce nawi\u0105zywa\u0107 z osobami, kt\u00f3re uko\u0144czy\u0142y 18 rok \u017cycia umowy o \u015bwiadczenia na podstawie przepis\u00f3w art. 42 \u2013 50 Ustawy o [&hellip;]<\/p>\n","protected":false},"author":4,"featured_media":0,"parent":0,"menu_order":0,"comment_status":"closed","ping_status":"closed","template":"","meta":{"footnotes":""},"class_list":["post-6162","page","type-page","status-publish","hentry"],"_links":{"self":[{"href":"https:\/\/kspnazaret.pl\/index.php?rest_route=\/wp\/v2\/pages\/6162","targetHints":{"allow":["GET"]}}],"collection":[{"href":"https:\/\/kspnazaret.pl\/index.php?rest_route=\/wp\/v2\/pages"}],"about":[{"href":"https:\/\/kspnazaret.pl\/index.php?rest_route=\/wp\/v2\/types\/page"}],"author":[{"embeddable":true,"href":"https:\/\/kspnazaret.pl\/index.php?rest_route=\/wp\/v2\/users\/4"}],"replies":[{"embeddable":true,"href":"https:\/\/kspnazaret.pl\/index.php?rest_route=%2Fwp%2Fv2%2Fcomments&post=6162"}],"version-history":[{"count":1,"href":"https:\/\/kspnazaret.pl\/index.php?rest_route=\/wp\/v2\/pages\/6162\/revisions"}],"predecessor-version":[{"id":6163,"href":"https:\/\/kspnazaret.pl\/index.php?rest_route=\/wp\/v2\/pages\/6162\/revisions\/6163"}],"wp:attachment":[{"href":"https:\/\/kspnazaret.pl\/index.php?rest_route=%2Fwp%2Fv2%2Fmedia&parent=6162"}],"curies":[{"name":"wp","href":"https:\/\/api.w.org\/{rel}","templated":true}]}}