{"id":6160,"date":"2021-01-06T16:10:11","date_gmt":"2021-01-06T15:10:11","guid":{"rendered":"http:\/\/www.kspnazaret.pl\/?page_id=6160"},"modified":"2021-01-06T16:10:11","modified_gmt":"2021-01-06T15:10:11","slug":"rozdzial-3-zasady-odbywania-stazu-oraz-praktyk-studenckich-w-placowkach-zgromadzenia","status":"publish","type":"page","link":"https:\/\/kspnazaret.pl\/?page_id=6160","title":{"rendered":"Rozdzia\u0142 3 Zasady odbywania sta\u017cu oraz praktyk studenckich w plac\u00f3wkach zgromadzenia"},"content":{"rendered":"\n<p><strong>Podstawa prawna<\/strong>:<\/p>\n\n\n\n<p><em>Ustawa z dnia 26 czerwca 1974 roku, Kodeks pracy (Dz. U. z 2014 r., poz. 1502, 1062, z 2015 r., poz. 1066, 1220, 1224, 1240, 1268, 1735, z 2016 r., poz. 868, 910, 960, 1053).<\/em><\/p>\n\n\n\n<ol class=\"wp-block-list\" type=\"1\"><li>Dyrektor plac\u00f3wki Zgromadzenia mo\u017ce przyjmowa\u0107 s\u0142uchaczy uczelni wy\u017cszych oraz innych szk\u00f3\u0142 oraz s\u0142uchaczy zak\u0142ad\u00f3w kszta\u0142cenia nauczycieli na praktyki dotycz\u0105ce przedmiotu ich kierunku kszta\u0142cenia.<\/li><li>Umowa reguluj\u0105ca zasady odbywania sta\u017cu albo praktyki studenckiej powinna uwzgl\u0119dnia\u0107:<ol><li>za\u0142o\u017cenia programu;<\/li><li>czas trwania i liczb\u0119 godzin;<\/li><li>zakres obowi\u0105zk\u00f3w;<\/li><li>rodzaj stanowiska pracy;<\/li><li>cele i tre\u015bci edukacyjne, maj\u0105ce uzasadnienie w programie kszta\u0142cenia student\u00f3w, s\u0142uchaczy \u2013 praktykant\u00f3w;<\/li><li>informacj\u0119 o obj\u0119ciu osoby kierowanej ubezpieczeniem od nieszcz\u0119\u015bliwych wypadk\u00f3w i od odpowiedzialno\u015bci cywilnej wraz ze wskazaniem numeru polisy ubezpieczeniowej;<\/li><li>zobowi\u0105zanie do z\u0142o\u017cenia aktualnego za\u015bwiadczenia o niekaralno\u015bci, z tym, \u017ce w uzasadnionych przypadkach dyrektor plac\u00f3wki mo\u017ce odst\u0105pi\u0107 od wymogu przed\u0142o\u017cenia za\u015bwiadczenia na rzecz o\u015bwiadczenia sta\u017cysty lub praktykanta.<\/li><\/ol><\/li><li>Po zako\u0144czeniu praktyki lub sta\u017cu nale\u017cy sporz\u0105dzi\u0107 dokument zawieraj\u0105cy informacje dotycz\u0105ce ich przebiegu, wskazuj\u0105cy ilo\u015b\u0107 absencji oraz inne uwagi zwi\u0105zane z wykonywaniem powierzonych obowi\u0105zk\u00f3w.<\/li><\/ol>\n","protected":false},"excerpt":{"rendered":"<p>Podstawa prawna: Ustawa z dnia 26 czerwca 1974 roku, Kodeks pracy (Dz. U. z 2014 r., poz. 1502, 1062, z 2015 r., poz. 1066, 1220, 1224, 1240, 1268, 1735, z 2016 r., poz. 868, 910, 960, 1053). Dyrektor plac\u00f3wki Zgromadzenia mo\u017ce przyjmowa\u0107 s\u0142uchaczy uczelni wy\u017cszych oraz innych szk\u00f3\u0142 oraz s\u0142uchaczy zak\u0142ad\u00f3w kszta\u0142cenia nauczycieli na praktyki [&hellip;]<\/p>\n","protected":false},"author":4,"featured_media":0,"parent":0,"menu_order":0,"comment_status":"closed","ping_status":"closed","template":"","meta":{"footnotes":""},"class_list":["post-6160","page","type-page","status-publish","hentry"],"_links":{"self":[{"href":"https:\/\/kspnazaret.pl\/index.php?rest_route=\/wp\/v2\/pages\/6160","targetHints":{"allow":["GET"]}}],"collection":[{"href":"https:\/\/kspnazaret.pl\/index.php?rest_route=\/wp\/v2\/pages"}],"about":[{"href":"https:\/\/kspnazaret.pl\/index.php?rest_route=\/wp\/v2\/types\/page"}],"author":[{"embeddable":true,"href":"https:\/\/kspnazaret.pl\/index.php?rest_route=\/wp\/v2\/users\/4"}],"replies":[{"embeddable":true,"href":"https:\/\/kspnazaret.pl\/index.php?rest_route=%2Fwp%2Fv2%2Fcomments&post=6160"}],"version-history":[{"count":1,"href":"https:\/\/kspnazaret.pl\/index.php?rest_route=\/wp\/v2\/pages\/6160\/revisions"}],"predecessor-version":[{"id":6161,"href":"https:\/\/kspnazaret.pl\/index.php?rest_route=\/wp\/v2\/pages\/6160\/revisions\/6161"}],"wp:attachment":[{"href":"https:\/\/kspnazaret.pl\/index.php?rest_route=%2Fwp%2Fv2%2Fmedia&parent=6160"}],"curies":[{"name":"wp","href":"https:\/\/api.w.org\/{rel}","templated":true}]}}