{"id":6151,"date":"2021-01-06T15:54:31","date_gmt":"2021-01-06T14:54:31","guid":{"rendered":"http:\/\/www.kspnazaret.pl\/?page_id=6151"},"modified":"2021-01-06T15:54:31","modified_gmt":"2021-01-06T14:54:31","slug":"2-2-2-1-procedura-interwencji-w-sytuacji-podejrzenia-o-doswiadczenie-przemocy-przez-podopiecznego","status":"publish","type":"page","link":"https:\/\/kspnazaret.pl\/?page_id=6151","title":{"rendered":"2.2.2.1. Procedura interwencji w sytuacji podejrzenia o do\u015bwiadczenie przemocy przez podopiecznego"},"content":{"rendered":"\n<p><strong>Podstawa prawna<\/strong><\/p>\n\n\n\n<ol class=\"wp-block-list\" type=\"1\"><li><em>Powszechna Deklaracja Praw Cz\u0142owieka<\/em><\/li><li><em>Ustawa z dnia 25 lutego 1964 roku, Kodeks rodzinny i opieku\u0144czy (Dz. U. 2017 roku, poz. 687)<\/em><\/li><li><em>Ustawa z dnia 29 lipca 2005 roku o przeciwdzia\u0142aniu przemocy w rodzinie (Dz. U. z 2005 roku Nr 180 poz. 1493 ze zm.)<\/em><\/li><li><em>Ustawa z dnia 6 czerwca 1997 roku, Kodeks Karny (Dz. U. z 1997 roku, Nr 88 poz. 553 ze zm.)<\/em><\/li><li><em>Rozporz\u0105dzenie Rady Ministr\u00f3w z dnia 13 wrze\u015bnia 2011 roku w sprawie procedury \u201eNiebieskie Karty\u201d oraz wzor\u00f3w formularzy \u201eNiebieska Karta\u201d (Dz. U. z 2011 roku Nr 209 poz. 1245)<\/em><\/li><li><em>Ustawa z dnia 19 sierpnia 1994 roku o ochronie zdrowia psychicznego (Dz. U. z 2016 r. poz. 546, 960, 1245)<\/em><\/li><\/ol>\n\n\n\n<p><strong>Cele procedury<\/strong><\/p>\n\n\n\n<ol class=\"wp-block-list\" type=\"1\"><li>Poni\u017csze przepisy s\u0142u\u017c\u0105 zagwarantowaniu wymaga\u0144 opisanych przepisami prawa, w sytuacji stwierdzenia zagro\u017cenia \u017cycia podopiecznego, wobec kt\u00f3rego jest stosowana przemoc w rodzinie lub poza ni\u0105, a tak\u017ce wobec podopiecznego, kt\u00f3ry ma kontakt z zachowaniami agresywnymi, niezale\u017cnie od \u017ar\u00f3d\u0142a pochodzenia takich zachowa\u0144.<\/li><li>Procedura okre\u015bla zakres odpowiedzialno\u015bci plac\u00f3wki Zgromadzenia jako instytucji oraz sposoby reagowania i rodzaj podejmowanych dzia\u0142a\u0144 w ramach przepis\u00f3w Ustawy o przeciwdzia\u0142aniu przemocy w rodzinie i Rozporz\u0105dzenia Rady Ministr\u00f3w w sprawie procedury \u201eNiebieskie Karty\u201d oraz wzor\u00f3w formularzy \u201eNiebieska Karta\u201d.<\/li><\/ol>\n\n\n\n<p><strong>Uczestnicy post\u0119powania<\/strong><\/p>\n\n\n\n<ol class=\"wp-block-list\" type=\"1\"><li>Rodzice, ma\u0142\u017conek podopiecznego, opiekunowie prawni, zst\u0119pni, opiekunowie faktyczni: w przypadku podejrzenia stosowania w rodzinie lub po za ni\u0105 przemocy wobec podopiecznego, czynno\u015bci podejmowane i realizowane w ramach procedury, zwane dalej dzia\u0142aniami, przeprowadza si\u0119 w obecno\u015bci os\u00f3b wskazanych na wst\u0119pie, o ile nie sprzeciwia si\u0119 temu dobro podopiecznego.<strong><\/strong><\/li><li>Pracownicy, wolontariusze, sta\u017cy\u015bci oraz wszystkie osoby zwi\u0105zane z plac\u00f3wkami Zgromadzenia na podstawie r\u00f3\u017cnorodnych podstaw prawnych i faktycznych: na wszystkich wymienionych powy\u017cej osobach spoczywa szczeg\u00f3lny obowi\u0105zek reagowania na wszelkie przypadki podejrzenia o fakcie krzywdzenia podopiecznego, niezale\u017cnie od tego kto jest \u017ar\u00f3d\u0142em takiej krzywdy.<strong><\/strong><\/li><li>Prze\u0142o\u017ceni Zgromadzenia i dyrektor plac\u00f3wki Zgromadzenia s\u0105 zobowi\u0105zani do udzielenia osobie skrzywdzonej pomocy psychologicznej, prawnej i duszpasterskiej, kt\u00f3ra ma s\u0142u\u017cy\u0107 poprawie jej sytuacji i jej najbli\u017cszych. Jednocze\u015bnie nale\u017cy zapewni\u0107 innym podopiecznym i pracownikom oraz innym osobom wymienionym w punkcie poprzedzaj\u0105cym poczucie bezpiecze\u0144stwa, zar\u00f3wno pod wzgl\u0119dem fizycznym jak i psychicznym.<strong><\/strong><\/li><\/ol>\n\n\n\n<p><strong>Zadania i rola plac\u00f3wek Zgromadzenia w \u015bwietle obowi\u0105zuj\u0105cych przepis\u00f3w<\/strong><\/p>\n\n\n\n<ol class=\"wp-block-list\" type=\"1\"><li>Ka\u017cdy, kto dowie si\u0119 mo\u017cliwo\u015bci pope\u0142nienia przest\u0119pstwa wobec osoby, kt\u00f3ra jest naszym podopiecznym albo o jakichkolwiek naruszeniach jego dobra, jest zobowi\u0105zany powiadomi\u0107 o tym dyrektora plac\u00f3wki Zgromadzenia, prze\u0142o\u017conych Zgromadzenia oraz organ powo\u0142any do \u015bcigania przest\u0119pstw. W ka\u017cdym takim przypadku konieczna jest reakcja, zgodna z wymogami niniejszej procedury, a nikomu wbrew ustanowionym normom nie mo\u017cna prowadzi\u0107 jakiejkolwiek formy dochodzenia prawdy i ustalania winnych.<\/li><li>Wszcz\u0119cie procedury \u201eNiebieskie Karty\u201d nast\u0119puje przez wype\u0142nienie formularza \u201eNiebieska Karta\u201d w przypadku powzi\u0119cia, w toku prowadzonych czynno\u015bci s\u0142u\u017cbowych lub zawodowych, podejrzenia o stosowaniu przemocy wobec podopiecznego lub w wyniku zg\u0142oszenia dokonanego przez cz\u0142onka rodziny lub przez osob\u0119 b\u0119d\u0105c\u0105 \u015bwiadkiem przemocy w rodzinie. Wszcz\u0119cie procedury nast\u0119puje przez wype\u0142nienie formularza \u201eNiebieska Karta \u2013 A\u201d przez przedstawiciela jednego z podmiot\u00f3w wymienionych w art. 9d ust. 2 Ustawy o przeciwdzia\u0142aniu przemocy w rodzinie, w obecno\u015bci osoby, co do kt\u00f3rej istnieje podejrzenie, \u017ce jest dotkni\u0119ta przemoc\u0105 w rodzinie.<\/li><li>Wz\u00f3r formularza \u201eNiebieska Karta \u2013 A\u201d stanowi za\u0142\u0105cznik nr 1 do Rozporz\u0105dzenia.<\/li><li>W przypadku braku mo\u017cliwo\u015bci wype\u0142nienia formularza \u201eNiebieska Karta \u2013 A\u201d z uwagi na nieobecno\u015b\u0107 osoby, co do kt\u00f3rej istnieje podejrzenie, \u017ce jest dotkni\u0119ta przemoc\u0105 w rodzinie, ze wzgl\u0119du na stan jej zdrowia lub zagro\u017cenie jej \u017cycia lub zdrowia wype\u0142nienie formularza \u201eNiebieska Karta \u2013 A\u201d nast\u0119puje niezw\u0142ocznie po nawi\u0105zaniu bezpo\u015bredniego kontaktu z t\u0105 osob\u0105 lub po ustaniu przyczyny uniemo\u017cliwiaj\u0105cej jego wype\u0142nienie. W przypadku gdy nawi\u0105zanie bezpo\u015bredniego kontaktu z osob\u0105, co do kt\u00f3rej istnieje podejrzenie, \u017ce jest dotkni\u0119ta przemoc\u0105 w rodzinie, jest niemo\u017cliwe, wype\u0142nienie formularza \u201eNiebieska Karta \u2013 A\u201d nast\u0119puje bez udzia\u0142u tej osoby.<\/li><li>Wszczynaj\u0105c procedur\u0119 podejmuje si\u0119 dzia\u0142ania interwencyjne maj\u0105ce na celu zapewnienie bezpiecze\u0144stwa osobie, co do kt\u00f3rej istnieje podejrzenie, \u017ce jest dotkni\u0119ta przemoc\u0105 w rodzinie.<\/li><li>Rozmow\u0119 z osob\u0105, co do kt\u00f3rej istnieje podejrzenie, \u017ce jest dotkni\u0119ta przemoc\u0105 w rodzinie, przeprowadza si\u0119 w warunkach gwarantuj\u0105cych swobod\u0119 wypowiedzi i poszanowanie godno\u015bci tej osoby oraz zapewniaj\u0105cych jej bezpiecze\u0144stwo.<\/li><li>W przypadku podejrzenia stosowania przemocy w rodzinie wobec podopiecznego, czynno\u015bci podejmowane i realizowane w ramach procedury przeprowadza si\u0119 w obecno\u015bci rodzic\u00f3w, ma\u0142\u017conka podopiecznego, opiekuna prawnego, zst\u0119pnych, opiekuna faktycznego chyba, \u017ce sprzeciwia si\u0119 temu dobro podopiecznego.<\/li><li>Dzia\u0142ania z udzia\u0142em podopiecznego, co do kt\u00f3rego istnieje podejrzenie, \u017ce jest dotkni\u0119te przemoc\u0105 w rodzinie, powinny by\u0107 prowadzone w obecno\u015bci psychologa.<\/li><li>Po wype\u0142nieniu formularza \u201eNiebieska Karta \u2013 A\u201d osobie, co do kt\u00f3rej istnieje podejrzenie, \u017ce jest dotkni\u0119ta przemoc\u0105 w rodzinie, przekazuje si\u0119 formularz \u201eNiebieska Karta \u2013 B\u201d.<\/li><li>Wz\u00f3r formularza \u201eNiebieska Karta \u2013 B\u201d stanowi za\u0142\u0105cznik nr 2 do Rozporz\u0105dzenia.<\/li><li>Je\u017celi osob\u0105, co do kt\u00f3rej istnieje podejrzenie, \u017ce jest dotkni\u0119ta przemoc\u0105 w rodzinie, jest podopieczny ubezw\u0142asnowolniony ca\u0142kowicie, formularz \u201eNiebieska Karta \u2013 B\u201d przekazuje si\u0119 opiekunowi prawnemu lub osobie, kt\u00f3ra zg\u0142osi\u0142a podejrzenie stosowania przemocy.<\/li><li>Formularza \u201eNiebieska Karta \u2013 B\u201d nie przekazuje si\u0119 osobie, wobec kt\u00f3rej istnieje podejrzenie, \u017ce stosuje przemoc w rodzinie.<\/li><li>Przekazanie orygina\u0142u wype\u0142nionego formularza \u201eNiebieska Karta \u2013 A\u201d do przewodnicz\u0105cego zespo\u0142u interdyscyplinarnego nast\u0119puje niezw\u0142ocznie, nie p\u00f3\u017aniej ni\u017c w ci\u0105gu siedmiu dni od dnia wszcz\u0119cia procedury. Je\u015bli formularz ma zosta\u0107 przekazany na okre\u015blony adres poczt\u0105, niezb\u0119dne jest nadanie go listem poleconym wraz ze zwrotnym potwierdzeniem odbioru. Zastosowanie niniejszej procedury nie zwalnia z obowi\u0105zku zawiadomienia organu powo\u0142anego do \u015bci\u0105gania przest\u0119pstw albo powiadomienia o dokonanych ustaleniach faktycznych, wydzia\u0142u rodzinnego i opieku\u0144czego w\u0142a\u015bciwego miejscowo s\u0105du rejonowego.<\/li><li>Kopi\u0119 wype\u0142nionego formularza \u201eNiebieska Karta \u2013 A\u201d pozostawia si\u0119 u wszczynaj\u0105cego procedur\u0119.<\/li><li>W ramach procedury upowa\u017cniony przedstawiciel plac\u00f3wki Zgromadzenia:<ol><li>udziela kompleksowych informacji o mo\u017cliwo\u015bciach uzyskania pomocy, w szczeg\u00f3lno\u015bci psychologicznej, prawnej, socjalnej i pedagogicznej, oraz wsparcia, w tym o instytucjach i podmiotach \u015bwiadcz\u0105cych specjalistyczn\u0105 pomoc na rzecz os\u00f3b dotkni\u0119tych przemoc\u0105 w rodzinie, mo\u017cliwo\u015bciach podj\u0119cia dalszych dzia\u0142a\u0144 maj\u0105cych na celu popraw\u0119 sytuacji osoby, co do kt\u00f3rej istnieje podejrzenie, \u017ce jest dotkni\u0119ta przemoc\u0105 w rodzinie,<\/li><li>organizuje niezw\u0142ocznie dost\u0119p do pomocy medycznej, je\u017celi wymaga tego stan zdrowia osoby, co do kt\u00f3rej istnieje podejrzenie, \u017ce jest dotkni\u0119ta przemoc\u0105 w rodzinie,\u00a0<\/li><li>mo\u017ce prowadzi\u0107 rozmowy z osobami, wobec kt\u00f3rych istnieje podejrzenie, \u017ce stosuj\u0105 przemoc w rodzinie, na temat konsekwencji stosowania przemocy w rodzinie oraz informuje je o mo\u017cliwo\u015bciach podj\u0119cia leczenia lub terapii i wzi\u0119cia udzia\u0142u w programach oddzia\u0142ywa\u0144 korekcyjno-edukacyjnych dla os\u00f3b stosuj\u0105cych przemoc w rodzinie,<\/li><li>diagnozuje sytuacj\u0119 i potrzeby osoby, co do kt\u00f3rej istnieje podejrzenie, \u017ce jest dotkni\u0119ta przemoc\u0105 w rodzinie.<\/li><\/ol><\/li><\/ol>\n","protected":false},"excerpt":{"rendered":"<p>Podstawa prawna Powszechna Deklaracja Praw Cz\u0142owieka Ustawa z dnia 25 lutego 1964 roku, Kodeks rodzinny i opieku\u0144czy (Dz. U. 2017 roku, poz. 687) Ustawa z dnia 29 lipca 2005 roku o przeciwdzia\u0142aniu przemocy w rodzinie (Dz. U. z 2005 roku Nr 180 poz. 1493 ze zm.) Ustawa z dnia 6 czerwca 1997 roku, Kodeks Karny [&hellip;]<\/p>\n","protected":false},"author":4,"featured_media":0,"parent":0,"menu_order":0,"comment_status":"closed","ping_status":"closed","template":"","meta":{"footnotes":""},"class_list":["post-6151","page","type-page","status-publish","hentry"],"_links":{"self":[{"href":"https:\/\/kspnazaret.pl\/index.php?rest_route=\/wp\/v2\/pages\/6151","targetHints":{"allow":["GET"]}}],"collection":[{"href":"https:\/\/kspnazaret.pl\/index.php?rest_route=\/wp\/v2\/pages"}],"about":[{"href":"https:\/\/kspnazaret.pl\/index.php?rest_route=\/wp\/v2\/types\/page"}],"author":[{"embeddable":true,"href":"https:\/\/kspnazaret.pl\/index.php?rest_route=\/wp\/v2\/users\/4"}],"replies":[{"embeddable":true,"href":"https:\/\/kspnazaret.pl\/index.php?rest_route=%2Fwp%2Fv2%2Fcomments&post=6151"}],"version-history":[{"count":1,"href":"https:\/\/kspnazaret.pl\/index.php?rest_route=\/wp\/v2\/pages\/6151\/revisions"}],"predecessor-version":[{"id":6153,"href":"https:\/\/kspnazaret.pl\/index.php?rest_route=\/wp\/v2\/pages\/6151\/revisions\/6153"}],"wp:attachment":[{"href":"https:\/\/kspnazaret.pl\/index.php?rest_route=%2Fwp%2Fv2%2Fmedia&parent=6151"}],"curies":[{"name":"wp","href":"https:\/\/api.w.org\/{rel}","templated":true}]}}