{"id":6149,"date":"2021-01-06T15:51:27","date_gmt":"2021-01-06T14:51:27","guid":{"rendered":"http:\/\/www.kspnazaret.pl\/?page_id=6149"},"modified":"2021-01-06T15:51:28","modified_gmt":"2021-01-06T14:51:28","slug":"2-2-1-zasady-ogolne","status":"publish","type":"page","link":"https:\/\/kspnazaret.pl\/?page_id=6149","title":{"rendered":"2.2.1. Zasady og\u00f3lne"},"content":{"rendered":"\n<p><strong>Podstawa prawna<\/strong><\/p>\n\n\n\n<ol class=\"wp-block-list\" type=\"1\"><li><em>Powszechna Deklaracja Praw Cz\u0142owieka<\/em><\/li><li><em>Ustawa z dnia 25 lutego 1964 roku, Kodeks rodzinny i opieku\u0144czy (Dz. U. 2017 roku, poz. 687)<\/em><\/li><li><em>Ustawa z dnia 29 lipca 2005 roku o przeciwdzia\u0142aniu przemocy w rodzinie (Dz. U. z 2005 roku Nr 180 poz. 1493 ze zm.)<\/em><\/li><li><em>Ustawa z dnia 19 sierpnia 1994 roku o ochronie zdrowia psychicznego (Dz. U. z 2016 r. poz. 546, 960, 1245)<\/em><\/li><li><em>Ustawa z dnia 6 czerwca 1997 roku, Kodeks Karny (Dz. U. z 1997 roku, Nr 88 poz. 553 ze zm.)<\/em><\/li><li><em>Rozporz\u0105dzenie Rady Ministr\u00f3w z dnia 13 wrze\u015bnia 2011 roku w sprawie procedury \u201eNiebieskie Karty\u201d oraz wzor\u00f3w formularzy \u201eNiebieska Karta\u201d (Dz. U. z 2011 roku Nr 209 poz. 1245)<\/em><\/li><\/ol>\n\n\n\n<ol class=\"wp-block-list\" type=\"1\"><li>Osoby przebywaj\u0105ce w plac\u00f3wkach Zgromadzenia maj\u0105 niezbywalne prawo do poszanowania i ochrony dobrostanu fizycznego oraz ochrony przed wszelkimi formami fizycznego nadu\u017cycia, w tym: maltretowania, zaniedbania, a tak\u017ce do ochrony przed wszelkimi formami wykorzystywania i nadu\u017cy\u0107 na tle seksualnym.<\/li><li>Nasi podopieczni maj\u0105 r\u00f3wnie\u017c prawo do poszanowania i ochrony dobrostanu psychicznego i emocjonalnego oraz ochrony przed wszelkimi formami nadu\u017cy\u0107 psychicznych lub emocjonalnych albo zn\u0119cania si\u0119.<\/li><li>Przebywaj\u0105cy w plac\u00f3wkach Zgromadzenia maj\u0105 prawo do ochrony przed zaniedbaniem, op\u00f3\u017anieniem i brakiem staranno\u015bci w \u015bwiadczeniu opieki lub leczenia oraz przys\u0142uguje im prawo do ochrony przed wszelkimi formami nadu\u017cy\u0107 na tle medycznym i farmaceutycznym, w tym: zaniedbania, odmowy leczenia, nieodpowiedniego, niepotrzebnego lub nadmiernie intensywnego leczenia lub podawania lek\u00f3w.<\/li><li>Nasi podopieczni maj\u0105 tak\u017ce prawo do ochrony przed wszelkimi formami nadu\u017cy\u0107 finansowych i materialnych. Zarz\u0105dzanie maj\u0105tkiem os\u00f3b przebywaj\u0105cych w domach pomocy spo\u0142ecznej musi zawsze odbywa\u0107 si\u0119 zgodnie z obowi\u0105zuj\u0105cym w Polsce prawem, a wszelkie podejmowane czynno\u015bci natury faktycznej i prawnej powinny zawsze chroni\u0107 tych, w imieniu kt\u00f3rych s\u0105 podejmowane. Nadto ka\u017cdemu podopiecznemu przys\u0142uguje prawo do zarz\u0105dzania swoj\u0105 w\u0142asno\u015bci\u0105, swoimi dochodami i swoimi sprawami prawnymi, a tak\u017ce do otrzymywania pomocy w tym zakresie. Szczeg\u00f3\u0142owe uregulowania w powy\u017cszym zakresie znajduj\u0105 si\u0119 w obowi\u0105zuj\u0105cym w ka\u017cdym domu pomocy spo\u0142ecznej akcie prawnym reguluj\u0105cym powy\u017csz\u0105 kwesti\u0119.<\/li><li>Osoby przebywaj\u0105ce w domu pomocy spo\u0142ecznej powinny pozosta\u0107 w posiadaniu swoich rzeczy osobistych.<\/li><li>Nikomu nie wolno nak\u0142ania\u0107 podopiecznych do zmiany testamentu lub do przekazania komu\u015b swoich oszcz\u0119dno\u015bci, bie\u017c\u0105cych dochod\u00f3w czy innych sk\u0142adnik\u00f3w mienia ruchomego i nieruchomego.<\/li><li>Nasi podopieczni mog\u0105 korzysta\u0107 ze wszystkich praw i swob\u00f3d obywatelskich, w tym prawa do g\u0142osowania w wyborach powszechnych i zarz\u0105dzonych referendach, a tak\u017ce do tego, by udzielono im pomocy przy g\u0142osowaniu, je\u017celi tego potrzebuj\u0105. Osoba, kt\u00f3ra udziela pomocy, zobowi\u0105zana jest nie narusza\u0107 wolno\u015bci wyboru, a tak\u017ce obowi\u0105zuje j\u0105 dyskrecja w kwestii oddanego przez podopiecznego g\u0142osu.<\/li><li>Informacja o prawach i zobowi\u0105zaniach naszych podopiecznych powinna by\u0107 dla nich zrozumia\u0142a i przejrzysta. Szczeg\u00f3\u0142owe uregulowania w tym zakresie znajduj\u0105 si\u0119 w aktach prawnych obowi\u0105zuj\u0105cych w plac\u00f3wkach Zgromadzenia.<\/li><li>Wszelkie rozmowy na temat stanu zdrowia, leczenia i opieki nad naszymi podopiecznymi \u2013 zar\u00f3wno z ich udzia\u0142em jak i bez niego \u2013 b\u0119d\u0105 odbywa\u0107 si\u0119 z poszanowaniem prawa do dyskrecji i prywatno\u015bci.<\/li><li>Personel ma obowi\u0105zek troski o to, by nie nara\u017ca\u0107 podopiecznych na sytuacje wywo\u0142uj\u0105ce poczucie zawstydzenia czy skr\u0119powania, a ka\u017cdy ma prawo oczekiwa\u0107 dyskrecji i taktownego traktowania. Podawanie lek\u00f3w i stosowanie r\u00f3\u017cnych form terapii wbrew woli mo\u017ce odbywa\u0107 si\u0119 tylko na podstawie wykonalnej decyzji w\u0142a\u015bciwego s\u0105du powszechnego.<\/li><li>Pracownikom, wolontariuszom, sta\u017cystom oraz wszystkim osobom zwi\u0105zanym z plac\u00f3wkami Zgromadzenia na podstawie r\u00f3\u017cnorodnych podstaw prawnych i faktycznych nie wolno \u015bwiadomie i z w\u0142asnej woli przyczynia\u0107 si\u0119 do z\u0142ego samopoczucia, przygn\u0119bienia, zdenerwowania ani innych negatywnych emocji podopiecznych.<\/li><li>Obowi\u0105zkiem personelu jest zapewnienie prawa do tego, by udzielano podopiecznym wszelkiej niezb\u0119dnej pomocy, kt\u00f3rej potrzebuj\u0105, aby swobodnie komunikowa\u0107 si\u0119 i porozumiewa\u0107 si\u0119 z innymi lud\u017ami. W przypadku problem\u00f3w z porozumiewaniem si\u0119 (s\u0142yszeniem, m\u00f3wieniem) nale\u017cy zapewni\u0107 stosown\u0105 pomoc, a potrzeby podopiecznych w tym wzgl\u0119dzie powinny by\u0107 brane pod uwag\u0119.<\/li><li>Zgromadzenie oraz dyrektor plac\u00f3wki Zgromadzenia podejmuje wszelkie starania, aby osoby sprawuj\u0105ce opiek\u0119 posiada\u0142y odpowiednie umiej\u0119tno\u015bci oraz otrzymywa\u0142y odpowiednie wsparcie, by w kompetentny spos\u00f3b wykonywa\u0107 swoje obowi\u0105zki. Niezale\u017cnie od tego czy naszymi podopiecznymi zajmuje si\u0119 profesjonalny personel opieku\u0144czy, bliscy czy te\u017c inne zaufane osoby, powinny one otrzymywa\u0107 specjalistyczne przeszkolenie oraz niezb\u0119dne wytyczne co do sposobu sprawowania opieki.<\/li><\/ol>\n","protected":false},"excerpt":{"rendered":"<p>Podstawa prawna Powszechna Deklaracja Praw Cz\u0142owieka Ustawa z dnia 25 lutego 1964 roku, Kodeks rodzinny i opieku\u0144czy (Dz. U. 2017 roku, poz. 687) Ustawa z dnia 29 lipca 2005 roku o przeciwdzia\u0142aniu przemocy w rodzinie (Dz. U. z 2005 roku Nr 180 poz. 1493 ze zm.) Ustawa z dnia 19 sierpnia 1994 roku o ochronie [&hellip;]<\/p>\n","protected":false},"author":4,"featured_media":0,"parent":0,"menu_order":0,"comment_status":"closed","ping_status":"closed","template":"","meta":{"footnotes":""},"class_list":["post-6149","page","type-page","status-publish","hentry"],"_links":{"self":[{"href":"https:\/\/kspnazaret.pl\/index.php?rest_route=\/wp\/v2\/pages\/6149","targetHints":{"allow":["GET"]}}],"collection":[{"href":"https:\/\/kspnazaret.pl\/index.php?rest_route=\/wp\/v2\/pages"}],"about":[{"href":"https:\/\/kspnazaret.pl\/index.php?rest_route=\/wp\/v2\/types\/page"}],"author":[{"embeddable":true,"href":"https:\/\/kspnazaret.pl\/index.php?rest_route=\/wp\/v2\/users\/4"}],"replies":[{"embeddable":true,"href":"https:\/\/kspnazaret.pl\/index.php?rest_route=%2Fwp%2Fv2%2Fcomments&post=6149"}],"version-history":[{"count":1,"href":"https:\/\/kspnazaret.pl\/index.php?rest_route=\/wp\/v2\/pages\/6149\/revisions"}],"predecessor-version":[{"id":6150,"href":"https:\/\/kspnazaret.pl\/index.php?rest_route=\/wp\/v2\/pages\/6149\/revisions\/6150"}],"wp:attachment":[{"href":"https:\/\/kspnazaret.pl\/index.php?rest_route=%2Fwp%2Fv2%2Fmedia&parent=6149"}],"curies":[{"name":"wp","href":"https:\/\/api.w.org\/{rel}","templated":true}]}}