{"id":6145,"date":"2021-01-06T15:48:57","date_gmt":"2021-01-06T14:48:57","guid":{"rendered":"http:\/\/www.kspnazaret.pl\/?page_id=6145"},"modified":"2021-01-06T15:48:57","modified_gmt":"2021-01-06T14:48:57","slug":"2-1-prawa-i-obowiazki-podopiecznych","status":"publish","type":"page","link":"https:\/\/kspnazaret.pl\/?page_id=6145","title":{"rendered":"2.1. Prawa i obowi\u0105zki podopiecznych"},"content":{"rendered":"\n<ol class=\"wp-block-list\" type=\"1\"><li>Prawa podopiecznych przebywaj\u0105cych w plac\u00f3wkach Zgromadzenia:<ol><li>ka\u017cdy na prawo do \u017cycia od pocz\u0119cia a\u017c do naturalnej \u015bmierci;<\/li><li>ka\u017cdemu z naszych podopiecznych przys\u0142uguje prawo do wolno\u015bci my\u015bli, sumienia i wyznania;<\/li><li>nikogo nie wolno pozbawia\u0107 zaspokojenia potrzeb koniecznych do godnej egzystencji fizycznej i psychicznej;<\/li><li>podopieczni maj\u0105 prawo do utrzymywania kontakt\u00f3w z rodzin\u0105 oraz innymi osobami, kt\u00f3re kochaj\u0105 i szanuj\u0105;<\/li><li>ka\u017cdy ma prawo do opieki medycznej;<\/li><li>ka\u017cdy z naszych podopiecznych ma prawo do zarz\u0105dzania i dysponowania swoim maj\u0105tkiem.<\/li><\/ol><\/li><li>Powy\u017csze prawa s\u0105 niezbywalne, a ich ograniczenia mog\u0105 wynika\u0107 tylko z norm prawnych lub orzecze\u0144 s\u0105d\u00f3w powszechnych, wynikaj\u0105cych z potrzeby ochrony \u017cycia, zdrowia oraz moralno\u015bci spo\u0142ecznej.<\/li><li>Obowi\u0105zki podopiecznych przebywaj\u0105cych w plac\u00f3wkach Zgromadzenia:<ol><li>ka\u017cda osoba przebywaj\u0105ca w plac\u00f3wce Zgromadzenia jest zobowi\u0105zana do poszanowania godno\u015bci wszystkich mieszka\u0144c\u00f3w czy uczestnik\u00f3w;<\/li><li>\u00a0pracownicy, wolontariusze, sta\u017cy\u015bci oraz wszystkie osoby zwi\u0105zane z plac\u00f3wkami Zgromadzenia na podstawie r\u00f3\u017cnorodnych podstaw prawnych i faktycznych podlegaj\u0105 szczeg\u00f3lnej ochronie prawnej w czasie pe\u0142nienia swoich obowi\u0105zk\u00f3w: nikomu nie wolno narusza\u0107 ich godno\u015bci oraz zak\u0142\u00f3ca\u0107 wykonywania powierzonych im zada\u0144;<\/li><li>ka\u017cda osoba przebywaj\u0105ca w plac\u00f3wce Zgromadzenia ma obowi\u0105zek przestrzegania regulamin\u00f3w i zasad obowi\u0105zuj\u0105cych w plac\u00f3wce.<\/li><\/ol><\/li><\/ol>\n","protected":false},"excerpt":{"rendered":"<p>Prawa podopiecznych przebywaj\u0105cych w plac\u00f3wkach Zgromadzenia: ka\u017cdy na prawo do \u017cycia od pocz\u0119cia a\u017c do naturalnej \u015bmierci; ka\u017cdemu z naszych podopiecznych przys\u0142uguje prawo do wolno\u015bci my\u015bli, sumienia i wyznania; nikogo nie wolno pozbawia\u0107 zaspokojenia potrzeb koniecznych do godnej egzystencji fizycznej i psychicznej; podopieczni maj\u0105 prawo do utrzymywania kontakt\u00f3w z rodzin\u0105 oraz innymi osobami, kt\u00f3re kochaj\u0105 [&hellip;]<\/p>\n","protected":false},"author":4,"featured_media":0,"parent":0,"menu_order":0,"comment_status":"closed","ping_status":"closed","template":"","meta":{"footnotes":""},"class_list":["post-6145","page","type-page","status-publish","hentry"],"_links":{"self":[{"href":"https:\/\/kspnazaret.pl\/index.php?rest_route=\/wp\/v2\/pages\/6145","targetHints":{"allow":["GET"]}}],"collection":[{"href":"https:\/\/kspnazaret.pl\/index.php?rest_route=\/wp\/v2\/pages"}],"about":[{"href":"https:\/\/kspnazaret.pl\/index.php?rest_route=\/wp\/v2\/types\/page"}],"author":[{"embeddable":true,"href":"https:\/\/kspnazaret.pl\/index.php?rest_route=\/wp\/v2\/users\/4"}],"replies":[{"embeddable":true,"href":"https:\/\/kspnazaret.pl\/index.php?rest_route=%2Fwp%2Fv2%2Fcomments&post=6145"}],"version-history":[{"count":1,"href":"https:\/\/kspnazaret.pl\/index.php?rest_route=\/wp\/v2\/pages\/6145\/revisions"}],"predecessor-version":[{"id":6147,"href":"https:\/\/kspnazaret.pl\/index.php?rest_route=\/wp\/v2\/pages\/6145\/revisions\/6147"}],"wp:attachment":[{"href":"https:\/\/kspnazaret.pl\/index.php?rest_route=%2Fwp%2Fv2%2Fmedia&parent=6145"}],"curies":[{"name":"wp","href":"https:\/\/api.w.org\/{rel}","templated":true}]}}