{"id":6137,"date":"2021-01-06T15:35:24","date_gmt":"2021-01-06T14:35:24","guid":{"rendered":"http:\/\/www.kspnazaret.pl\/?page_id=6137"},"modified":"2021-01-06T15:35:24","modified_gmt":"2021-01-06T14:35:24","slug":"1-5-ochrona-danych-osobowych-i-wizerunku-maloletnich","status":"publish","type":"page","link":"https:\/\/kspnazaret.pl\/?page_id=6137","title":{"rendered":"1.5. Ochrona danych osobowych i wizerunku ma\u0142oletnich"},"content":{"rendered":"\n<p><strong>Podstawa prawna<\/strong><\/p>\n\n\n\n<ol class=\"wp-block-list\" type=\"1\"><li><em>Ustawa z dnia 29 czerwca 1997 roku o ochronie danych osobowych ( Dz. U. z 2015 r. poz. 2135, 2281, z 2016 r. poz. 195, 677)<\/em><\/li><li><em>Ustawa z dnia 4 lutego 1994 roku o prawie autorskim i prawach pokrewnych (Dz. U. z 2016 r., poz. 666, 1333)<\/em><em><\/em><\/li><\/ol>\n\n\n\n<ol class=\"wp-block-list\" type=\"1\"><li>W przypadku zbierania danych osobowych od osoby, kt\u00f3rej one dotycz\u0105, administrator danych jest obowi\u0105zany dope\u0142ni\u0107 wymog\u00f3w informacyjnych, m.in. poinformowa\u0107 t\u0119 osob\u0119 o adresie swojej siedziby i pe\u0142nej nazwie, celu zbierania danych, przewidywanych odbiorcach lub kategoriach odbiorc\u00f3w danych, prawie dost\u0119pu do tre\u015bci swoich danych oraz ich poprawiania, dobrowolno\u015bci albo obowi\u0105zku podania danych, a je\u017celi taki obowi\u0105zek istnieje, o jego podstawie prawnej.<\/li><li>W oparciu o obowi\u0105zuj\u0105ce przepisy prawa plac\u00f3wka Zgromadzenia mo\u017ce gromadzi\u0107 oraz przetwarza\u0107 nast\u0119puj\u0105ce dane osobowe wychowank\u00f3w:<ol><li>imi\u0119 (imiona) i nazwisko,<\/li><li>data i miejsce urodzenia,<\/li><li>numer PESEL,<\/li><li>\u00a0seri\u0119 i numer paszportu lub innego dokumentu potwierdzaj\u0105cego to\u017csamo\u015b\u0107,<\/li><li>adres zamieszkania ma\u0142oletniego,<\/li><li>imiona i nazwiska rodzic\u00f3w\/opiekun\u00f3w prawnych\/opiekun\u00f3w faktycznych,<\/li><li>adresy ich zamieszkania.<\/li><\/ol><\/li><li>Bior\u0105c pod uwag\u0119, i\u017c przepisy prawa nak\u0142adaj\u0105 na plac\u00f3wk\u0119 Zgromadzenia obowi\u0105zek gromadzenia i przechowywania ww. danych osobowych wychowank\u00f3w i rodzic\u00f3w\/opiekun\u00f3w prawnych\/opiekun\u00f3w faktycznych, okoliczno\u015b\u0107 ta stanowi wystarczaj\u0105c\u0105 podstaw\u0119 legalizuj\u0105c\u0105 ich przetwarzanie; dotyczy to tylko tych danych o jakich mowa powy\u017cej i nie jest wymagane uzyskiwanie przez plac\u00f3wk\u0119 dodatkowej zgody na ich gromadzenie.<\/li><li>Przetwarzanie tych danych przez plac\u00f3wk\u0119 Zgromadzenia w oparciu o same regulacje prawne mo\u017ce nast\u0105pi\u0107 jednak tylko w zakresie niezb\u0119dnym dla zrealizowania uprawnienia lub spe\u0142nienia obowi\u0105zku wynikaj\u0105cego z przepisu prawa.<\/li><li>W przypadku rodzic\u00f3w\/opiekun\u00f3w prawnych\/opiekun\u00f3w faktycznych przyjmuje si\u0119, i\u017c plac\u00f3wka Zgromadzenia mo\u017ce przetwarza\u0107 ich dane osobowe w celach informacyjnych i korespondencyjnych zwi\u0105zanych z edukacj\u0105 ma\u0142oletniego. Taki zakres przetwarzania jest bowiem niezb\u0119dny dla wykonania obowi\u0105zk\u00f3w ustawowych, ci\u0105\u017c\u0105cych na organie prowadz\u0105cym plac\u00f3wk\u0119.<\/li><li>Poniewa\u017c w \u015bwietle art. 43 ust. 1 pkt 4 ustawy o ochronie danych osobowych z obowi\u0105zku rejestracji zbioru danych zwolnieni s\u0105 administratorzy danych os\u00f3b u nich wychowuj\u0105cych si\u0119 i ucz\u0105cych si\u0119, plac\u00f3wki nie maj\u0105 obowi\u0105zku dokonywania rejestracji zbioru danych wychowank\u00f3w.<\/li><li>G\u0142\u00f3wny Inspektor Ochrony Danych Osobowych (GIODO) stan\u0105\u0142 na stanowisku, i\u017c zwolnienie z obowi\u0105zku rejestracji obejmuje tak\u017ce zbiory danych osobowych rodzic\u00f3w\/opiekun\u00f3w prawnych\/opiekun\u00f3w faktycznych wychowank\u00f3w plac\u00f3wki Zgromadzenia.<\/li><li>Wszystkie pozosta\u0142e, nie wymienione powy\u017cej w numerze 2, dane osobowe wychowank\u00f3w oraz rodzic\u00f3w\/opiekun\u00f3w prawnych\/opiekun\u00f3w faktycznych plac\u00f3wka Zgromadzenia mo\u017ce gromadzi\u0107 i przetwarza\u0107 co do zasady \u2013 tylko po uzyskaniu pisemnej zgody zainteresowanych. Zgoda jest potrzebna tak\u017ce na przetwarzanie przez plac\u00f3wk\u0119 danych o jakich mowa w numerze 2 w zakresie szerszym ni\u017c wynika to z jej ustawowych oraz statutowych zada\u0144.<\/li><li>O\u015bwiadczenie o zgodzie na przetwarzanie danych osobowych powinno wskazywa\u0107 zakres danych i cel ich przetwarzania.<\/li><li>Zgod\u0119 w odniesieniu do przetwarzania danych osoby ma\u0142oletniej nale\u017cy uzyska\u0107 od jej rodzic\u00f3w\/opiekun\u00f3w prawnych\/opiekun\u00f3w faktycznych. Uczniowie pe\u0142noletni sami wyra\u017caj\u0105 tak\u0105 zgod\u0119.<\/li><li>Decyzja w sprawie wyra\u017cenia zgody na przetwarzanie danych powinna by\u0107 podj\u0119ta swobodnie i mie\u0107 charakter samodzielny.<\/li><li>Ustawodawca nie okre\u015bli\u0142 zamkni\u0119tego katalogu informacji stanowi\u0105cych dane osobowe. Dlatego te\u017c przy rozstrzyganiu, czy okre\u015blona informacja lub informacje stanowi\u0105 dane osobowe, nieuniknione jest w wi\u0119kszo\u015bci przypadk\u00f3w dokonanie zindywidualizowanej oceny, przy uwzgl\u0119dnieniu konkretnych okoliczno\u015bci oraz rodzaju \u015brodk\u00f3w czy metod potrzebnych do identyfikacji osoby.<\/li><li>Za dane osobowe uznaje si\u0119 w szczeg\u00f3lno\u015bci lub w okre\u015blonych okoliczno\u015bciach mo\u017cna za nie uzna\u0107:<ol><li>numery telefon\u00f3w,<\/li><li>adresy poczty elektronicznej,<\/li><li>zdj\u0119cia osoby fizycznej, chocia\u017cby wykonane w przesz\u0142o\u015bci, umo\u017cliwiaj\u0105ce jej identyfikacj\u0119.<\/li><\/ol><\/li><li>Pomimo tego, \u017ce GIODO przyjmuje, i\u017c wobec obowi\u0105zuj\u0105cej przy przetwarzaniu danych osobowych zasady adekwatno\u015bci, plac\u00f3wka Zgromadzenia \u00a0jest uprawniona do pozyskiwania numer\u00f3w telefon\u00f3w rodzic\u00f3w\/opiekun\u00f3w prawnych\/opiekun\u00f3w faktycznych uczni\u00f3w oraz wychowank\u00f3w \u015bwietlic \u2013 przyj\u0105\u0107 nale\u017cy, i\u017c na przetwarzanie tych numer\u00f3w, tak jak i wszystkich innych danych nie wymienionych w Rozporz\u0105dzeniu Ministra Edukacji Narodowej i Sportu z dnia 19 lutego 2002 r., szko\u0142a powinna posiada\u0107 zgod\u0119.<\/li><li>W czasie gromadzenia danych, nale\u017cy zwr\u00f3ci\u0107 szczeg\u00f3ln\u0105 uwag\u0119 na tak zwane dane osobowe wra\u017cliwe, do kt\u00f3rych zalicza si\u0119 m.in. dane ujawniaj\u0105ce pochodzenie rasowe lub etniczne, przekonania religijne, przynale\u017cno\u015b\u0107 wyznaniow\u0105, dane o stanie zdrowia. Podstaw\u0105 ich przetwarzania mo\u017ce by\u0107 tylko pisemna zgoda zainteresowanego lub wyra\u017any przepis ustawowy.<\/li><li>W odniesieniu do ochrony wizerunku stosuje si\u0119 wszystko to, co zosta\u0142o powiedziane powy\u017cej na temat ochrony danych osobowych.<\/li><li>\u017badnemu cz\u0142onkowi personelu nie wolno umo\u017cliwia\u0107 przedstawicielom medi\u00f3w utrwalania wizerunku wychowank\u00f3w (filmowania, fotografowania) bez pisemnej zgody rodzica\/opiekuna prawnego\/opiekuna faktycznego.<\/li><li>Upublicznianie przez plac\u00f3wk\u0119 wizerunku wychowanka wymaga pisemnej zgody rodzica\/opiekuna prawnego\/opiekuna faktycznego.<\/li><li>Przed utrwaleniem wizerunku ma\u0142oletnich nale\u017cy jego oraz rodzica\/opiekuna prawnego\/opiekuna faktycznego poinformowa\u0107 o tym, gdzie b\u0119dzie umieszczony zarejestrowany wizerunek i w jakim celu zostanie wykorzystany.<\/li><li>Zasady fotografowania czy filmowania ma\u0142oletnich:<ol><li>wszyscy fotografowani musz\u0105 by\u0107 stosownie ubrani;<\/li><li>obraz ma si\u0119 koncentrowa\u0107 na czynno\u015bciach wykonywanych przez ma\u0142oletnich i w miar\u0119 mo\u017cliwo\u015bci przedstawia\u0107 grup\u0119;<\/li><li>obowi\u0105zkiem os\u00f3b sprawuj\u0105cych opiek\u0119 i nadz\u00f3r nad ma\u0142oletnimi jest sta\u0142a obecno\u015b\u0107 w czasie takiej sesji.\u00a0<\/li><\/ol><\/li><\/ol>\n","protected":false},"excerpt":{"rendered":"<p>Podstawa prawna Ustawa z dnia 29 czerwca 1997 roku o ochronie danych osobowych ( Dz. U. z 2015 r. poz. 2135, 2281, z 2016 r. poz. 195, 677) Ustawa z dnia 4 lutego 1994 roku o prawie autorskim i prawach pokrewnych (Dz. U. z 2016 r., poz. 666, 1333) W przypadku zbierania danych osobowych od [&hellip;]<\/p>\n","protected":false},"author":4,"featured_media":0,"parent":0,"menu_order":0,"comment_status":"closed","ping_status":"closed","template":"","meta":{"footnotes":""},"class_list":["post-6137","page","type-page","status-publish","hentry"],"_links":{"self":[{"href":"https:\/\/kspnazaret.pl\/index.php?rest_route=\/wp\/v2\/pages\/6137","targetHints":{"allow":["GET"]}}],"collection":[{"href":"https:\/\/kspnazaret.pl\/index.php?rest_route=\/wp\/v2\/pages"}],"about":[{"href":"https:\/\/kspnazaret.pl\/index.php?rest_route=\/wp\/v2\/types\/page"}],"author":[{"embeddable":true,"href":"https:\/\/kspnazaret.pl\/index.php?rest_route=\/wp\/v2\/users\/4"}],"replies":[{"embeddable":true,"href":"https:\/\/kspnazaret.pl\/index.php?rest_route=%2Fwp%2Fv2%2Fcomments&post=6137"}],"version-history":[{"count":1,"href":"https:\/\/kspnazaret.pl\/index.php?rest_route=\/wp\/v2\/pages\/6137\/revisions"}],"predecessor-version":[{"id":6139,"href":"https:\/\/kspnazaret.pl\/index.php?rest_route=\/wp\/v2\/pages\/6137\/revisions\/6139"}],"wp:attachment":[{"href":"https:\/\/kspnazaret.pl\/index.php?rest_route=%2Fwp%2Fv2%2Fmedia&parent=6137"}],"curies":[{"name":"wp","href":"https:\/\/api.w.org\/{rel}","templated":true}]}}