{"id":6135,"date":"2021-01-06T15:32:16","date_gmt":"2021-01-06T14:32:16","guid":{"rendered":"http:\/\/www.kspnazaret.pl\/?page_id=6135"},"modified":"2021-01-06T15:32:17","modified_gmt":"2021-01-06T14:32:17","slug":"1-4-zasady-dostepu-maloletnich-do-internetu-ochrona-przed-cyberprzemoca","status":"publish","type":"page","link":"https:\/\/kspnazaret.pl\/?page_id=6135","title":{"rendered":"1.4. Zasady dost\u0119pu ma\u0142oletnich do Internetu &#8211; ochrona przed cyberprzemoc\u0105"},"content":{"rendered":"\n<p><strong>Podstawa prawna<\/strong><\/p>\n\n\n\n<ol class=\"wp-block-list\" type=\"1\"><li><em>Ustawa z dnia 29 czerwca 1997 roku o ochronie danych osobowych (Dz. U. z 2015 r. poz. 2135, 2281, z 2016 r. poz. 195, 677)<\/em><\/li><li><em>Ustawa z dnia 6 czerwca 1997 roku, Kodeks karny (Dz. U. z 1997 roku, Nr 88 poz. 553 ze zm.)<\/em><\/li><li><em>Ustawa z dnia 6 czerwca 1997 roku, Kodeks post\u0119powania karnego (Dz. U. z 2016 r. poz. 1749, 1948, 2138, 2261)<\/em><\/li><li><em>Ustawa z dnia 26 pa\u017adziernika 1982 roku o post\u0119powaniu w sprawach nieletnich (Dz. U. z 2014 r. poz. 382, z 2015 r. poz. 1418, 1707)<\/em><\/li><\/ol>\n\n\n\n<ol class=\"wp-block-list\" type=\"1\"><li>W przypadku gdy plac\u00f3wka Zgromadzenia zapewnia ma\u0142oletnim dost\u0119p do Internetu, obowi\u0105zkiem faktycznym jest zapewnienie bezpiecznego dost\u0119pu do sieci tak, aby wychowankowie nie byli nara\u017ceni na dost\u0119p do tre\u015bci moralnie w\u0105tpliwych, a tak\u017ce co wa\u017cniejsze, aby za po\u015brednictwem Internetu nie zostali skrzywdzeni albo wykorzystani.<\/li><li>Dost\u0119p naszych wychowank\u00f3w do Internetu musi by\u0107 r\u00f3wnie\u017c tak nadzorowany, aby oni sami nie dopu\u015bcili si\u0119 czynu zabronionego podczas korzystania z sieci za po\u015brednictwem serwera plac\u00f3wki lub przynale\u017c\u0105cego do niego wi-fi.<\/li><li>Nasi wychowankowie, korzystaj\u0105cy w plac\u00f3wkach Zgromadzenia z Internetu, powinni podlega\u0107 procesowi edukacji, kt\u00f3ry dotyczy\u0142by sposobu bezpiecznej obecno\u015bci w sieci.<\/li><li>Zaleca si\u0119, aby ka\u017cdy wychowanek, kt\u00f3rego wiek na to pozwala, mia\u0142 przydzielony login i has\u0142o, umo\u017cliwiaj\u0105ce korzystanie z Internetu na terenie plac\u00f3wki. Wychowank\u00f3w nale\u017cy poinformowa\u0107 o utrzymaniu w tajemnicy loginu i has\u0142a.<\/li><li>Dyrektor plac\u00f3wki Zgromadzenia winien zatroszczy\u0107 si\u0119, aby na terenie plac\u00f3wki z dost\u0119pem do Internetu by\u0142o zainstalowane i aktualizowane oprogramowanie:<ol><li>filtruj\u0105ce tre\u015bci internetowe;<\/li><li>monitoruj\u0105ce korzystanie ze stron www;<\/li><li>antywirusowe;<\/li><li>antyspamowe;<\/li><li>tzw. fire wall.<\/li><\/ol><\/li><li>Dyrektor plac\u00f3wki Zgromadzenia systematycznie sprawdza czy na komputerach z dost\u0119pem do Internetu nie znajduj\u0105 si\u0119 tre\u015bci niebezpieczne. W przypadku potwierdzenia informacji o naruszeniu prawa lub moralno\u015bci nale\u017cy ustali\u0107 \u017ar\u00f3d\u0142o takich tre\u015bci, a informacj\u0119 o tym fakcie bez zb\u0119dnej zw\u0142oki przekaza\u0107 na pi\u015bmie prze\u0142o\u017conemu.<\/li><li>W przypadku opisanym w nr 6, pedagog, psycholog lub inna osoba posiadaj\u0105ca upowa\u017cnienie dyrektora plac\u00f3wki Zgromadzenia i kwalifikacje ku temu, przeprowadza rozmow\u0119 z wychowankiem na temat bezpiecze\u0144stwa w Internecie, jednocze\u015bnie nie wolno ukrywa\u0107 zachowa\u0144 wychowank\u00f3w, kt\u00f3re nosi\u0142yby znamiona przest\u0119pstw opisanych w ustawodawstwie pa\u0144stwowym.<\/li><li>Je\u017celi oka\u017ce si\u0119, i\u017c wyst\u0119puje zagro\u017cenie dla bezpiecze\u0144stwa wychowanka lub jest on krzywdzony albo wykorzystywany za po\u015brednictwem Internetu, nale\u017cy bezzw\u0142ocznie podj\u0105\u0107 dzia\u0142a zgodne z dobrem dziecka.<\/li><\/ol>\n","protected":false},"excerpt":{"rendered":"<p>Podstawa prawna Ustawa z dnia 29 czerwca 1997 roku o ochronie danych osobowych (Dz. U. z 2015 r. poz. 2135, 2281, z 2016 r. poz. 195, 677) Ustawa z dnia 6 czerwca 1997 roku, Kodeks karny (Dz. U. z 1997 roku, Nr 88 poz. 553 ze zm.) Ustawa z dnia 6 czerwca 1997 roku, Kodeks [&hellip;]<\/p>\n","protected":false},"author":4,"featured_media":0,"parent":0,"menu_order":0,"comment_status":"closed","ping_status":"closed","template":"","meta":{"footnotes":""},"class_list":["post-6135","page","type-page","status-publish","hentry"],"_links":{"self":[{"href":"https:\/\/kspnazaret.pl\/index.php?rest_route=\/wp\/v2\/pages\/6135","targetHints":{"allow":["GET"]}}],"collection":[{"href":"https:\/\/kspnazaret.pl\/index.php?rest_route=\/wp\/v2\/pages"}],"about":[{"href":"https:\/\/kspnazaret.pl\/index.php?rest_route=\/wp\/v2\/types\/page"}],"author":[{"embeddable":true,"href":"https:\/\/kspnazaret.pl\/index.php?rest_route=\/wp\/v2\/users\/4"}],"replies":[{"embeddable":true,"href":"https:\/\/kspnazaret.pl\/index.php?rest_route=%2Fwp%2Fv2%2Fcomments&post=6135"}],"version-history":[{"count":1,"href":"https:\/\/kspnazaret.pl\/index.php?rest_route=\/wp\/v2\/pages\/6135\/revisions"}],"predecessor-version":[{"id":6136,"href":"https:\/\/kspnazaret.pl\/index.php?rest_route=\/wp\/v2\/pages\/6135\/revisions\/6136"}],"wp:attachment":[{"href":"https:\/\/kspnazaret.pl\/index.php?rest_route=%2Fwp%2Fv2%2Fmedia&parent=6135"}],"curies":[{"name":"wp","href":"https:\/\/api.w.org\/{rel}","templated":true}]}}