{"id":6132,"date":"2021-01-06T15:29:04","date_gmt":"2021-01-06T14:29:04","guid":{"rendered":"http:\/\/www.kspnazaret.pl\/?page_id=6132"},"modified":"2021-01-06T15:29:05","modified_gmt":"2021-01-06T14:29:05","slug":"1-3-zasady-postepowania-dotyczace-organizacji-wycieczek-i-wyjazdow-edukacyjnych","status":"publish","type":"page","link":"https:\/\/kspnazaret.pl\/?page_id=6132","title":{"rendered":"1.3. Zasady post\u0119powania dotycz\u0105ce organizacji wycieczek i wyjazd\u00f3w edukacyjnych"},"content":{"rendered":"\n<p><strong>Podstawa prawna<\/strong><\/p>\n\n\n\n<ol class=\"wp-block-list\" type=\"1\"><li><em>Rozporz\u0105dzenie MENiS z dnia 8 listopada 2001 r. w sprawie warunk\u00f3w i sposobu organizowania przez publiczne przedszkola, szko\u0142y i plac\u00f3wki krajoznawstwa i turystyki (Dz. U. z 2014 r., poz. 1150)<\/em><\/li><li><em>Rozporz\u0105dzenie MEN z dnia 30 marca 2016 roku w sprawie wypoczynku dzieci i m\u0142odzie\u017cy (Dz. U. z 2016 roku, poz. 452)<\/em><em><\/em><\/li><\/ol>\n\n\n\n<ol class=\"wp-block-list\" type=\"1\"><li>Organizuj\u0105c wyjazdy, w kt\u00f3rych uczestnicz\u0105 ma\u0142oletni, nale\u017cy bezwzgl\u0119dnie przestrzega\u0107 norm prawa pa\u0144stwowego, zw\u0142aszcza tych zawartych w rozporz\u0105dzeniu Ministra Edukacji Narodowej wskazanym powy\u017cej.<\/li><li>Nale\u017cy szczeg\u00f3\u0142owo planowa\u0107 wyjazdy jednodniowe, wielodniowe, a tak\u017ce zasady sp\u0119dzania czasu \u015bwi\u0105tecznego w plac\u00f3wkach Zgromadzenia w dni ustawowo wolne od pracy.<\/li><li>Nale\u017cy zatroszczy\u0107 si\u0119 o kwestie zwi\u0105zane z ubezpieczeniami, zar\u00f3wno tymi, kt\u00f3re s\u0105 obowi\u0105zkowe jak i te kt\u00f3re maj\u0105 charakter dodatkowy. Szczeg\u00f3ln\u0105 uwag\u0119 nale\u017cy zwr\u00f3ci\u0107 na ten problem w przypadku organizacji wyjazdu zagranicznego i uwzgl\u0119dnia\u0107 zar\u00f3wno wymogi obowi\u0105zuj\u0105ce w kraju docelowym jak i krajach tranzytowych.<\/li><li>Nikomu nie wolno lekcewa\u017cy\u0107 albo bagatelizowa\u0107 sygna\u0142\u00f3w, kt\u00f3re \u015bwiadcz\u0105 o z\u0142ym samopoczuciu uczestnik\u00f3w lub o istnieniu sytuacji kryzysowej w grupie uczestnicz\u0105cej w wyje\u017adzie.<\/li><li>Wykrycie stanu faktycznego opisanego w nr 4 nakazuje podj\u0119cie szybkich i stanowczych dzia\u0142a\u0144 zmierzaj\u0105cych do ochrony uczestnik\u00f3w wyjazdu i zapewnienia im poczucia bezpiecze\u0144stwa poprzez ustalenie przyczyn oraz eliminacj\u0119 zagro\u017cenia. Powy\u017csze fakty zawsze powinny by\u0107 zg\u0142oszone bezpo\u015brednim prze\u0142o\u017conym, a w uzasadnionych przypadkach rodzicom\/opiekunom prawnym\/opiekunom faktycznym \u00a0ma\u0142oletnich, a tak\u017ce w\u0142a\u015bciwym specjalistom i odno\u015bnym w\u0142adzom.<\/li><li>Zawsze nale\u017cy uzyska\u0107 pisemn\u0105 zgod\u0119 rodzic\u00f3w lub opiekun\u00f3w prawnych wychowanka na udzia\u0142 w wyje\u017adzie i jest to bezwzgl\u0119dny wym\u00f3g natury prawnej, od kt\u00f3rego nie ma wyj\u0105tk\u00f3w. Za\u0142\u0105cznikiem do takiej zgody powinien by\u0107 szczeg\u00f3\u0142owy plan wyjazdu.<\/li><li>Nale\u017cy zadba\u0107, aby rodzice\/opiekunowie prawni\/opiekunowie faktyczni dysponowali numerem telefonu, pod kt\u00f3rym b\u0119d\u0105 mogli skontaktowa\u0107 si\u0119 z osob\u0105 obecn\u0105 na wyje\u017adzie i odpowiedzialn\u0105 za jego przebieg.<\/li><li>Zadaniem organizatora jest zadbanie o w\u0142a\u015bciw\u0105 proporcj\u0119 kobiet i m\u0119\u017cczyzn w gronie wychowawc\u00f3w w spos\u00f3b odpowiadaj\u0105cy proporcjom uczestnicz\u0105cych w wyje\u017adzie dziewcz\u0105t i ch\u0142opc\u00f3w.<\/li><li>Plan wyjazdu powinien zawsze uwzgl\u0119dnia\u0107 wiek i mo\u017cliwo\u015bci fizyczne uczestnik\u00f3w. Nale\u017cy zadba\u0107 o zaplanowanie czasu na odpoczynek i sen uczestnik\u00f3w.<\/li><li>Nale\u017cy zatroszczy\u0107 si\u0119 aby ka\u017cdy z uczestnik\u00f3w wyjazdu dysponowa\u0142 odpowiednim do charakteru wyjazdu strojem i wyposa\u017ceniem, a fakt ich posiadania powinien zosta\u0107 zweryfikowany przed samym wyjazdem.<\/li><li>W czasie wyjazdu koedukacyjnego nale\u017cy zadba\u0107 o odseparowanie ch\u0142opc\u00f3w i dziewcz\u0105t. Nadz\u00f3r w czasie odpoczynku powinien by\u0107 sprawowany przez osoby tej samej p\u0142ci. Opiekunom nie wolno nocowa\u0107 w pomieszczeniach zajmowanych przez ma\u0142oletnich tej samej p\u0142ci. Zawsze, kiedy ze szczeg\u00f3lnych powod\u00f3w, zasada ta doznaje uszczerbku, nale\u017cy zawiadomi\u0107 o tym fakcie bezpo\u015bredniego prze\u0142o\u017conego.<\/li><li>Nieprzestrzeganie niniejszych szczeg\u00f3\u0142owych zasad w pracy i kontaktach z ma\u0142oletnimi traktowane b\u0119dzie jako ci\u0119\u017ckie naruszenie obowi\u0105zk\u00f3w pracowniczych ze wszystkimi wynikaj\u0105cymi z tego konsekwencjami, z rozwi\u0105zaniem stosunku pracy w\u0142\u0105cznie.<\/li><\/ol>\n","protected":false},"excerpt":{"rendered":"<p>Podstawa prawna Rozporz\u0105dzenie MENiS z dnia 8 listopada 2001 r. w sprawie warunk\u00f3w i sposobu organizowania przez publiczne przedszkola, szko\u0142y i plac\u00f3wki krajoznawstwa i turystyki (Dz. U. z 2014 r., poz. 1150) Rozporz\u0105dzenie MEN z dnia 30 marca 2016 roku w sprawie wypoczynku dzieci i m\u0142odzie\u017cy (Dz. U. z 2016 roku, poz. 452) Organizuj\u0105c wyjazdy, [&hellip;]<\/p>\n","protected":false},"author":4,"featured_media":0,"parent":0,"menu_order":0,"comment_status":"closed","ping_status":"closed","template":"","meta":{"footnotes":""},"class_list":["post-6132","page","type-page","status-publish","hentry"],"_links":{"self":[{"href":"https:\/\/kspnazaret.pl\/index.php?rest_route=\/wp\/v2\/pages\/6132","targetHints":{"allow":["GET"]}}],"collection":[{"href":"https:\/\/kspnazaret.pl\/index.php?rest_route=\/wp\/v2\/pages"}],"about":[{"href":"https:\/\/kspnazaret.pl\/index.php?rest_route=\/wp\/v2\/types\/page"}],"author":[{"embeddable":true,"href":"https:\/\/kspnazaret.pl\/index.php?rest_route=\/wp\/v2\/users\/4"}],"replies":[{"embeddable":true,"href":"https:\/\/kspnazaret.pl\/index.php?rest_route=%2Fwp%2Fv2%2Fcomments&post=6132"}],"version-history":[{"count":1,"href":"https:\/\/kspnazaret.pl\/index.php?rest_route=\/wp\/v2\/pages\/6132\/revisions"}],"predecessor-version":[{"id":6133,"href":"https:\/\/kspnazaret.pl\/index.php?rest_route=\/wp\/v2\/pages\/6132\/revisions\/6133"}],"wp:attachment":[{"href":"https:\/\/kspnazaret.pl\/index.php?rest_route=%2Fwp%2Fv2%2Fmedia&parent=6132"}],"curies":[{"name":"wp","href":"https:\/\/api.w.org\/{rel}","templated":true}]}}