{"id":6126,"date":"2021-01-06T15:15:24","date_gmt":"2021-01-06T14:15:24","guid":{"rendered":"http:\/\/www.kspnazaret.pl\/?page_id=6126"},"modified":"2021-01-06T15:15:44","modified_gmt":"2021-01-06T14:15:44","slug":"1-2-2-1-procedura-interwencji-w-sytuacji-podejrzenia-o-doswiadczenie-przemocy-przez-maloletniego","status":"publish","type":"page","link":"https:\/\/kspnazaret.pl\/?page_id=6126","title":{"rendered":"1.2.2.1. Procedura interwencji w sytuacji podejrzenia o do\u015bwiadczenie przemocy przez ma\u0142oletniego"},"content":{"rendered":"\n<p><strong>Podstawa prawna<\/strong><\/p>\n\n\n\n<ol class=\"wp-block-list\" type=\"1\"><li><em>Powszechna Deklaracja Praw Cz\u0142owieka<\/em><\/li><li><em>Akt konstytucyjny UNESCO (Dz. U. z 1958 roku Nr 63, poz. 311)<\/em><\/li><li><em>Ustawa z dnia 25 lutego 1964 roku, Kodeks rodzinny i opieku\u0144czy (Dz. U. &nbsp;z 2017 roku, poz. 687)<\/em><\/li><li><em>Ustawa z dnia 6 czerwca 1997 roku, Kodeks Karny (Dz. U. z 2016 &nbsp;roku, Nr 88 poz. 1137, 2138, z 2017 roku poz. 244)<\/em><\/li><li><em>Ustawa z dnia 29 lipca 2005 roku o przeciwdzia\u0142aniu przemocy w rodzinie (Dz. U. z 2015 roku poz. 1390)<\/em><\/li><li><em>Rozporz\u0105dzenie Rady Ministr\u00f3w z dnia 13 wrze\u015bnia 2011 roku w sprawie procedury \u201eNiebieskie Karty\u201d oraz wzor\u00f3w formularzy \u201eNiebieska Karta\u201d (Dz. U. z 2011 roku Nr 209 poz. 1245)<\/em><\/li><li><em>Rozporz\u0105dzenie MEN z dnia 30 kwietnia 2013 roku, w sprawie zasad udzielania i organizacji pomocy psychologiczno \u2013 pedagogicznej w publicznych przedszkolach, szko\u0142ach i plac\u00f3wkach (Dz. U. z 2013 roku, poz. 537)<\/em><\/li><li><em>Rozporz\u0105dzenie MEN z dnia 24 lipca 2015 r. w sprawie organizowania kszta\u0142cenia, wychowania i opieki dzieci i m\u0142odzie\u017cy niepe\u0142nosprawnych, niedostosowanych spo\u0142ecznie i zagro\u017conych niedostosowaniem spo\u0142ecznym (Dz.U. z 2015 roku, poz. 1113)&nbsp;<\/em><\/li><\/ol>\n\n\n\n<p><strong>Cele procedury<\/strong><\/p>\n\n\n\n<ol class=\"wp-block-list\" type=\"1\"><li>Poni\u017csze przepisy s\u0142u\u017c\u0105 zagwarantowaniu wymaga\u0144 opisanych przepisami prawa, w sytuacji stwierdzenia zagro\u017cenia \u017cycia ma\u0142oletniego, wobec kt\u00f3rego jest stosowana przemoc w rodzinie lub poza ni\u0105, a tak\u017ce wobec ma\u0142oletniego, kt\u00f3ry ma kontakt z zachowaniami agresywnymi, niezale\u017cnie od \u017ar\u00f3d\u0142a pochodzenia takich zachowa\u0144.<\/li><li>Procedura okre\u015bla zakres odpowiedzialno\u015bci plac\u00f3wki Zgromadzenia jako instytucji oraz sposoby reagowania i rodzaj podejmowanych dzia\u0142a\u0144 w ramach przepis\u00f3w Ustawy <em>o przeciwdzia\u0142aniu przemocy w rodzinie <\/em>i Rozporz\u0105dzenia Rady Ministr\u00f3w <em>w sprawie procedury \u201eNiebieskie Karty\u201d<\/em> <em>oraz wzor\u00f3w formularzy \u201eNiebieska Karta\u201d<\/em>.<\/li><\/ol>\n\n\n\n<p><strong>Uczestnicy post\u0119powania<\/strong><\/p>\n\n\n\n<ol class=\"wp-block-list\" type=\"1\"><li>Rodzice\/opiekunowie prawni\/opiekunowie faktyczni: w przypadku podejrzenia stosowania w rodzinie lub po za ni\u0105 przemocy wobec ma\u0142oletniego, czynno\u015bci podejmowane i realizowane w ramach procedury, zwane dalej dzia\u0142aniami, przeprowadza si\u0119 w obecno\u015bci rodzic\u00f3w\/opiekun\u00f3w prawnych\/opiekun\u00f3w faktycznych, o ile nie sprzeciwia si\u0119 temu dobro ma\u0142oletniego.<strong><\/strong><\/li><li>Nauczyciele, wychowawcy, wolontariusze, sta\u017cy\u015bci oraz wszystkie osoby zwi\u0105zane z plac\u00f3wkami Zgromadzenia na podstawie r\u00f3\u017cnorodnych podstaw prawnych i faktycznych: na wszystkich wymienionych powy\u017cej osobach spoczywa szczeg\u00f3lny obowi\u0105zek reagowania na wszelkie przypadki podejrzenia o fakcie krzywdzenia ma\u0142oletniego, niezale\u017cnie od tego kto jest \u017ar\u00f3d\u0142em takiej krzywdy.<strong><\/strong><\/li><li>Dyrektor plac\u00f3wki i prze\u0142o\u017cona Zgromadzenia: s\u0105 zobowi\u0105zani do udzielenia osobie skrzywdzonej pomocy psychologicznej, prawnej i duszpasterskiej, kt\u00f3ra ma s\u0142u\u017cy\u0107 poprawie sytuacji osoby krzywdzonej i jej najbli\u017cszych. Jednocze\u015bnie nale\u017cy zapewni\u0107 innym wychowankom i pracownikom oraz osobom wymienionym w punkcie poprzedzaj\u0105cym poczucie bezpiecze\u0144stwa, zar\u00f3wno pod wzgl\u0119dem fizycznym jak i psychicznym.<strong><\/strong><\/li><\/ol>\n\n\n\n<p><strong>Zadania i rola plac\u00f3wek o\u015bwiatowych w \u015bwietle obowi\u0105zuj\u0105cych przepis\u00f3w<\/strong><\/p>\n\n\n\n<ol class=\"wp-block-list\" type=\"1\"><li>Ka\u017cdy, kto dowie si\u0119 mo\u017cliwo\u015bci pope\u0142nienia przest\u0119pstwa wobec osoby, kt\u00f3ra nie uko\u0144czy\u0142a 18 roku \u017cycia albo o jakichkolwiek naruszeniach jego dobra, jest zobowi\u0105zany powiadomi\u0107 o tym organ powo\u0142any do \u015bcigania przest\u0119pstw oraz prze\u0142o\u017conych\/dyrektora plac\u00f3wki Zgromadzenia i odpowiednich prze\u0142o\u017conych ko\u015bcielnych. W ka\u017cdym takim przypadku konieczna jest w\u0142a\u015bciwa reakcja, zgodna z wymogami niniejszej procedury, a nikomu wbrew ustanowionym normom nie mo\u017cna prowadzi\u0107 jakiejkolwiek formy dochodzenia prawdy i ustalania winnych.<\/li><li>Wszcz\u0119cie procedury \u201eNiebieskie Karty\u201d nast\u0119puje przez wype\u0142nienie formularza \u201eNiebieska Karta A\u201d w przypadku powzi\u0119cia, w toku prowadzonych czynno\u015bci s\u0142u\u017cbowych lub zawodowych, podejrzenia o stosowaniu przemocy wobec cz\u0142onk\u00f3w rodziny lub w wyniku zg\u0142oszenia dokonanego przez cz\u0142onka rodziny lub przez osob\u0119 b\u0119d\u0105c\u0105 \u015bwiadkiem przemocy w rodzinie. Formularz wype\u0142nia przedstawiciel jednego z podmiot\u00f3w wymienionych w art. 9d ust. 2 <em>Ustawy o przeciwdzia\u0142aniu przemocy w rodzinie<\/em>, w obecno\u015bci osoby, co do kt\u00f3rej istnieje podejrzenie, \u017ce jest dotkni\u0119ta przemoc\u0105 w rodzinie.<\/li><li>Wz\u00f3r formularza \u201eNiebieska Karta \u2013 A\u201d stanowi za\u0142\u0105cznik nr 1 do Rozporz\u0105dzenia.<\/li><li>W przypadku braku mo\u017cliwo\u015bci wype\u0142nienia formularza \u201eNiebieska Karta \u2013 A\u201d z uwagi na nieobecno\u015b\u0107 osoby, co do kt\u00f3rej istnieje podejrzenie, \u017ce jest dotkni\u0119ta przemoc\u0105 w rodzinie, ze wzgl\u0119du na stan jej zdrowia lub zagro\u017cenie jej \u017cycia lub zdrowia, wype\u0142nienie formularza \u201eNiebieska Karta \u2013 A\u201d nast\u0119puje niezw\u0142ocznie po nawi\u0105zaniu bezpo\u015bredniego kontaktu z t\u0105 osob\u0105 lub po ustaniu przyczyny uniemo\u017cliwiaj\u0105cej jego wype\u0142nienie. W przypadku gdy nawi\u0105zanie bezpo\u015bredniego kontaktu z osob\u0105, co do kt\u00f3rej istnieje podejrzenie, \u017ce jest dotkni\u0119ta przemoc\u0105 w rodzinie, jest niemo\u017cliwe, wype\u0142nienie formularza \u201eNiebieska Karta \u2013 A\u201d nast\u0119puje bez udzia\u0142u tej osoby.<\/li><li>Wszczynaj\u0105c procedur\u0119 podejmuje si\u0119 dzia\u0142ania interwencyjne maj\u0105ce na celu zapewnienie bezpiecze\u0144stwa osobie, co do kt\u00f3rej istnieje podejrzenie, \u017ce jest dotkni\u0119ta przemoc\u0105 w rodzinie.<\/li><li>Rozmow\u0119 z osob\u0105, co do kt\u00f3rej istnieje podejrzenie, \u017ce jest dotkni\u0119ta przemoc\u0105 w rodzinie, przeprowadza si\u0119 w warunkach gwarantuj\u0105cych swobod\u0119 wypowiedzi i poszanowanie godno\u015bci tej osoby oraz zapewniaj\u0105cych jej bezpiecze\u0144stwo.<\/li><li>W przypadku podejrzenia stosowania przemocy w rodzinie wobec ma\u0142oletniego, czynno\u015bci podejmowane i realizowane w ramach procedury przeprowadza si\u0119 w obecno\u015bci rodzica\/opiekuna prawnego\/opiekuna faktycznego chyba, \u017ce sprzeciwia si\u0119 temu dobro dziecka.<\/li><li>Dzia\u0142ania z udzia\u0142em ma\u0142oletniego, co do kt\u00f3rego istnieje podejrzenie, \u017ce jest dotkni\u0119te przemoc\u0105 w rodzinie, powinny by\u0107 prowadzone w obecno\u015bci psychologa.<\/li><li>Po wype\u0142nieniu formularza \u201eNiebieska Karta \u2013 A\u201d osobie, co do kt\u00f3rej istnieje podejrzenie, \u017ce jest dotkni\u0119ta przemoc\u0105 w rodzinie, przekazuje si\u0119 formularz \u201eNiebieska Karta \u2013 B\u201d.<\/li><li>Wz\u00f3r formularza \u201eNiebieska Karta \u2013 B\u201d stanowi za\u0142\u0105cznik nr 2 do Rozporz\u0105dzenia.<\/li><li>Je\u017celi osob\u0105, co do kt\u00f3rej istnieje podejrzenie, \u017ce jest dotkni\u0119ta przemoc\u0105 w rodzinie, jest ma\u0142oletni, formularz \u201eNiebieska Karta \u2013 B\u201d przekazuje si\u0119 rodzicowi\/opiekunowi prawnemu\/opiekunowi faktycznemu albo osobie, kt\u00f3ra zg\u0142osi\u0142a podejrzenie stosowania przemocy w rodzinie.<\/li><li>Formularza \u201eNiebieska Karta \u2013 B\u201d nie przekazuje si\u0119 osobie, wobec kt\u00f3rej istnieje podejrzenie, \u017ce stosuje przemoc w rodzinie.<\/li><li>Przekazanie orygina\u0142u wype\u0142nionego formularza \u201eNiebieska Karta \u2013 A\u201d do przewodnicz\u0105cego zespo\u0142u interdyscyplinarnego nast\u0119puje niezw\u0142ocznie, nie p\u00f3\u017aniej ni\u017c w ci\u0105gu siedmiu dni od dnia wszcz\u0119cia procedury. Je\u015bli formularz ma zosta\u0107 przekazany na okre\u015blony adres poczt\u0105, niezb\u0119dne jest nadanie go listem poleconym wraz ze zwrotnym potwierdzeniem odbioru. Zastosowanie niniejszej procedury nie zwalnia z obowi\u0105zku zawiadomienia organu powo\u0142anego do \u015bci\u0105gania przest\u0119pstw albo powiadomienia o dokonanych ustaleniach faktycznych, wydzia\u0142u rodzinnego i opieku\u0144czego s\u0105du rejonowego, w\u0142a\u015bciwego ze wzgl\u0119du na miejsce zamieszkania osoby krzywdzonej.<\/li><li>Kopi\u0119 wype\u0142nionego formularza \u201eNiebieska Karta \u2013 A\u201d pozostawia si\u0119 u wszczynaj\u0105cego procedur\u0119.<\/li><li>W przypadkach, gdy prowadzona procedura \u201eNiebieskiej Karty\u201d nie przynosi oczekiwanych rezultat\u00f3w lub dochodzi do kolejnych akt\u00f3w krzywdzenia ma\u0142oletniego, nale\u017cy zawiadomi\u0107 organ do \u015bcigania przest\u0119pstw albo wydzia\u0142 rodzinny i opieku\u0144czy w\u0142a\u015bciwego miejscowo s\u0105du rejonowego.<\/li><li>W ramach procedury upowa\u017cniony przedstawiciel plac\u00f3wki Zgromadzenia:<ol><li>udziela kompleksowych informacji o mo\u017cliwo\u015bciach uzyskania pomocy, w szczeg\u00f3lno\u015bci psychologicznej, prawnej, socjalnej i pedagogicznej, oraz wsparcia, w tym o instytucjach i podmiotach \u015bwiadcz\u0105cych specjalistyczn\u0105 pomoc na rzecz os\u00f3b dotkni\u0119tych przemoc\u0105 w rodzinie, mo\u017cliwo\u015bciach podj\u0119cia dalszych dzia\u0142a\u0144 maj\u0105cych na celu popraw\u0119 sytuacji osoby, co do kt\u00f3rej istnieje podejrzenie, \u017ce jest dotkni\u0119ta przemoc\u0105 w rodzinie,<\/li><li>organizuje niezw\u0142ocznie dost\u0119p do pomocy medycznej, je\u017celi wymaga tego stan zdrowia osoby, co do kt\u00f3rej istnieje podejrzenie, \u017ce jest dotkni\u0119ta przemoc\u0105 w rodzinie,\u00a0<\/li><li>mo\u017ce prowadzi\u0107 rozmowy z osobami, wobec kt\u00f3rych istnieje podejrzenie, \u017ce stosuj\u0105 przemoc w rodzinie, na temat konsekwencji stosowania przemocy w rodzinie oraz informuje je o mo\u017cliwo\u015bciach podj\u0119cia leczenia lub terapii i wzi\u0119cia udzia\u0142u w programach oddzia\u0142ywa\u0144 korekcyjno-edukacyjnych dla os\u00f3b stosuj\u0105cych przemoc w rodzinie,<\/li><li>diagnozuje sytuacj\u0119 i potrzeby osoby, co do kt\u00f3rej istnieje podejrzenie, \u017ce jest dotkni\u0119ta przemoc\u0105 w rodzinie, w tym w szczeg\u00f3lno\u015bci wobec ma\u0142oletnich,<\/li><li>udziela kompleksowych informacji rodzicowi\/opiekunowi prawnemu\/ opiekunowi faktycznemu o mo\u017cliwo\u015bciach uzyskania pomocy psychologicznej, prawnej, socjalnej i pedagogicznej oraz wsparcia rodziny, w tym o formach pomocy ma\u0142oletnim \u015bwiadczonych przez instytucje i podmioty w zakresie specjalistycznej pomocy na rzecz os\u00f3b dotkni\u0119tych przemoc\u0105 w rodzinie.<\/li><\/ol><\/li><\/ol>\n\n\n\n<p><strong>Podstawowe informacje dla nauczyciela, wychowawcy oraz innych os\u00f3b, kt\u00f3re wsp\u00f3\u0142pracuj\u0105 z plac\u00f3wkami Zgromadzenia: jak rozpozna\u0107 czy ma\u0142oletni jest krzywdzony<\/strong><\/p>\n\n\n\n<ol class=\"wp-block-list\" type=\"1\"><li><strong>Krzywdzenie psychiczne:<\/strong> upokarzanie, odrzucanie, izolowanie, ignorowanie, wyszydzanie, krytykowanie, terroryzowanie, zmuszanie do wysi\u0142ku przekraczaj\u0105cego jego mo\u017cliwo\u015bci, zastraszanie, gro\u017cenie ma\u0142oletniemu. Ma\u0142oletni doznaj\u0105cy takiej przemocy zachowuje si\u0119 nieadekwatnie do wieku, wykazuje zaburzenia jedzenia (niedojadanie, nadmierne objadanie si\u0119, wymioty), okalecza si\u0119, ma problemy ze snem i koszmary, odczuwa strach przed za\u015bni\u0119ciem.<\/li><li><strong>Wykorzystywanie seksualne:<\/strong> ma\u0142oletni wykorzystywany seksualnie jest nadmiernie rozbudzony, du\u017co m\u00f3wi o seksie, unika kontaktu z doros\u0142ymi, opisuje zachowanie osoby doros\u0142ej wskazuj\u0105ce na to, \u017ce ta pr\u00f3bowa\u0142a go uwie\u015b\u0107. Ma\u0142oletni jest przygn\u0119biony, wycofany, ma problemy z koncentracj\u0105 uwagi, zaczyna zachowywa\u0107 si\u0119 agresywnie, ma trudno\u015bci w relacjach z r\u00f3wie\u015bnikami, odmawia przebierania si\u0119 w towarzystwie innych. Ma tak\u017ce problemy ze snem, przejawia dolegliwo\u015bci b\u00f3lowe intymnych cz\u0119\u015bci cia\u0142a, a tak\u017ce g\u0142owy i brzucha. Zdradza trudno\u015bci np. z siedzeniem, chodzeniem, oddawaniem moczu, ka\u0142u, ma cz\u0119ste infekcje dr\u00f3g moczowo-p\u0142ciowych, widoczne siniaki na klatce piersiowej, po\u015bladkach, podbrzuszu, udach oraz otarcia, zaczerwienienia, stany zapalne sk\u00f3ry, a tak\u017ce krwawienia. Sygna\u0142em ostrzegawczym jest r\u00f3wnie\u017c zbytnia erotyzacja ma\u0142oletniego oraz odgrywana przemoc seksualna, np. na lalkach, zabawkach.<\/li><\/ol>\n","protected":false},"excerpt":{"rendered":"<p>Podstawa prawna Powszechna Deklaracja Praw Cz\u0142owieka Akt konstytucyjny UNESCO (Dz. U. z 1958 roku Nr 63, poz. 311) Ustawa z dnia 25 lutego 1964 roku, Kodeks rodzinny i opieku\u0144czy (Dz. U. &nbsp;z 2017 roku, poz. 687) Ustawa z dnia 6 czerwca 1997 roku, Kodeks Karny (Dz. U. z 2016 &nbsp;roku, Nr 88 poz. 1137, 2138, [&hellip;]<\/p>\n","protected":false},"author":4,"featured_media":0,"parent":0,"menu_order":0,"comment_status":"closed","ping_status":"closed","template":"","meta":{"footnotes":""},"class_list":["post-6126","page","type-page","status-publish","hentry"],"_links":{"self":[{"href":"https:\/\/kspnazaret.pl\/index.php?rest_route=\/wp\/v2\/pages\/6126","targetHints":{"allow":["GET"]}}],"collection":[{"href":"https:\/\/kspnazaret.pl\/index.php?rest_route=\/wp\/v2\/pages"}],"about":[{"href":"https:\/\/kspnazaret.pl\/index.php?rest_route=\/wp\/v2\/types\/page"}],"author":[{"embeddable":true,"href":"https:\/\/kspnazaret.pl\/index.php?rest_route=\/wp\/v2\/users\/4"}],"replies":[{"embeddable":true,"href":"https:\/\/kspnazaret.pl\/index.php?rest_route=%2Fwp%2Fv2%2Fcomments&post=6126"}],"version-history":[{"count":1,"href":"https:\/\/kspnazaret.pl\/index.php?rest_route=\/wp\/v2\/pages\/6126\/revisions"}],"predecessor-version":[{"id":6128,"href":"https:\/\/kspnazaret.pl\/index.php?rest_route=\/wp\/v2\/pages\/6126\/revisions\/6128"}],"wp:attachment":[{"href":"https:\/\/kspnazaret.pl\/index.php?rest_route=%2Fwp%2Fv2%2Fmedia&parent=6126"}],"curies":[{"name":"wp","href":"https:\/\/api.w.org\/{rel}","templated":true}]}}