{"id":6123,"date":"2021-01-06T15:08:47","date_gmt":"2021-01-06T14:08:47","guid":{"rendered":"http:\/\/www.kspnazaret.pl\/?page_id=6123"},"modified":"2021-01-06T15:11:26","modified_gmt":"2021-01-06T14:11:26","slug":"1-2-1-zasady-ogolne","status":"publish","type":"page","link":"https:\/\/kspnazaret.pl\/?page_id=6123","title":{"rendered":"1.2.1. Zasady og\u00f3lne"},"content":{"rendered":"\n<ul class=\"wp-block-list\"><li>W plac\u00f3wkach o\u015bwiatowych i wychowawczych prowadzonych przez Zgromadzenie obowi\u0105zuj\u0105 nast\u0119puj\u0105ce zasady post\u0119powania wobec ma\u0142oletnich:<ol><li>Naczeln\u0105 zasad\u0105 post\u0119powania jest nienaruszalno\u015b\u0107 ich integralno\u015bci duchowej i cielesnej.<\/li><li>Zabrania si\u0119 stosowania kar cielesnych.<\/li><li>Zabrania si\u0119 stosowania kar, kt\u00f3re nosi\u0142yby znamiona przemocy psychicznej, polegaj\u0105cych na np. poni\u017caniu, upokarzaniu i o\u015bmieszaniu dziecka, braku odpowiedniego wsparcia, uwagi i mi\u0142o\u015bci, stawianiu wymaga\u0144 i oczekiwa\u0144 wobec ma\u0142oletniego, kt\u00f3rym nie jest ono w stanie sprosta\u0107.<\/li><li>Zabrania si\u0119 zachowa\u0144, kt\u00f3re kwalifikuj\u0105 si\u0119 jako zn\u0119canie, dokuczanie, szykanowanie, zar\u00f3wno w sferze psychicznej jak i fizycznej, niezale\u017cnie od tego czy \u017ar\u00f3d\u0142em takich nadu\u017cy\u0107 s\u0105 opiekunowie prawni, osoby doros\u0142e sprawuj\u0105ce w danym momencie opiek\u0119 nad ma\u0142oletnim, czy te\u017c inni ma\u0142oletni.<\/li><li>Ka\u017cdemu przys\u0142uguje niezbywalne prawo do prywatno\u015bci, a wszelkie zachowania, niezale\u017cnie od przejawiaj\u0105cej je osoby, kt\u00f3re narusza\u0142yby to prawo s\u0105 zabronione.<\/li><li>Ka\u017cda ingerencja w sfer\u0119 intymn\u0105 ma\u0142oletnich jest zakazana, niezale\u017cnie od tego czy ma miejsce na p\u0142aszczy\u017anie werbalnej, czy fizycznej.<\/li><li>Szczeg\u00f3ln\u0105 ochron\u0119 nale\u017cy zapewni\u0107 ma\u0142oletnim w toaletach, \u0142azienkach, przebieralniach czy szatniach. Zabrania si\u0119 fotografowania ma\u0142oletnich w tych miejscach przez osoby trzecie, jak r\u00f3wnie\u017c przez samych ma\u0142oletnich.<\/li><li>W sytuacjach wyj\u0105tkowych, gdy ma\u0142oletni, ze wzgl\u0119du na ograniczenia wiekowe lub zdrowotne, nie jest w stanie samodzielnie wykona\u0107 czynno\u015bci higienicznych lub innych o naturze osobistej, pomocy udziela opiekun faktyczny, z zachowaniem zasad ochrony intymno\u015bci ma\u0142oletniego.<\/li><li>Zabrania si\u0119 naruszania d\u00f3br osobistych ma\u0142oletnich zar\u00f3wno tych, kt\u00f3re przys\u0142uguj\u0105 im samym, jak i ka\u017cdemu innemu cz\u0142owiekowi.<\/li><li>Dozwolon\u0105 form\u0105 kontaktu z ma\u0142oletnimi jest informowanie ich o wydarzeniach czy bie\u017c\u0105cym funkcjonowaniu plac\u00f3wki za po\u015brednictwem portali spo\u0142eczno\u015bciowych.<\/li><li>Korespondencja mailowa z ma\u0142oletnimi przesy\u0142ana na ich prywatne adresy, a tak\u017ce komunikacja za po\u015brednictwem telefonu powinna wyst\u0119powa\u0107 tylko i wy\u0142\u0105cznie w sytuacjach szczeg\u00f3lnych i dotycz\u0105cych kwestii zwi\u0105zanych z funkcjonowaniem plac\u00f3wki. Informacje wysy\u0142ane t\u0105 drog\u0105 musz\u0105 pochodzi\u0107 z adresu mailowego plac\u00f3wki lub adresu mailowego przydzielonego poszczeg\u00f3lnym cz\u0142onkom personelu plac\u00f3wki albo za po\u015brednictwem s\u0142u\u017cbowego telefonu.<\/li><li>Zabrania si\u0119 personelowi plac\u00f3wki prowadzenia korespondencji mailowej z ma\u0142oletnimi z prywatnych adres\u00f3w mailowych, prywatnych profili na portalach internetowych oraz przez komunikatory internetowe, kt\u00f3re nie s\u0105 powi\u0105zane instytucjonalnie z plac\u00f3wk\u0105 i przez ni\u0105 zarz\u0105dzane.<\/li><li>Przestrzeganie zasad wynikaj\u0105cych z klauzury pomieszcze\u0144 zakonnych powinno by\u0107 w pe\u0142ni przestrzegane, respektowane i nadzorowane przez wszystkie osoby, kt\u00f3re zasadom klauzury podlegaj\u0105.<\/li><li>Obowi\u0105zuje zakaz przebywania ma\u0142oletnich, zw\u0142aszcza w pojedynk\u0119, w pomieszczeniach mieszkalnych lub zajmowanych przez Siostry Nazaretanki, a tak\u017ce przez osoby \u015bwieckie zatrudnione lub wsp\u00f3\u0142pracuj\u0105ce z plac\u00f3wkami Zgromadzenia w oparciu o r\u00f3\u017cne formy stosunku prawnego.<\/li><li>Gdy zaistnieje konieczno\u015b\u0107 indywidualnego spotkania z ma\u0142oletnim nale\u017cy zatroszczy\u0107 si\u0119, aby spotkanie takie nie odbywa\u0142o si\u0119 w warunkach ca\u0142kowitej izolacji. Indywidualnych spotka\u0144 z ma\u0142oletnimi nie wolno w nieroztropny spos\u00f3b ani przed\u0142u\u017ca\u0107, ani mno\u017cy\u0107. Pora takich spotka\u0144 zawsze powinna by\u0107 zgodna z dobrem dziecka i dobrymi obyczajami. Nale\u017cy zatroszczy\u0107 si\u0119, aby o takich spotkaniach byli informowani w\u0142a\u015bciwi prze\u0142o\u017ceni jak i rodzice\/opiekunowie prawni\/opiekunowie faktyczni ma\u0142oletniego, chyba, \u017ce sprzeciwia si\u0119 temu dobro dziecka.<\/li><li>Wizyty w miejscu zamieszkania ma\u0142oletnich powinny mie\u0107 charakter wyj\u0105tkowy i zawsze wynika\u0107 ze szczeg\u00f3lnie uzasadnionej potrzeby. Musz\u0105 bezwzgl\u0119dnie odbywa\u0107 si\u0119 w obecno\u015bci rodzic\u00f3w\/opiekun\u00f3w prawnych\/opiekun\u00f3w faktycznych ma\u0142oletniego. Ka\u017cdy proces wychowawczy czy formacyjny musi by\u0107 dostosowany do wieku ma\u0142oletnich. Nie wolno w tym procesie wykorzystywa\u0107 materia\u0142\u00f3w zawieraj\u0105cych przemoc i takich, kt\u00f3re s\u0105 moralnie w\u0105tpliwe<strong>.<\/strong><\/li><li>Przew\u00f3z ma\u0142oletniego prywatnym samochodem powinien odbywa\u0107 si\u0119 za uprzedni\u0105 pro\u015bb\u0105 jego rodzic\u00f3w\/opiekun\u00f3w prawnych\/opiekun\u00f3w faktycznych wyra\u017con\u0105 na pi\u015bmie.<\/li><li>Dopuszczalne jest dyscyplinowanie ma\u0142oletniego, ale tylko w\u00f3wczas, gdy na jego niew\u0142a\u015bciwe zachowanie nie pomaga perswazja, upomnienia, pro\u015bby i polecenia<strong>.<\/strong><\/li><li>Dyscyplinuj\u0105c ma\u0142oletniego nale\u017cy zawsze mie\u0107 na wzgl\u0119dzie jego wiek i indywidualn\u0105 wra\u017cliwo\u015b\u0107: zazwyczaj wystarczaj\u0105cym b\u0119dzie ustne upomnienie, stanowcze zwr\u00f3cenie uwagi i zawsze rozmowa polegaj\u0105ca na wyt\u0142umaczeniu na czym polega niew\u0142a\u015bciwo\u015b\u0107 post\u0119powania.<\/li><li>Nie wolno zwleka\u0107 z reakcj\u0105 na niew\u0142a\u015bciwe post\u0119powanie ma\u0142oletniego i nie wolno dyscyplinowa\u0107 go za czyn o charakterze nieumy\u015blnym.<\/li><li>Dyscyplinowanie nie mo\u017ce zaburza\u0107 r\u00f3wnowagi psychicznej ma\u0142oletniego.<\/li><li>Dyscyplinuj\u0105c ma\u0142oletniego nale\u017cy wys\u0142ucha\u0107 jego wyja\u015bnie\u0144, a okazywana przez niego szczera skrucha winna wp\u0142ywa\u0107 \u0142agodz\u0105co na podj\u0119te \u015brodki wychowawcze.<\/li><li>Si\u0142\u0119 fizyczn\u0105 mo\u017cna stosowa\u0107 tylko i wy\u0142\u0105cznie w celu powstrzymania agresji, kt\u00f3ra zagra\u017ca \u017cyciu i zdrowiu oraz bezpiecze\u0144stwu ma\u0142oletniego lub innych ma\u0142oletnich.<\/li><li>Jedn\u0105 z podstawowych warto\u015bci obowi\u0105zuj\u0105cych w plac\u00f3wkach Zgromadzenia jest zasada r\u00f3wnego traktowania, polegaj\u0105ca na zapewnieniu wszystkim ma\u0142oletnim r\u00f3wnego dost\u0119pu do edukacji w atmosferze poszanowania ich praw.<\/li><li>Przeciwdzia\u0142anie naruszeniom zasady r\u00f3wnego traktowania polega na stanowczym reagowaniu na przejawy dyskryminacji, uprzedzenia oraz tzw. mow\u0119 nienawi\u015bci.<\/li><li>Przeciwdzia\u0142anie naruszaniu zasady r\u00f3wnego traktowania polega r\u00f3wnie\u017c na trosce o to, aby wszyscy ma\u0142oletni mieli r\u00f3wn\u0105 mo\u017cliwo\u015b\u0107 korzystania i aktywnego uczestnictwa w wydarzeniach organizowanych przez plac\u00f3wk\u0119 Zgromadzenia takich jak np. wycieczki, \u015bwi\u0119ta zwi\u0105zane z funkcjonowaniem plac\u00f3wki czy zaj\u0119cia \u00a0dodatkowe.<\/li><li>Wyrazem troski o zasad\u0119 r\u00f3wnego traktowania ma\u0142oletnich jest systematyczne doskonalenie systemu wsparcia na rzecz ma\u0142oletnich ze specjalnymi potrzebami edukacyjnymi, ze zwr\u00f3ceniem szczeg\u00f3lnej uwagi na dostosowywanie wymaga\u0144 do mo\u017cliwo\u015bci psychofizycznych i potrzeb edukacyjnych ma\u0142oletnich.<\/li><\/ol><\/li><\/ul>\n","protected":false},"excerpt":{"rendered":"<p>W plac\u00f3wkach o\u015bwiatowych i wychowawczych prowadzonych przez Zgromadzenie obowi\u0105zuj\u0105 nast\u0119puj\u0105ce zasady post\u0119powania wobec ma\u0142oletnich: Naczeln\u0105 zasad\u0105 post\u0119powania jest nienaruszalno\u015b\u0107 ich integralno\u015bci duchowej i cielesnej. Zabrania si\u0119 stosowania kar cielesnych. Zabrania si\u0119 stosowania kar, kt\u00f3re nosi\u0142yby znamiona przemocy psychicznej, polegaj\u0105cych na np. poni\u017caniu, upokarzaniu i o\u015bmieszaniu dziecka, braku odpowiedniego wsparcia, uwagi i mi\u0142o\u015bci, stawianiu wymaga\u0144 i [&hellip;]<\/p>\n","protected":false},"author":4,"featured_media":0,"parent":0,"menu_order":0,"comment_status":"closed","ping_status":"closed","template":"","meta":{"footnotes":""},"class_list":["post-6123","page","type-page","status-publish","hentry"],"_links":{"self":[{"href":"https:\/\/kspnazaret.pl\/index.php?rest_route=\/wp\/v2\/pages\/6123","targetHints":{"allow":["GET"]}}],"collection":[{"href":"https:\/\/kspnazaret.pl\/index.php?rest_route=\/wp\/v2\/pages"}],"about":[{"href":"https:\/\/kspnazaret.pl\/index.php?rest_route=\/wp\/v2\/types\/page"}],"author":[{"embeddable":true,"href":"https:\/\/kspnazaret.pl\/index.php?rest_route=\/wp\/v2\/users\/4"}],"replies":[{"embeddable":true,"href":"https:\/\/kspnazaret.pl\/index.php?rest_route=%2Fwp%2Fv2%2Fcomments&post=6123"}],"version-history":[{"count":1,"href":"https:\/\/kspnazaret.pl\/index.php?rest_route=\/wp\/v2\/pages\/6123\/revisions"}],"predecessor-version":[{"id":6125,"href":"https:\/\/kspnazaret.pl\/index.php?rest_route=\/wp\/v2\/pages\/6123\/revisions\/6125"}],"wp:attachment":[{"href":"https:\/\/kspnazaret.pl\/index.php?rest_route=%2Fwp%2Fv2%2Fmedia&parent=6123"}],"curies":[{"name":"wp","href":"https:\/\/api.w.org\/{rel}","templated":true}]}}