{"id":6115,"date":"2021-01-06T14:42:50","date_gmt":"2021-01-06T13:42:50","guid":{"rendered":"http:\/\/www.kspnazaret.pl\/?page_id=6115"},"modified":"2021-01-06T14:42:51","modified_gmt":"2021-01-06T13:42:51","slug":"przepisy-wprowadzajace","status":"publish","type":"page","link":"https:\/\/kspnazaret.pl\/?page_id=6115","title":{"rendered":"Przepisy wprowadzaj\u0105ce"},"content":{"rendered":"\n<ol class=\"wp-block-list\" type=\"1\"><li>\u00a0XXIII Kapitu\u0142a Generalna Zgromadzenia Si\u00f3str Naj\u015bwi\u0119tszej Rodziny z Nazaretu, Dekretem nr 5, podj\u0119\u0142a nast\u0119puj\u0105c\u0105 decyzj\u0119: \u201eJako Zgromadzenie Si\u00f3str Naj\u015bwi\u0119tszej Rodziny z Nazaretu sprzeciwiamy si\u0119 przemocy wobec dzieci i os\u00f3b nieporadnych. Kapitu\u0142a Generalna zobowi\u0105zuje ka\u017cd\u0105 prowincj\u0119 do opracowania dyrektyw maj\u0105cych na celu ochron\u0119 dzieci i os\u00f3b nieporadnych, zgodnie z normami ustalonymi przez Ko\u015bci\u00f3\u0142 lokalny i prawo \u015bwieckie.\u201d<\/li><li>Konferencja Episkopatu Polski w dokumencie przyj\u0119tym podczas 365. Zebrania Plenarnego KEP pn. <em>Prewencja nadu\u017cy\u0107 seksualnych wobec dzieci i m\u0142odzie\u017cy i os\u00f3b niepe\u0142nosprawnych w pracy duszpasterskiej i wychowawczej Ko\u015bcio\u0142a w Polsce, <\/em>zobowi\u0105za\u0142a ko\u015bcielne jednostki organizacyjne do opracowania kodeksu zachowa\u0144 w tym zakresie.<\/li><li>Wype\u0142niaj\u0105c Dekret 5 XXIII Kapitu\u0142y Generalnej oraz zalecenia Konferencji Episkopatu Polski, Prowincja Imienia Maryi (Zgromadzenie Si\u00f3str Naj\u015bwi\u0119tszej Rodziny z Nazaretu, Prowincja Krakowska) z siedzib\u0105 w Krakowie (Polska) opracowa\u0142a w\u0142asne zasady i normy ochrony przed przemoc\u0105 wyst\u0119puj\u0105c\u0105 w formie fizycznej, psychicznej i seksualnej.<\/li><li><em>Zasady i normy ochrony ma\u0142oletnich oraz os\u00f3b nieporadnych przed przemoc\u0105 <\/em>zwane dalej <strong>Kodeksem bezpiecze\u0144stwa<\/strong> zbieraj\u0105 w jeden dokument zasady i procedury zawarte w innych dokumentach Zgromadzenia Si\u00f3str Naj\u015bwi\u0119tszej Rodziny z Nazaretu, Prowincji Krakowskiej, zwanym dalej Zgromadzeniem, w tym jednostek podlegaj\u0105cych, maj\u0105cych na celu ochron\u0119 przed przemoc\u0105.<\/li><li>Podstaw\u0119 prawn\u0105 dla Kodeksu bezpiecze\u0144stwa stanowi aktualnie obowi\u0105zuj\u0105ce na terenie Rzeczypospolitej Polskiej prawo pa\u0144stwowe w odniesieniu do opisanego powy\u017cej zakresu przedmiotowego dokumentu oraz prawo ko\u015bcielne.<\/li><li>Kodeks bezpiecze\u0144stwaprzeznaczony jest do stosowania we wszystkich plac\u00f3wkach prowadzonych przez Zgromadzenie, w kt\u00f3rych r\u00f3\u017cn\u0105 form\u0105 opieki i wsparcia obj\u0119ci s\u0105 ma\u0142oletni oraz osoby nieporadne ze wzgl\u0119du na ich stan psychiczny lub fizyczny. Odpowiedzialn\u0105 za wdro\u017cenie Kodeksu bezpiecze\u0144stwa i monitoring jego przestrzegania w Prowincji, jako organu prowadz\u0105cego plac\u00f3wki Zgromadzenia, jest Radna prowincjalna, wyznaczona przez Prze\u0142o\u017con\u0105 Prowincji. T\u0119 sam\u0105 odpowiedzialno\u015b\u0107 w plac\u00f3wkach Zgromadzenia pe\u0142ni\u0105 dyrektorzy tych plac\u00f3wek. Bie\u017c\u0105cy monitoring realizacji Kodeksu bezpiecze\u0144stwa prowadzi osoba\/osoby wyznaczone przez dyrektora plac\u00f3wki. Ka\u017cdy z pracownik\u00f3w, bez wzgl\u0119du na form\u0119 zatrudnienia, oraz wolontariusze, sta\u017cy\u015bci i praktykanci zobowi\u0105zani s\u0105 do zapoznania si\u0119 Kodeksem bezpiecze\u0144stwa i jego przestrzegania, co potwierdzaj\u0105 pisemnym o\u015bwiadczeniem.<\/li><li>Maj\u0105c \u015bwiadomo\u015b\u0107 ci\u0105\u017c\u0105cego na nas obowi\u0105zku zapewnienia powierzonym nam ma\u0142oletnim oraz osobom nieporadnym ochrony przed przemoc\u0105, wprowadzamy w plac\u00f3wkach prowadzonych przez Zgromadzenie niniejszy Kodeks bezpiecze\u0144stwa, kt\u00f3ry posiada cechy wewn\u0119trznego regulaminu pracy w \u015bci\u015ble okre\u015blonym obszarze.<\/li><li>Nieprzestrzeganie zasad i norm zawartych w Kodeksie bezpiecze\u0144stwa w ramach wykonywanych w plac\u00f3wkach Zgromadzenia obowi\u0105zk\u00f3w pracowniczych skutkowa\u0107 b\u0119dzie odpowiedzialno\u015bci\u0105 pracownicz\u0105 w odniesieniu do wszystkich os\u00f3b zatrudnionych w plac\u00f3wkach Zgromadzenia lub z nimi wsp\u00f3\u0142pracuj\u0105cych w jakiejkolwiek formie prawnej lub faktycznej. W odniesieniu do Si\u00f3str Nazaretanek zatrudnionych lub wsp\u00f3\u0142pracuj\u0105cych z plac\u00f3wkami Zgromadzenia nadal obowi\u0105zywa\u0107 b\u0119d\u0105 <em>Wytyczne dotycz\u0105ce wewn\u0119trznego post\u0119powania wyja\u015bniaj\u0105cego w przypadku oskar\u017ce\u0144 si\u00f3str o pope\u0142nienie czyn\u00f3w zabronionych<\/em> z roku 2011, okre\u015blaj\u0105ce ich odpowiedzialno\u015b\u0107 wynikaj\u0105c\u0105 z kodeksu prawa kanonicznego i prawa wewn\u0119trznego Zgromadzenia zatwierdzone przez Zarz\u0105d Prowincji, co oznacza, \u017ce Siostry Nazaretanki podlegaj\u0105 w tym zakresie r\u00f3wnocze\u015bnie obu dokumentom.<\/li><li>Wype\u0142niaj\u0105c pos\u0142ug\u0119 apostolsk\u0105 jako Zgromadzenie Si\u00f3str Naj\u015bwi\u0119tszej Rodziny z Nazaretu kierujemy si\u0119 wskaz\u00f3wkami zawartymi w dokumencie dotycz\u0105cym formacji przyj\u0119tym dla Zgromadzenia przez Zarz\u0105d Generalny w roku 2016 pn. <em>Droga Mi\u0142o\u015bci &#8211; Ratio Zgromadzenia Si\u00f3str Naj\u015bwi\u0119tszej Rodziny z Nazaretu<\/em>. \u201eJako nazaretanki, przekazujemy \u015bwiatu Bo\u017c\u0105 mi\u0142o\u015b\u0107, kt\u00f3rej do\u015bwiadczamy na modlitwie i w \u017cyciu naszych wsp\u00f3lnot. Pragniemy dzieli\u0107 t\u0119 mi\u0142o\u015b\u0107 z innymi, a szczeg\u00f3lnie rozprzestrzenia\u0107 j\u0105 po\u015br\u00f3d rodzin. (\u2026) Staramy si\u0119, by do wszystkich obj\u0119tych naszym apostolatem \u201edociera\u0142o serce Naj\u015bwi\u0119tszej Rodziny\u201d, aby w miejscach naszej pos\u0142ugi apostolskiej panowa\u0142a atmosfera domu Jezusa, Maryi i \u015bw. J\u00f3zefa; atmosfera ewangelicznej prawdy, przebaczenia, mi\u0142o\u015bci, dobroci, otwarto\u015bci, go\u015bcinno\u015bci, prostoty i szczero\u015bci oraz radosnej wolno\u015bci dzieci Bo\u017cych. (\u2026) Wa\u017cna dla naszego apostolatu jest wszelka wra\u017cliwo\u015b\u0107 na potrzeby i cierpienia cz\u0142owieka, kt\u00f3re tak jawnie i tak przejmuj\u0105co okazuje si\u0119 we wsp\u00f3\u0142czesnym \u015bwiecie. Dlatego sprzeciwiamy si\u0119 przemocy wobec dzieci i os\u00f3b nieporadnych.\u201d Podejmujemy zatem wysi\u0142ki, by w plac\u00f3wkach Zgromadzenia realizowa\u0107 powy\u017csze wskazania.<\/li><\/ol>\n","protected":false},"excerpt":{"rendered":"<p>\u00a0XXIII Kapitu\u0142a Generalna Zgromadzenia Si\u00f3str Naj\u015bwi\u0119tszej Rodziny z Nazaretu, Dekretem nr 5, podj\u0119\u0142a nast\u0119puj\u0105c\u0105 decyzj\u0119: \u201eJako Zgromadzenie Si\u00f3str Naj\u015bwi\u0119tszej Rodziny z Nazaretu sprzeciwiamy si\u0119 przemocy wobec dzieci i os\u00f3b nieporadnych. Kapitu\u0142a Generalna zobowi\u0105zuje ka\u017cd\u0105 prowincj\u0119 do opracowania dyrektyw maj\u0105cych na celu ochron\u0119 dzieci i os\u00f3b nieporadnych, zgodnie z normami ustalonymi przez Ko\u015bci\u00f3\u0142 lokalny i prawo [&hellip;]<\/p>\n","protected":false},"author":4,"featured_media":0,"parent":0,"menu_order":0,"comment_status":"closed","ping_status":"closed","template":"","meta":{"footnotes":""},"class_list":["post-6115","page","type-page","status-publish","hentry"],"_links":{"self":[{"href":"https:\/\/kspnazaret.pl\/index.php?rest_route=\/wp\/v2\/pages\/6115","targetHints":{"allow":["GET"]}}],"collection":[{"href":"https:\/\/kspnazaret.pl\/index.php?rest_route=\/wp\/v2\/pages"}],"about":[{"href":"https:\/\/kspnazaret.pl\/index.php?rest_route=\/wp\/v2\/types\/page"}],"author":[{"embeddable":true,"href":"https:\/\/kspnazaret.pl\/index.php?rest_route=\/wp\/v2\/users\/4"}],"replies":[{"embeddable":true,"href":"https:\/\/kspnazaret.pl\/index.php?rest_route=%2Fwp%2Fv2%2Fcomments&post=6115"}],"version-history":[{"count":1,"href":"https:\/\/kspnazaret.pl\/index.php?rest_route=\/wp\/v2\/pages\/6115\/revisions"}],"predecessor-version":[{"id":6116,"href":"https:\/\/kspnazaret.pl\/index.php?rest_route=\/wp\/v2\/pages\/6115\/revisions\/6116"}],"wp:attachment":[{"href":"https:\/\/kspnazaret.pl\/index.php?rest_route=%2Fwp%2Fv2%2Fmedia&parent=6115"}],"curies":[{"name":"wp","href":"https:\/\/api.w.org\/{rel}","templated":true}]}}