{"id":5895,"date":"2020-12-21T21:10:04","date_gmt":"2020-12-21T20:10:04","guid":{"rendered":"http:\/\/www.kspnazaret.pl\/?page_id=5895"},"modified":"2026-01-08T12:45:32","modified_gmt":"2026-01-08T11:45:32","slug":"regulamin-rekrutacji-do-klasy-i","status":"publish","type":"page","link":"https:\/\/kspnazaret.pl\/?page_id=5895","title":{"rendered":"Regulamin rekrutacji do klasy I"},"content":{"rendered":"<p>[vc_row gap=&#8221;1&#8243;][vc_column][vc_column_text]<\/p>\r\n<div class=\"wp-block-group\"><div class=\"wp-block-group__inner-container\">\r\n<div class=\"wp-block-group__inner-container is-layout-flow wp-block-group-is-layout-flow\">\r\n<p class=\"wp-block-verse\" style=\"padding-left: 40px;\"><strong>Postawa prawna: <\/strong><\/p>\r\n<ol>\r\n<li class=\"wp-block-verse\"><em>Rozporzadzenie Ministra Edukacji i Nauki z dnia 18 listopada 2022 r. (<em>Dz. U. 2024 roku, poz.989<\/em>)<\/em><\/li>\r\n<li class=\"wp-block-verse\"><em>Statut Katolickiej Szko\u0142y Podstawowej im. Maryi z Nazaretu w Kielcach<\/em><\/li>\r\n<\/ol>\r\n<p class=\"wp-block-verse has-text-align-center\" style=\"text-align: center;\"><span style=\"color: #000000;\">\u00a7 1 <\/span><\/p>\r\n<p class=\"wp-block-verse has-text-align-center\" style=\"text-align: left; padding-left: 40px;\"><span style=\"color: #000000;\">Regulamin okre\u015bla warunki, kryteria i tryb przyjmowania uczni\u00f3w do klasy pierwszej Katolickiej Szko\u0142y Podstawowej im. Maryi z Nazaretu w Kielcach.<\/span><\/p>\r\n<\/div>\r\n<\/div><\/div>\r\n\r\n<p>&nbsp;<\/p>\r\n\r\n<p class=\"has-text-align-center\" style=\"text-align: center;\">\u00a7 2<\/p>\r\n\r\n<p>&nbsp;<\/p>\r\n\r\n<ol class=\"wp-block-list\">\r\n<li>Szko\u0142a prowadzi rekrutacj\u0119 w oparciu o powszechn\u0105 zasad\u0119 dost\u0119pno\u015bci.<\/li>\r\n<li>Szko\u0142a nie posiada w\u0142asnego obwodu szkolnego.<\/li>\r\n<li>Rodzice i uczniowie poprzez dobrowolny wyb\u00f3r szko\u0142y katolickiej akceptuj\u0105 koncepcj\u0119 wychowania i kszta\u0142cenia g\u0142oszon\u0105 przez Ko\u015bci\u00f3\u0142 katolicki i opisan\u0105 w Statucie.<\/li>\r\n<\/ol>\r\n\r\n<p>&nbsp;<\/p>\r\n\r\n<p class=\"has-text-align-center\" style=\"text-align: center;\">\u00a7 3<\/p>\r\n\r\n<p>&nbsp;<\/p>\r\n\r\n<ol class=\"wp-block-list\">\r\n<li>Termin rozpocz\u0119cia rekrutacji oraz spos\u00f3b sk\u0142adania wniosk\u00f3w zostaje ustalony ka\u017cdorazowo w\u00a0bie\u017c\u0105cym roku szkolnym w kalendarium rekrutacyjnym.<\/li>\r\n<li>Regulamin rekrutacji, kalendarium oraz formularz zg\u0142oszeniowy znajduj\u0105 si\u0119 na stronie internetowej szko\u0142y <a href=\"http:\/\/www.kspnazaret.pl\">www.kspnazaret.pl<\/a><\/li>\r\n<li>Ostateczn\u0105 list\u0119 kandydat\u00f3w przyj\u0119tych do szko\u0142y ustala dyrektor i udost\u0119pnia rodzicom\u00a0 drog\u0105 mailow\u0105.<\/li>\r\n<\/ol>\r\n\r\n<p>&nbsp;<\/p>\r\n\r\n<p style=\"text-align: center;\">\u00a7 4<\/p>\r\n\r\n<p>&nbsp;<\/p>\r\n\r\n<ol class=\"wp-block-list\">\r\n<li>Post\u0119powanie rekrutacyjne prowadzone jest na pisemny wniosek rodzica kandydata.<\/li>\r\n<li>Na post\u0119powanie rekrutacyjne sk\u0142ada si\u0119:\r\n<ol>\r\n<li>z\u0142o\u017cenie wymaganych dokument\u00f3w, kt\u00f3re okre\u015bla \u00a7 7;<\/li>\r\n<li>praca komisji rekrutacyjnej.<\/li>\r\n<\/ol>\r\n<\/li>\r\n<li>W post\u0119powaniu rekrutacyjnym brane s\u0105 pod uwag\u0119 nast\u0119puj\u0105ce kryteria:\r\n<ol>\r\n<li>rocznik kandydata &#8211; pierwsze\u0144stwo maj\u0105 dzieci zobowi\u0105zane do rozpocz\u0119cia obowi\u0105zku szkolnego \u2013 6 pkt.;<\/li>\r\n<li>dzieci posiadaj\u0105ce rodze\u0144stwo w Katolickiej Szko\u0142y Podstawowej im. Maryi z Nazaretu w Kielcach lub\/i Liceum Og\u00f3lnokszta\u0142c\u0105cym im. \u015bw. Jadwigi Kr\u00f3lowej w Kielcach &#8211; 5 pkt.;<\/li>\r\n<li>dzieci pracownik\u00f3w w\/w szk\u00f3\u0142 \u2013 5 pkt.;<\/li>\r\n<li>dzieci ucz\u0119szczaj\u0105ce do przedszkoli katolickich \u2013 4 pkt.;<\/li>\r\n<li>dzieci cz\u0142onk\u00f3w stowarzysze\u0144 i ruch\u00f3w katolickich \u2013 3 pkt.;<\/li>\r\n<li>dzieci nale\u017c\u0105ce do parafii pw. \u015bw. J\u00f3zefa Opiekuna Rodzin w Kielcach \u2013 2 pkt.<\/li>\r\n<\/ol>\r\n<\/li>\r\n<\/ol>\r\n\r\n<p>&nbsp;<\/p>\r\n\r\n<p class=\"has-text-align-center\" style=\"text-align: center;\">\u00a7 5<\/p>\r\n\r\n<p>&nbsp;<\/p>\r\n\r\n<ol class=\"wp-block-list\" type=\"1\">\r\n<li>Komisj\u0119 rekrutacyjn\u0105 powo\u0142uje dyrektor szko\u0142y.<\/li>\r\n<li>W sk\u0142ad komisji rekrutacyjnej wchodzi co najmniej 3 nauczycieli szko\u0142y.<\/li>\r\n<li>W sk\u0142ad komisji rekrutacyjnej nie mo\u017ce wchodzi\u0107:\r\n<ol>\r\n<li>dyrektor szko\u0142y, w kt\u00f3rej dzia\u0142a komisja;<\/li>\r\n<li>osoba, kt\u00f3rej dziecko uczestniczy w post\u0119powaniu rekrutacyjnym przeprowadzanym do szko\u0142y.<\/li>\r\n<\/ol>\r\n<\/li>\r\n<li>Dyrektor szko\u0142y mo\u017ce dokonywa\u0107 zmian w sk\u0142adzie komisji rekrutacyjnej, w tym zmiany osoby wyznaczonej na przewodnicz\u0105cego komisji.<\/li>\r\n<li>Do zada\u0144 komisji rekrutacyjnej nale\u017cy:\r\n<ol>\r\n<li>weryfikacja spe\u0142niania przez kandydata warunk\u00f3w i kryteri\u00f3w branych pod uwag\u0119 w\u00a0post\u0119powaniu rekrutacyjnym;<\/li>\r\n<li>ustalenie na podstawie wynik\u00f3w post\u0119powania rekrutacyjnego listy dzieci przyj\u0119tych do szko\u0142y i przed\u0142o\u017cenie jej dyrektorowi;<\/li>\r\n<li>sporz\u0105dzenie protoko\u0142u post\u0119powania rekrutacyjnego.<\/li>\r\n<\/ol>\r\n<\/li>\r\n<\/ol>\r\n\r\n<p>&nbsp;<\/p>\r\n\r\n<p class=\"has-text-align-center\" style=\"text-align: center;\">\u00a7 6<\/p>\r\n\r\n<p>&nbsp;<\/p>\r\n\r\n<ol class=\"wp-block-list\" type=\"1\">\r\n<li>Planowane jest utworzenie dw\u00f3ch klas pierwszych.<\/li>\r\n<li>Liczba uczni\u00f3w w oddziale nie b\u0119dzie przekracza\u0107 25 os\u00f3b.<\/li>\r\n<\/ol>\r\n\r\n<p>&nbsp;<\/p>\r\n\r\n<p class=\"has-text-align-center\" style=\"text-align: center;\">\u00a7 7<\/p>\r\n\r\n<p>&nbsp;<\/p>\r\n\r\n<ol class=\"wp-block-list\" type=\"1\">\r\n<li>Wykaz dokument\u00f3w aplikacyjnych:\r\n<ol>\r\n<li>wniosek o przyj\u0119cie;<\/li>\r\n<li>kwestionariusz osobowy;<\/li>\r\n<li>dokumenty potwierdzaj\u0105cych kryteria zawarte w\u00a0\u00a74 ust. 3 regulaminu.<\/li>\r\n<\/ol>\r\n<\/li>\r\n<li>Dokumenty okre\u015blone w ust. 1 nale\u017cy sk\u0142ada\u0107 w sekretariacie Katolickiej Szko\u0142y Podstawowej im. Maryi z Nazaretu w Kielcach w terminie okre\u015blonym w kalendarium rekrutacyjnym.<\/li>\r\n<li>Po przyj\u0119ciu dziecka do szko\u0142y nale\u017cy dostarczy\u0107:\r\n<ol>\r\n<li>informacj\u0119 o gotowo\u015bci dziecka do podj\u0119cia nauki w szkole podstawowej;<\/li>\r\n<li>za\u015bwiadczenie o spe\u0142nianiu obowi\u0105zku rocznego przygotowania przedszkolnego;<\/li>\r\n<li>o\u015bwiadczenie woli;<\/li>\r\n<li>bilans zdrowia sze\u015bciolatka;<\/li>\r\n<li>jedn\u0105 fotografi\u0119;<\/li>\r\n<li>wype\u0142nion\u0105 deklaracj\u0119 udzia\u0142u dziecka w zaj\u0119ciach \u015bwietlicowych (je\u015bli b\u0119dzie z nich korzysta\u0142o).<\/li>\r\n<\/ol>\r\n<\/li>\r\n<\/ol>\r\n\r\n<p>&nbsp;<\/p>\r\n\r\n<p class=\"has-text-align-center\" style=\"text-align: center;\">\u00a7 8<\/p>\r\n\r\n<p>&nbsp;<\/p>\r\n\r\n<ol class=\"wp-block-list\" type=\"1\">\r\n<li>Do Katolickiej Szko\u0142y Podstawowej im. Maryi z Nazaretu w Kielcach zostan\u0105 przyj\u0119ci uczniowie z\u00a0najwi\u0119ksz\u0105 sumaryczn\u0105 liczb\u0105 punkt\u00f3w, kt\u00f3rzy dostarczyli wszystkie wymagane dokumenty oraz odbyli rozmow\u0119 potwierdzaj\u0105c\u0105 przyj\u0119cie.<\/li>\r\n<li>W ka\u017cdym oddziale 2 miejsca s\u0105 do dyspozycji dyrektora szko\u0142y.<\/li>\r\n<li>W przypadku uzyskania tej samej ilo\u015bci punkt\u00f3w o przyj\u0119ciu decyduje kolejno\u015b\u0107 sk\u0142adania poda\u0144.<\/li>\r\n<li>W terminie 7 dni od udost\u0119pnienia listy dzieci przyj\u0119tych i nieprzyj\u0119tych, rodzic mo\u017ce drog\u0105 tradycyjn\u0105 lub elektroniczn\u0105 wyst\u0105pi\u0107 do komisji rekrutacyjnej z wnioskiem o pisemne uzasadnienie odmowy przyj\u0119cia do szko\u0142y.<\/li>\r\n<li>Komisja odpowiada na wniosek w ci\u0105gu 5 dni od jego z\u0142o\u017cenia.<\/li>\r\n<li>Rodzic mo\u017ce drog\u0105 tradycyjn\u0105 lub elektroniczn\u0105 z\u0142o\u017cy\u0107 do dyrektora odwo\u0142anie od rozstrzygni\u0119cia komisji rekrutacyjnej w\u00a0ci\u0105gu 7\u00a0dni od otrzymania uzasadnienia.<\/li>\r\n<li>Dyrektor Katolickiej Szko\u0142y Podstawowej im. Maryi z Nazaretu w Kielcach rozpatruje odwo\u0142anie w\u00a0terminie 7 dni od jego otrzymania.<\/li>\r\n<li><span style=\"color: #ff0000;\"><strong>Rodzic, kt\u00f3rego dziecko zosta\u0142o przyj\u0119te do szko\u0142y obowi\u0105zany jest zg\u0142osi\u0107 ten fakt w szkole rejonowej<\/strong>.<\/span><\/li>\r\n<\/ol>\r\n<p>\u00a0<\/p>\r\n<p>[\/vc_column_text][\/vc_column][\/vc_row]<\/p>","protected":false},"excerpt":{"rendered":"<p>[vc_row gap=&#8221;1&#8243;][vc_column][vc_column_text] Postawa prawna: Rozporzadzenie Ministra Edukacji i Nauki z dnia 18 listopada 2022 r. (Dz. U. 2024 roku, poz.989) Statut Katolickiej Szko\u0142y Podstawowej im. Maryi z Nazaretu w Kielcach \u00a7 1 Regulamin okre\u015bla warunki, kryteria i tryb przyjmowania uczni\u00f3w do klasy pierwszej Katolickiej Szko\u0142y Podstawowej im. Maryi z Nazaretu w Kielcach. &nbsp; \u00a7 2 [&hellip;]<\/p>\n","protected":false},"author":4,"featured_media":0,"parent":0,"menu_order":0,"comment_status":"closed","ping_status":"closed","template":"..\/public\/views\/revslider-page-template.php","meta":{"footnotes":""},"class_list":["post-5895","page","type-page","status-publish","hentry"],"_links":{"self":[{"href":"https:\/\/kspnazaret.pl\/index.php?rest_route=\/wp\/v2\/pages\/5895","targetHints":{"allow":["GET"]}}],"collection":[{"href":"https:\/\/kspnazaret.pl\/index.php?rest_route=\/wp\/v2\/pages"}],"about":[{"href":"https:\/\/kspnazaret.pl\/index.php?rest_route=\/wp\/v2\/types\/page"}],"author":[{"embeddable":true,"href":"https:\/\/kspnazaret.pl\/index.php?rest_route=\/wp\/v2\/users\/4"}],"replies":[{"embeddable":true,"href":"https:\/\/kspnazaret.pl\/index.php?rest_route=%2Fwp%2Fv2%2Fcomments&post=5895"}],"version-history":[{"count":15,"href":"https:\/\/kspnazaret.pl\/index.php?rest_route=\/wp\/v2\/pages\/5895\/revisions"}],"predecessor-version":[{"id":10613,"href":"https:\/\/kspnazaret.pl\/index.php?rest_route=\/wp\/v2\/pages\/5895\/revisions\/10613"}],"wp:attachment":[{"href":"https:\/\/kspnazaret.pl\/index.php?rest_route=%2Fwp%2Fv2%2Fmedia&parent=5895"}],"curies":[{"name":"wp","href":"https:\/\/api.w.org\/{rel}","templated":true}]}}