{"id":5746,"date":"2020-12-13T15:05:30","date_gmt":"2020-12-13T14:05:30","guid":{"rendered":"http:\/\/www.kspnazaret.pl\/?page_id=5746"},"modified":"2021-01-06T14:01:41","modified_gmt":"2021-01-06T13:01:41","slug":"rozdzial-10-rozdzial-12","status":"publish","type":"page","link":"https:\/\/kspnazaret.pl\/?page_id=5746","title":{"rendered":"Rozdzia\u0142 10; Rozdzia\u0142 12"},"content":{"rendered":"\n<h1 class=\"wp-block-heading\"><a>Bud\u017cet szko\u0142y<\/a><\/h1>\n\n\n\n<p class=\"has-text-align-center\"> \u00a7 78<\/p>\n\n\n\n<ol class=\"wp-block-list\" type=\"1\"><li>Bud\u017cet szko\u0142y tworzy si\u0119 z dotacji ustalonej na podstawie odr\u0119bnych przepis\u00f3w i&nbsp;przekazywanej przez Gmin\u0119 Miejsk\u0105 Kielce.<\/li><li>Dyrektor szko\u0142y prowadzi gospodark\u0119 finansow\u0105 zgodnie z zasadami ustalonymi przez osob\u0119 prowadz\u0105c\u0105 i pod jej nadzorem.<\/li><li>Dotacja podlega rozliczeniu zgodnie z odr\u0119bnymi przepisami oraz kontroli w zakresie jej wykorzystania.<\/li><li>Szko\u0142a mo\u017ce pozyskiwa\u0107 inne \u015brodki na prowadzenie dzia\u0142alno\u015bci statutowej, w tym dobrowolne wp\u0142aty rodzic\u00f3w.<\/li><li>W zakresie gospodarki finansowej dyrektor szko\u0142y podlega nadzorowi&nbsp; osoby prowadz\u0105cej oraz kontroli organu dotuj\u0105cego.<\/li><\/ol>\n\n\n\n<h1 class=\"wp-block-heading\"><a>Rozdzia\u0142 11 uchylony<\/a><\/h1>\n\n\n\n<h1 class=\"wp-block-heading\"><a>Rozdzia\u0142 12 Postanowienia ko\u0144cowe<\/a><\/h1>\n\n\n\n<p class=\"has-text-align-center\">\u00a7 100<\/p>\n\n\n\n<ol class=\"wp-block-list\" type=\"1\"><li>Statut szko\u0142y i jego zmiany uchwala rada pedagogiczna.<\/li><li>Zmiany w statucie skutkuj\u0105 tekstem ujednoliconym.<\/li><li>Statut szko\u0142y nie mo\u017ce by\u0107 sprzeczny z odpowiednimi przepisami prawa.<\/li><\/ol>\n\n\n\n<p class=\"has-text-align-center\">\u00a7 101<\/p>\n\n\n\n<p>Prowadzenie szko\u0142y jest dzia\u0142alno\u015bci\u0105 o\u015bwiatowo-wychowawcz\u0105 w rozumieniu ustawy o&nbsp;systemie o\u015bwiaty i niegospodarcz\u0105 statutow\u0105 dzia\u0142alno\u015bci\u0105 osoby prowadz\u0105cej i jako taka nie podlega przepisom o dzia\u0142alno\u015bci gospodarczej.<\/p>\n\n\n\n<p class=\"has-text-align-center\">\u00a7 102<\/p>\n\n\n\n<ol class=\"wp-block-list\"><li>Szko\u0142a u\u017cywa:<ol><li> piecz\u0119ci pod\u0142u\u017cnej o tre\u015bci: Katolicka Szko\u0142a Podstawowa im. Maryi z Nazaretu w Kielcach ul. Marsza\u0142kowska 40, 25-546 Kielce tel. 534\u00a0979\u00a0557 NIP 6572932529\u00a0 REGON 368074921;<\/li><li>piecz\u0119ci okr\u0105g\u0142ej z napisem w otoku: Katolicka Szko\u0142a Podstawowa im. Maryi z Nazaretu w\u00a0Kielcach i god\u0142em pa\u0144stwa.<\/li><\/ol><\/li><li> Szko\u0142a mo\u017ce posiada\u0107 w\u0142asny sztandar i ceremonia\u0142 szkolny.<\/li><\/ol>\n\n\n\n<p class=\"has-text-align-center\">\u00a7 103<\/p>\n\n\n\n<p>Szko\u0142a prowadzi i przechowuje dokumentacj\u0119 zgodnie z odr\u0119bnymi przepisami w formie elektronicznej.<\/p>\n","protected":false},"excerpt":{"rendered":"<p>Bud\u017cet szko\u0142y \u00a7 78 Bud\u017cet szko\u0142y tworzy si\u0119 z dotacji ustalonej na podstawie odr\u0119bnych przepis\u00f3w i&nbsp;przekazywanej przez Gmin\u0119 Miejsk\u0105 Kielce. Dyrektor szko\u0142y prowadzi gospodark\u0119 finansow\u0105 zgodnie z zasadami ustalonymi przez osob\u0119 prowadz\u0105c\u0105 i pod jej nadzorem. Dotacja podlega rozliczeniu zgodnie z odr\u0119bnymi przepisami oraz kontroli w zakresie jej wykorzystania. Szko\u0142a mo\u017ce pozyskiwa\u0107 inne \u015brodki na [&hellip;]<\/p>\n","protected":false},"author":4,"featured_media":0,"parent":0,"menu_order":0,"comment_status":"closed","ping_status":"closed","template":"","meta":{"footnotes":""},"class_list":["post-5746","page","type-page","status-publish","hentry"],"_links":{"self":[{"href":"https:\/\/kspnazaret.pl\/index.php?rest_route=\/wp\/v2\/pages\/5746","targetHints":{"allow":["GET"]}}],"collection":[{"href":"https:\/\/kspnazaret.pl\/index.php?rest_route=\/wp\/v2\/pages"}],"about":[{"href":"https:\/\/kspnazaret.pl\/index.php?rest_route=\/wp\/v2\/types\/page"}],"author":[{"embeddable":true,"href":"https:\/\/kspnazaret.pl\/index.php?rest_route=\/wp\/v2\/users\/4"}],"replies":[{"embeddable":true,"href":"https:\/\/kspnazaret.pl\/index.php?rest_route=%2Fwp%2Fv2%2Fcomments&post=5746"}],"version-history":[{"count":7,"href":"https:\/\/kspnazaret.pl\/index.php?rest_route=\/wp\/v2\/pages\/5746\/revisions"}],"predecessor-version":[{"id":6096,"href":"https:\/\/kspnazaret.pl\/index.php?rest_route=\/wp\/v2\/pages\/5746\/revisions\/6096"}],"wp:attachment":[{"href":"https:\/\/kspnazaret.pl\/index.php?rest_route=%2Fwp%2Fv2%2Fmedia&parent=5746"}],"curies":[{"name":"wp","href":"https:\/\/api.w.org\/{rel}","templated":true}]}}