{"id":5420,"date":"2020-11-30T19:28:45","date_gmt":"2020-11-30T18:28:45","guid":{"rendered":"http:\/\/www.kspnazaret.pl\/?page_id=5420"},"modified":"2021-01-06T16:22:23","modified_gmt":"2021-01-06T15:22:23","slug":"kodeks-bezpieczenstwa-2","status":"publish","type":"page","link":"https:\/\/kspnazaret.pl\/?page_id=5420","title":{"rendered":"Kodeks bezpiecze\u0144stwa"},"content":{"rendered":"\n<p class=\"has-text-align-center\"><strong><span style=\"color:#cf2e2e\" class=\"tadv-color\">ZASADY I NORMY OCHRONY MA\u0141OLETNICH ORAZ OS\u00d3B NIEPORADNYCH PRZED PRZEMOC\u0104<\/span><\/strong><br><strong>ZGROMADZENIE SI\u00d3STR NAJ\u015aWI\u0118TSZEJ RODZINY Z NAZARETU, PROWINCJA KRAKOWSKA<\/strong><\/p>\n\n\n\n<p><a rel=\"noreferrer noopener\" href=\"http:\/\/www.kspnazaret.pl\/?page_id=6115\" target=\"_blank\">Przepisy wprowadzaj\u0105ce<\/a><\/p>\n\n\n\n<p><a rel=\"noreferrer noopener\" href=\"http:\/\/www.kspnazaret.pl\/?page_id=6118\" target=\"_blank\">S\u0142owniczek poj\u0119\u0107<\/a><\/p>\n\n\n\n<ul class=\"wp-block-list\"><li>Rozdzia\u0142 1<br>Zasady ochrony ma\u0142oletnich przed przemoc\u0105<ol><li><a href=\"http:\/\/www.kspnazaret.pl\/?page_id=6120\">PRAWA MA\u0141OLETNICH<\/a> <\/li><li>Zasady post\u0119powania w pracy z ma\u0142oletnim<ol><li><a rel=\"noreferrer noopener\" href=\"http:\/\/www.kspnazaret.pl\/?page_id=6123\" target=\"_blank\">Zasady og\u00f3lne<\/a><\/li><li>Zasady szczeg\u00f3\u0142owe<ol><li><a rel=\"noreferrer noopener\" href=\"http:\/\/www.kspnazaret.pl\/?page_id=6126\" target=\"_blank\">Procedura interwencji w sytuacji podejrzenia o do\u015bwiadczenie przemocy przez ma\u0142oletniego<\/a><\/li><li><a rel=\"noreferrer noopener\" href=\"http:\/\/www.kspnazaret.pl\/?page_id=6130\" target=\"_blank\">Procedura post\u0119powania z ma\u0142oletnim sprawiaj\u0105cym trudno\u015bci wychowawcze i przejawiaj\u0105cym agresj\u0119<\/a><\/li><\/ol><\/li><\/ol><\/li><li><a rel=\"noreferrer noopener\" href=\"http:\/\/www.kspnazaret.pl\/?page_id=6132\" target=\"_blank\">Zasady post\u0119powania dotycz\u0105ce organizacji wycieczek i wyjazd\u00f3w edukacyjnych<\/a><\/li><li><a rel=\"noreferrer noopener\" href=\"http:\/\/www.kspnazaret.pl\/?page_id=6135\" target=\"_blank\">Zasady dost\u0119pu ma\u0142oletnich do Internetu &#8211; ochrona przed cyberprzemoc\u0105<\/a><\/li><li><a rel=\"noreferrer noopener\" href=\"http:\/\/www.kspnazaret.pl\/?page_id=6137\" target=\"_blank\">Ochrona danych osobowych i wizerunku ma\u0142oletnich<\/a><\/li><li><a rel=\"noreferrer noopener\" href=\"http:\/\/www.kspnazaret.pl\/?page_id=6140\" target=\"_blank\">Zakres odpowiedzialno\u015bci opiekun\u00f3w w zakresie zapewnienia bezpiecze\u0144stwa ma\u0142oletnim<\/a><\/li><li><a rel=\"noreferrer noopener\" href=\"http:\/\/www.kspnazaret.pl\/?page_id=6142\" target=\"_blank\">Post\u0119powanie wyja\u015bniaj\u0105ce w sytuacji podejrzenia o przemoc wobec ma\u0142oletnich<\/a><\/li><\/ol><\/li><\/ul>\n\n\n\n<ul class=\"wp-block-list\"><li>Rozdzia\u0142 2<br>Zasady ochrony os\u00f3b nieporadnych przed przemoc\u0105<ol><li><a rel=\"noreferrer noopener\" href=\"http:\/\/www.kspnazaret.pl\/?page_id=6145\" target=\"_blank\">Prawa i obowi\u0105zki podopiecznych<\/a><\/li><li>Zasady sprawowania opieki nad podopiecznym<ol><li><a rel=\"noreferrer noopener\" href=\"http:\/\/www.kspnazaret.pl\/?page_id=6149\" target=\"_blank\">Zasady og\u00f3lne<\/a><\/li><li>Zasady szczeg\u00f3\u0142owe<ol><li><a rel=\"noreferrer noopener\" href=\"http:\/\/www.kspnazaret.pl\/?page_id=6151\" target=\"_blank\">Procedura interwencji w sytuacji podejrzenia o do\u015bwiadczenie przemocy przez podopiecznego<\/a><\/li><\/ol><\/li><\/ol><\/li><li><a rel=\"noreferrer noopener\" href=\"http:\/\/www.kspnazaret.pl\/?page_id=6155\" target=\"_blank\">Ochrona danych osobowych i wizerunku podopiecznych<\/a><\/li><li><a href=\"http:\/\/www.kspnazaret.pl\/?page_id=6158\" target=\"_blank\" rel=\"noreferrer noopener\">Post\u0119powanie wyja\u015bniaj\u0105ce w sytuacji podejrzenia o przemoc wobec podopiecznych<\/a><\/li><\/ol><\/li><\/ul>\n\n\n\n<p><a rel=\"noreferrer noopener\" href=\"http:\/\/www.kspnazaret.pl\/?page_id=6160\" target=\"_blank\">Rozdzia\u0142 3<br>Zasady odbywania sta\u017cu oraz praktyk studenckich w plac\u00f3wkach zgromadzenia<\/a><\/p>\n\n\n\n<p><a rel=\"noreferrer noopener\" href=\"http:\/\/www.kspnazaret.pl\/?page_id=6162\" target=\"_blank\">Rozdzia\u0142 4<br>Wolontariat w plac\u00f3wkach zgromadzenia<\/a><\/p>\n\n\n\n<p><a href=\"http:\/\/www.kspnazaret.pl\/?page_id=6164\" target=\"_blank\" rel=\"noreferrer noopener\">Rozdzia\u0142 5<br>Postanowienia ko\u0144cowe <\/a><\/p>\n","protected":false},"excerpt":{"rendered":"<p>ZASADY I NORMY OCHRONY MA\u0141OLETNICH ORAZ OS\u00d3B NIEPORADNYCH PRZED PRZEMOC\u0104ZGROMADZENIE SI\u00d3STR NAJ\u015aWI\u0118TSZEJ RODZINY Z NAZARETU, PROWINCJA KRAKOWSKA Przepisy wprowadzaj\u0105ce S\u0142owniczek poj\u0119\u0107 Rozdzia\u0142 1Zasady ochrony ma\u0142oletnich przed przemoc\u0105 PRAWA MA\u0141OLETNICH Zasady post\u0119powania w pracy z ma\u0142oletnim Zasady og\u00f3lne Zasady szczeg\u00f3\u0142owe Procedura interwencji w sytuacji podejrzenia o do\u015bwiadczenie przemocy przez ma\u0142oletniego Procedura post\u0119powania z ma\u0142oletnim sprawiaj\u0105cym trudno\u015bci [&hellip;]<\/p>\n","protected":false},"author":1,"featured_media":0,"parent":0,"menu_order":0,"comment_status":"closed","ping_status":"closed","template":"","meta":{"footnotes":""},"class_list":["post-5420","page","type-page","status-publish","hentry"],"_links":{"self":[{"href":"https:\/\/kspnazaret.pl\/index.php?rest_route=\/wp\/v2\/pages\/5420","targetHints":{"allow":["GET"]}}],"collection":[{"href":"https:\/\/kspnazaret.pl\/index.php?rest_route=\/wp\/v2\/pages"}],"about":[{"href":"https:\/\/kspnazaret.pl\/index.php?rest_route=\/wp\/v2\/types\/page"}],"author":[{"embeddable":true,"href":"https:\/\/kspnazaret.pl\/index.php?rest_route=\/wp\/v2\/users\/1"}],"replies":[{"embeddable":true,"href":"https:\/\/kspnazaret.pl\/index.php?rest_route=%2Fwp%2Fv2%2Fcomments&post=5420"}],"version-history":[{"count":10,"href":"https:\/\/kspnazaret.pl\/index.php?rest_route=\/wp\/v2\/pages\/5420\/revisions"}],"predecessor-version":[{"id":6169,"href":"https:\/\/kspnazaret.pl\/index.php?rest_route=\/wp\/v2\/pages\/5420\/revisions\/6169"}],"wp:attachment":[{"href":"https:\/\/kspnazaret.pl\/index.php?rest_route=%2Fwp%2Fv2%2Fmedia&parent=5420"}],"curies":[{"name":"wp","href":"https:\/\/api.w.org\/{rel}","templated":true}]}}