{"id":5368,"date":"2020-11-21T18:33:38","date_gmt":"2020-11-21T17:33:38","guid":{"rendered":"http:\/\/www.kspnazaret.pl\/?page_id=5368"},"modified":"2025-10-13T14:58:14","modified_gmt":"2025-10-13T12:58:14","slug":"zajecia-dodatkowe","status":"publish","type":"page","link":"https:\/\/kspnazaret.pl\/?page_id=5368","title":{"rendered":"Zaj\u0119cia dodatkowe"},"content":{"rendered":"<p>[vc_row][vc_column][vc_column_text]&nbsp;<\/p>\n<p style=\"text-align: center;\"><span style=\"color: #339966;\"><strong>Zaj\u0119cia dodatkowe &#8211; ko\u0142a zainteresowa\u0144 2025 \/26<\/strong><\/span><\/p>\n<table class=\" aligncenter\" style=\"width: 54.904%;\" width=\"690\">\n<tbody>\n<tr>\n<td style=\"width: 25.8671%;\" width=\"179\"><strong>DZIE\u0143<\/strong><\/td>\n<td style=\"width: 47.5434%;\" width=\"340\"><strong>RODZAJ ZAJ\u0118\u0106<\/strong><\/td>\n<td style=\"width: 22.1806%;\" width=\"104\"><strong>GODZINA<\/strong><\/td>\n<td style=\"width: 10.1587%;\" width=\"66\"><strong>SALA<\/strong><\/td>\n<\/tr>\n<tr>\n<td style=\"width: 25.8671%;\" rowspan=\"10\" width=\"179\">\n<p><strong>\u00a0<\/strong><\/p>\n<p><strong>\u00a0<\/strong><\/p>\n<p><strong>PONIEDZIA\u0141EK<\/strong><\/td>\n<td style=\"width: 47.5434%;\" width=\"340\">Programowanie <em>Lego<\/em> i wirtualna rzeczywisto\u015b\u0107 (P)<\/td>\n<td style=\"width: 22.1806%;\" width=\"104\">\n<p>11.35-12.20<\/p>\n<p>14.30-15-15<\/td>\n<td style=\"width: 10.1587%;\" width=\"66\">C3a<\/td>\n<\/tr>\n<tr>\n<td style=\"width: 47.5434%;\" width=\"340\">Schola Starsza<\/td>\n<td style=\"width: 22.1806%;\" width=\"104\">13.45-14.30<\/td>\n<td style=\"width: 10.1587%;\" width=\"66\">C1<\/td>\n<\/tr>\n<tr>\n<td style=\"width: 47.5434%;\" width=\"340\"><em>M\u0142ody Obywatel<\/em> (P)<\/td>\n<td style=\"width: 22.1806%;\" width=\"104\">13.30-14.45<\/td>\n<td style=\"width: 10.1587%;\" width=\"66\">B9<\/td>\n<\/tr>\n<tr>\n<td style=\"width: 47.5434%;\" width=\"340\">Ko\u0142o z j\u0119zyka angielskiego<\/td>\n<td style=\"width: 22.1806%;\" width=\"104\">7:00 &#8211; 7:45<\/td>\n<td style=\"width: 10.1587%;\" width=\"66\">C7<\/td>\n<\/tr>\n<tr>\n<td style=\"width: 47.5434%;\" width=\"340\">Szachy kl.3b<\/td>\n<td style=\"width: 22.1806%;\" width=\"104\">11.35-12.20<\/td>\n<td style=\"width: 10.1587%;\" width=\"66\">C3<\/td>\n<\/tr>\n<tr>\n<td style=\"width: 47.5434%;\" width=\"340\">Szachy kl 3a, 4a, 4b<\/td>\n<td style=\"width: 22.1806%;\" width=\"104\">12.40-13.25<\/td>\n<td style=\"width: 10.1587%;\" width=\"66\">C3<\/td>\n<\/tr>\n<tr>\n<td style=\"width: 47.5434%;\" width=\"340\">\u0141amig\u0142\u00f3wki logiczne kl. 4-6<\/td>\n<td style=\"width: 22.1806%;\" width=\"104\">13.30-14.15<\/td>\n<td style=\"width: 10.1587%;\" width=\"66\">C3<\/td>\n<\/tr>\n<tr>\n<td style=\"width: 47.5434%;\" width=\"340\">Ko\u0142o matematyczne kl. 7a, 8b<\/td>\n<td style=\"width: 22.1806%;\" width=\"104\">13.40-14.25<\/td>\n<td style=\"width: 10.1587%;\" width=\"66\">C5<\/td>\n<\/tr>\n<tr>\n<td style=\"width: 47.5434%;\" width=\"340\">Zielona matematyka kl 7-8 (P)<\/td>\n<td style=\"width: 22.1806%;\" width=\"104\">14.30 &#8211; 15.15<\/td>\n<td style=\"width: 10.1587%;\" width=\"66\">C5<\/td>\n<\/tr>\n<tr>\n<td style=\"width: 47.5434%;\" width=\"340\"><em>Fun with English<\/em> (P)<\/td>\n<td style=\"width: 22.1806%;\" width=\"104\">12:40-13:25<\/td>\n<td style=\"width: 10.1587%;\" width=\"66\">D6<\/td>\n<\/tr>\n<tr>\n<td style=\"width: 25.8671%;\" rowspan=\"8\" width=\"179\">\n<p><strong>\u00a0<\/strong><\/p>\n<p><strong>\u00a0<\/strong><\/p>\n<p><strong>\u00a0<\/strong><\/p>\n<p><strong>WTOREK<\/strong><\/td>\n<td style=\"width: 47.5434%;\" width=\"340\">Ko\u0142o filmowe (P)<\/td>\n<td style=\"width: 22.1806%;\" width=\"104\">14.30-16.10<\/td>\n<td style=\"width: 10.1587%;\" width=\"66\">C 6<\/td>\n<\/tr>\n<tr>\n<td style=\"width: 47.5434%;\" width=\"340\">Programowanie <em>Lego<\/em> i wirtualna rzeczywisto\u015b\u0107(P)<\/td>\n<td style=\"width: 22.1806%;\" width=\"104\">13.40-15.20<\/td>\n<td style=\"width: 10.1587%;\" width=\"66\">C3a<\/td>\n<\/tr>\n<tr>\n<td style=\"width: 47.5434%;\" width=\"340\">Ko\u0142o teatralne<\/td>\n<td style=\"width: 22.1806%;\" width=\"104\">13:40-14:30<\/td>\n<td style=\"width: 10.1587%;\" width=\"66\">D7<\/td>\n<\/tr>\n<tr>\n<td style=\"width: 47.5434%;\" width=\"340\">Szachy kl. 2a<\/td>\n<td style=\"width: 22.1806%;\" width=\"104\">12.40-13.25<\/td>\n<td style=\"width: 10.1587%;\" width=\"66\">C3<\/td>\n<\/tr>\n<tr>\n<td style=\"width: 47.5434%;\" width=\"340\">Szachy kl. 2b<\/td>\n<td style=\"width: 22.1806%;\" width=\"104\">13.30-14.15<\/td>\n<td style=\"width: 10.1587%;\" width=\"66\">C3<\/td>\n<\/tr>\n<tr>\n<td style=\"width: 47.5434%;\" width=\"340\">Gry i zabawy ruchowe z elementami gimnastyki korekcyjnej<\/td>\n<td style=\"width: 22.1806%;\" width=\"104\">12.40-13.25 klasy I<\/td>\n<td style=\"width: 10.1587%;\" width=\"66\">sala<\/td>\n<\/tr>\n<tr>\n<td style=\"width: 47.5434%;\" width=\"340\">Gry i zabawy ruchowe z elementami gimnastyki korekcyjnej<\/td>\n<td style=\"width: 22.1806%;\" width=\"104\">13.40-14.25 klasy II<\/td>\n<td style=\"width: 10.1587%;\" width=\"66\">sala<\/td>\n<\/tr>\n<tr>\n<td style=\"width: 47.5434%;\" width=\"340\">Przygoda z mikroskopowaniem (P)<\/td>\n<td style=\"width: 22.1806%;\" width=\"104\">13:40-15:15<\/td>\n<td style=\"width: 10.1587%;\" width=\"66\">C7<\/td>\n<\/tr>\n<tr>\n<td style=\"width: 25.8671%;\" rowspan=\"7\" width=\"179\">\n<p><strong>\u00a0<\/strong><\/p>\n<p><strong>\u00a0<\/strong><\/p>\n<p><strong>\u00a0<\/strong><\/p>\n<p><strong>\u015aRODA<\/strong><\/td>\n<td style=\"width: 47.5434%;\" width=\"340\">Gry i zabawy ruchowe kl.4ab<\/td>\n<td style=\"width: 22.1806%;\" width=\"104\">13:40-14:25<\/td>\n<td style=\"width: 10.1587%;\" width=\"66\">hala<\/td>\n<\/tr>\n<tr>\n<td style=\"width: 47.5434%;\" width=\"340\">Ko\u0142o z j\u0119zyka niemieckiego<\/td>\n<td style=\"width: 22.1806%;\" width=\"104\">13:40-14:25<\/td>\n<td style=\"width: 10.1587%;\" width=\"66\">A1<\/td>\n<\/tr>\n<tr>\n<td style=\"width: 47.5434%;\" width=\"340\">Programowanie <em>Lego<\/em> i wirtualna rzeczywisto\u015b\u0107 (P)<\/td>\n<td style=\"width: 22.1806%;\" width=\"104\">13.40-14.25<\/td>\n<td style=\"width: 10.1587%;\" width=\"66\">C3a<\/td>\n<\/tr>\n<tr>\n<td style=\"width: 47.5434%;\" width=\"340\">Ko\u0142o geograficzne klasy 7-8<\/td>\n<td style=\"width: 22.1806%;\" width=\"104\">7.00 &#8211; 7.45<\/td>\n<td style=\"width: 10.1587%;\" width=\"66\">B7<\/td>\n<\/tr>\n<tr>\n<td style=\"width: 47.5434%;\" width=\"340\">Szachy kl. 1a<\/td>\n<td style=\"width: 22.1806%;\" width=\"104\">11.35-12.20<\/td>\n<td style=\"width: 10.1587%;\" width=\"66\">C3<\/td>\n<\/tr>\n<tr>\n<td style=\"width: 47.5434%;\" width=\"340\">Szachy kl. 1b<\/td>\n<td style=\"width: 22.1806%;\" width=\"104\">12.30-13.15<\/td>\n<td style=\"width: 10.1587%;\" width=\"66\">C3<\/td>\n<\/tr>\n<tr>\n<td style=\"width: 47.5434%;\" width=\"340\">(P) Ko\u0142o zainteresowa\u0144 <em>Fun with English<\/em><br \/>\nGr1 (1a\/1b); Gr2 (2a\/2b)<\/td>\n<td style=\"width: 22.1806%;\" width=\"104\">12.40-13.35 13.40-14.25)<\/td>\n<td style=\"width: 10.1587%;\" width=\"66\"><\/td>\n<\/tr>\n<tr>\n<td style=\"width: 25.8671%;\" rowspan=\"6\" width=\"179\">\n<p><strong>\u00a0<\/strong><\/p>\n<p><strong>\u00a0<\/strong><\/p>\n<p><strong>CZWARTEK<\/strong><\/td>\n<td style=\"width: 47.5434%;\" width=\"340\">Ma\u0142a Schola (1-3)<\/td>\n<td style=\"width: 22.1806%;\" width=\"104\">12.40-13.25<\/td>\n<td style=\"width: 10.1587%;\" width=\"66\">D1<\/td>\n<\/tr>\n<tr>\n<td style=\"width: 47.5434%;\" width=\"340\">Zielona matematyka (P) gr.1<\/td>\n<td style=\"width: 22.1806%;\" width=\"104\">\n<p>13.30 &#8211; 15.45<\/p>\n<p><em>raz w miesi\u0105cu<\/em><\/td>\n<td style=\"width: 10.1587%;\" width=\"66\">C2<\/td>\n<\/tr>\n<tr>\n<td style=\"width: 47.5434%;\" width=\"340\">Ko\u0142o biologiczne<\/td>\n<td style=\"width: 22.1806%;\" width=\"104\">14.30-15:15<\/td>\n<td style=\"width: 10.1587%;\" width=\"66\">C7<\/td>\n<\/tr>\n<tr>\n<td style=\"width: 47.5434%;\" width=\"340\">Ko\u0142o chemiczne<\/td>\n<td style=\"width: 22.1806%;\" width=\"104\">7.00 &#8211; 7.45<\/td>\n<td style=\"width: 10.1587%;\" width=\"66\">C2<\/td>\n<\/tr>\n<tr>\n<td style=\"width: 47.5434%;\" width=\"340\">Ko\u0142o zainteresowa\u0144 &#8211; eksperymentowanie (P)<\/td>\n<td style=\"width: 22.1806%;\" width=\"104\">12.40 -13.25<\/td>\n<td style=\"width: 10.1587%;\" width=\"66\">C2<\/td>\n<\/tr>\n<tr>\n<td style=\"width: 47.5434%;\" width=\"340\">(P) Ko\u0142o zainteresowa\u0144 \u201e<em>Reading is magic\u201d<\/em> kl 2-3<\/td>\n<td style=\"width: 22.1806%;\" width=\"104\"><strong>Grupa 1<\/strong> (2a\/2b)<br \/>\n12.40-13.25<\/p>\n<p><strong>Grupa 2<\/strong> (3a\/3b)<br \/>\n13.40-14.25<\/td>\n<td style=\"width: 10.1587%;\" width=\"66\"><\/td>\n<\/tr>\n<tr>\n<td style=\"width: 25.8671%;\" rowspan=\"6\" width=\"179\">\n<p><strong>\u00a0<\/strong><\/p>\n<p><strong>\u00a0<\/strong><\/p>\n<p><strong>PI\u0104TEK<\/strong><\/td>\n<td style=\"width: 47.5434%;\" width=\"340\">Ko\u0142o polonistyczne<\/td>\n<td style=\"width: 22.1806%;\" width=\"104\">7.00-7.45<\/td>\n<td style=\"width: 10.1587%;\" width=\"66\">C1<\/td>\n<\/tr>\n<tr>\n<td style=\"width: 47.5434%;\" width=\"340\">Ko\u0142o historyczne<\/td>\n<td style=\"width: 22.1806%;\" width=\"104\">14.30-15.15<\/td>\n<td style=\"width: 10.1587%;\" width=\"66\">B9<\/td>\n<\/tr>\n<tr>\n<td style=\"width: 47.5434%;\" width=\"340\">Zielona matematyka (P) gr. 2<\/td>\n<td style=\"width: 22.1806%;\" width=\"104\">\n<p>13.30-15.45<\/p>\n<p><em>raz w miesi\u0105cu<\/em><\/td>\n<td style=\"width: 10.1587%;\" width=\"66\">C2<\/td>\n<\/tr>\n<tr>\n<td style=\"width: 47.5434%;\" width=\"340\">Matematyka w ekologicznej kuchni (P)<\/td>\n<td style=\"width: 22.1806%;\" width=\"104\">\n<p>13.30-15.45<\/p>\n<p><em>raz w miesi\u0105cu<\/em><\/td>\n<td style=\"width: 10.1587%;\" width=\"66\">C2<\/td>\n<\/tr>\n<tr>\n<td style=\"width: 47.5434%;\" width=\"340\">Gry i zabawy ruchowe z elementami gimnastyki\u00a0 korekcyjnej<\/td>\n<td style=\"width: 22.1806%;\" width=\"104\">13.40-14.25<\/td>\n<td style=\"width: 10.1587%;\" width=\"66\">hala<\/td>\n<\/tr>\n<tr>\n<td style=\"width: 47.5434%;\" width=\"340\">Mistrz mowy polskiej (P) gr.1\/gr.2<\/td>\n<td style=\"width: 22.1806%;\" width=\"104\">14.00 &#8211; 15.30<\/td>\n<td style=\"width: 10.1587%;\" width=\"66\">D8\/D9<\/td>\n<\/tr>\n<\/tbody>\n<\/table>\n<p style=\"text-align: center;\"><strong>\u00a0<\/strong><\/p>\n<p>&nbsp;[\/vc_column_text][\/vc_column][\/vc_row]<\/p>\n","protected":false},"excerpt":{"rendered":"<p>[vc_row][vc_column][vc_column_text]&nbsp; Zaj\u0119cia dodatkowe &#8211; ko\u0142a zainteresowa\u0144 2025 \/26 DZIE\u0143 RODZAJ ZAJ\u0118\u0106 GODZINA SALA \u00a0 \u00a0 PONIEDZIA\u0141EK Programowanie Lego i wirtualna rzeczywisto\u015b\u0107 (P) 11.35-12.20 14.30-15-15 C3a Schola Starsza 13.45-14.30 C1 M\u0142ody Obywatel (P) 13.30-14.45 B9 Ko\u0142o z j\u0119zyka angielskiego 7:00 &#8211; 7:45 C7 Szachy kl.3b 11.35-12.20 C3 Szachy kl 3a, 4a, 4b 12.40-13.25 C3 \u0141amig\u0142\u00f3wki logiczne [&hellip;]<\/p>\n","protected":false},"author":1,"featured_media":0,"parent":0,"menu_order":0,"comment_status":"closed","ping_status":"closed","template":"","meta":{"footnotes":""},"class_list":["post-5368","page","type-page","status-publish","hentry"],"_links":{"self":[{"href":"https:\/\/kspnazaret.pl\/index.php?rest_route=\/wp\/v2\/pages\/5368","targetHints":{"allow":["GET"]}}],"collection":[{"href":"https:\/\/kspnazaret.pl\/index.php?rest_route=\/wp\/v2\/pages"}],"about":[{"href":"https:\/\/kspnazaret.pl\/index.php?rest_route=\/wp\/v2\/types\/page"}],"author":[{"embeddable":true,"href":"https:\/\/kspnazaret.pl\/index.php?rest_route=\/wp\/v2\/users\/1"}],"replies":[{"embeddable":true,"href":"https:\/\/kspnazaret.pl\/index.php?rest_route=%2Fwp%2Fv2%2Fcomments&post=5368"}],"version-history":[{"count":16,"href":"https:\/\/kspnazaret.pl\/index.php?rest_route=\/wp\/v2\/pages\/5368\/revisions"}],"predecessor-version":[{"id":10447,"href":"https:\/\/kspnazaret.pl\/index.php?rest_route=\/wp\/v2\/pages\/5368\/revisions\/10447"}],"wp:attachment":[{"href":"https:\/\/kspnazaret.pl\/index.php?rest_route=%2Fwp%2Fv2%2Fmedia&parent=5368"}],"curies":[{"name":"wp","href":"https:\/\/api.w.org\/{rel}","templated":true}]}}