{"id":5277,"date":"2020-11-19T14:49:10","date_gmt":"2020-11-19T13:49:10","guid":{"rendered":"http:\/\/www.kspnazaret.pl\/?page_id=5277"},"modified":"2021-09-27T18:30:48","modified_gmt":"2021-09-27T16:30:48","slug":"wolontariat","status":"publish","type":"page","link":"https:\/\/kspnazaret.pl\/?page_id=5277","title":{"rendered":"Wolontariat"},"content":{"rendered":"<p>[vc_row][vc_column][vc_column_text]<\/p>\n<blockquote class=\"wp-block-quote is-layout-flow wp-block-quote-is-layout-flow\">\n<p><span style=\"color: #008000;\"><strong><em><img loading=\"lazy\" decoding=\"async\" class=\" wp-image-5838 aligncenter\" src=\"http:\/\/www.kspnazaret.pl\/wp-content\/uploads\/2020\/12\/dlon-300x147.jpg\" alt=\"\" width=\"434\" height=\"212\" srcset=\"https:\/\/kspnazaret.pl\/wp-content\/uploads\/2020\/12\/dlon-300x147.jpg 300w, https:\/\/kspnazaret.pl\/wp-content\/uploads\/2020\/12\/dlon.jpg 320w\" sizes=\"auto, (max-width: 434px) 100vw, 434px\" \/><br \/><span style=\"font-size: 14pt;\">\u201eWA\u017bNY JEST RODZAJ POMOCY, KT\u00d3R\u0104 SI\u0118 OFERUJE. ALE JESZCZE WA\u017bNIEJSZE OD TEGO JEST SERCE, <\/span><br \/><span style=\"font-size: 14pt;\">Z JAKIM TEJ POMOCY SI\u0118 UDZIELA.\u201d<\/span><\/em><\/strong><\/span><\/p>\n<p><em><span style=\"font-size: 8pt;\">Przes\u0142anie Papie\u017ca Jana Paw\u0142a II <\/span><span style=\"font-size: 8pt;\">na zako\u0144czenie Mi\u0119dzynarodowego Roku Wolontariatu<\/span><\/em><\/p>\n<p>Tradycj\u0105 Nazaretu jest rozwijanie dzia\u0142a\u0144 Ko\u0142a Wolontariatu, czyli rozwijanie dzia\u0142a\u0144 pro \u2013 \u00a0spo\u0142ecznych w szkole i na zewn\u0105trz jej. Wolontariat jest szko\u0142\u0105 odpowiedzialno\u015bci za drugiego cz\u0142owieka, nauk\u0105 przedsi\u0119biorczo\u015bci, inicjatywy, empatii i pog\u0142\u0119bianiem wiedzy z danej dziedziny<\/p>\n<p><strong><em>Szkolne Ko\u0142o Wolontariatu<\/em><\/strong>\u00a0jest inicjatyw\u0105 skierowan\u0105 do uczni\u00f3w klas V \u2013 VIII, kt\u00f3rzy chc\u0105 pomaga\u0107 najbardziej potrzebuj\u0105cym, reagowa\u0107 czynnie na potrzeby \u015brodowiska, by\u0107 odpowiedzialnym za szko\u0142\u0119.<\/p>\n<p><strong>Opiekunowie:<\/strong><br \/>&#8211; p. Damian Zegad\u0142o<br \/>&#8211; s. Maria J\u00f3zefa \u017byci\u0144ska<\/p>\n<p><span style=\"color: #008000;\"><strong>Dzia\u0142alno\u015b\u0107 Ko\u0142a Wolontariatu<\/strong><\/span><\/p>\n<p><strong>W zakresie wsparcia spo\u0142eczno\u015bci szkolnej<br \/>&#8211; <\/strong>pomoc wychowawcom \u015bwietlicy w organizowaniu zaj\u0119\u0107 dla dzieci (dy\u017cur przy wyj\u015bciu dzieci, zaj\u0119cia plastyczne, muzyczne, itp.)<\/p>\n<p><strong>W zakresie wsparcia \u015brodowiska\u00a0 lokalnego<br \/>&#8211; <\/strong>wsp\u00f3\u0142praca z Domem Dziecka\u00a0<em>Kamyk;<\/em><strong><br \/>&#8211; <\/strong>przygotowywanie \u015bwi\u0105tecznych paczek dla potrzebuj\u0105cych np. Szlachetna Paczka;<strong><br \/>&#8211; <\/strong>Bank \u017bywno\u015bci SOS \u2013 zbi\u00f3rka \u017cywno\u015bci;<strong><br \/>&#8211; <\/strong>w\u0142\u0105czanie si\u0119 w akcje Caritasu;<strong><br \/>&#8211; <\/strong>kiermasze \u015bwi\u0105teczne na wyznaczone cele;<strong><br \/>&#8211; <\/strong>zbi\u00f3rka nakr\u0119tek i makulatury;<strong><br \/>&#8211; <\/strong>\u015bwiate\u0142ko zapomnianym \u2013 porz\u0105dkowanie zaniedbanych grob\u00f3w.<\/p>\n<p><strong>W zakresie globalnym<br \/>&#8211; <\/strong>uwra\u017cliwiania r\u00f3wie\u015bnik\u00f3w na problemy wsp\u00f3\u0142czesnego \u015bwiata;<strong><br \/>&#8211; <\/strong>akcje pomocowe w sytuacjach wyj\u0105tkowych;<strong><br \/>&#8211; <\/strong>obchody Dnia Wolontariusza \u2013 spotkanie z zaproszonym go\u015bciem.<\/p>\n<\/blockquote>\n<p>[\/vc_column_text][\/vc_column][\/vc_row]<\/p>\n","protected":false},"excerpt":{"rendered":"<p>[vc_row][vc_column][vc_column_text] \u201eWA\u017bNY JEST RODZAJ POMOCY, KT\u00d3R\u0104 SI\u0118 OFERUJE. ALE JESZCZE WA\u017bNIEJSZE OD TEGO JEST SERCE, Z JAKIM TEJ POMOCY SI\u0118 UDZIELA.\u201d Przes\u0142anie Papie\u017ca Jana Paw\u0142a II na zako\u0144czenie Mi\u0119dzynarodowego Roku Wolontariatu Tradycj\u0105 Nazaretu jest rozwijanie dzia\u0142a\u0144 Ko\u0142a Wolontariatu, czyli rozwijanie dzia\u0142a\u0144 pro \u2013 \u00a0spo\u0142ecznych w szkole i na zewn\u0105trz jej. Wolontariat jest szko\u0142\u0105 odpowiedzialno\u015bci za [&hellip;]<\/p>\n","protected":false},"author":1,"featured_media":0,"parent":0,"menu_order":0,"comment_status":"closed","ping_status":"closed","template":"","meta":{"footnotes":""},"class_list":["post-5277","page","type-page","status-publish","hentry"],"_links":{"self":[{"href":"https:\/\/kspnazaret.pl\/index.php?rest_route=\/wp\/v2\/pages\/5277","targetHints":{"allow":["GET"]}}],"collection":[{"href":"https:\/\/kspnazaret.pl\/index.php?rest_route=\/wp\/v2\/pages"}],"about":[{"href":"https:\/\/kspnazaret.pl\/index.php?rest_route=\/wp\/v2\/types\/page"}],"author":[{"embeddable":true,"href":"https:\/\/kspnazaret.pl\/index.php?rest_route=\/wp\/v2\/users\/1"}],"replies":[{"embeddable":true,"href":"https:\/\/kspnazaret.pl\/index.php?rest_route=%2Fwp%2Fv2%2Fcomments&post=5277"}],"version-history":[{"count":12,"href":"https:\/\/kspnazaret.pl\/index.php?rest_route=\/wp\/v2\/pages\/5277\/revisions"}],"predecessor-version":[{"id":7304,"href":"https:\/\/kspnazaret.pl\/index.php?rest_route=\/wp\/v2\/pages\/5277\/revisions\/7304"}],"wp:attachment":[{"href":"https:\/\/kspnazaret.pl\/index.php?rest_route=%2Fwp%2Fv2%2Fmedia&parent=5277"}],"curies":[{"name":"wp","href":"https:\/\/api.w.org\/{rel}","templated":true}]}}