{"id":5188,"date":"2020-11-19T11:52:37","date_gmt":"2020-11-19T10:52:37","guid":{"rendered":"http:\/\/www.kspnazaret.pl\/?page_id=5188"},"modified":"2021-09-22T08:50:52","modified_gmt":"2021-09-22T06:50:52","slug":"biblioteka","status":"publish","type":"page","link":"https:\/\/kspnazaret.pl\/?page_id=5188","title":{"rendered":"Biblioteka"},"content":{"rendered":"<p>[vc_row][vc_column][vc_column_text]<\/p>\n<p><strong><img loading=\"lazy\" decoding=\"async\" class=\"wp-image-5818 alignleft\" src=\"http:\/\/www.kspnazaret.pl\/wp-content\/uploads\/2020\/12\/DSC_9254-300x200.jpg\" alt=\"\" width=\"282\" height=\"188\" srcset=\"https:\/\/kspnazaret.pl\/wp-content\/uploads\/2020\/12\/DSC_9254-300x200.jpg 300w, https:\/\/kspnazaret.pl\/wp-content\/uploads\/2020\/12\/DSC_9254-1024x683.jpg 1024w, https:\/\/kspnazaret.pl\/wp-content\/uploads\/2020\/12\/DSC_9254-768x512.jpg 768w, https:\/\/kspnazaret.pl\/wp-content\/uploads\/2020\/12\/DSC_9254-1536x1024.jpg 1536w, https:\/\/kspnazaret.pl\/wp-content\/uploads\/2020\/12\/DSC_9254-2048x1365.jpg 2048w\" sizes=\"auto, (max-width: 282px) 100vw, 282px\" \/><\/strong><\/p>\n<p>&nbsp;<\/p>\n<p>&nbsp;<\/p>\n<p><strong><span style=\"color: #008000;\">Czytanie dobrych ksi\u0105\u017cek jest niczym rozmowa<br \/>z najwspanialszymi lud\u017ami minionych czas\u00f3w.<\/span><br \/><\/strong><span style=\"font-size: 10pt;\"><em>Kartezjusz\u00a0<\/em><\/span><\/p>\n\n<p><strong><br \/>Dla ka\u017cdego co\u015b mi\u0142ego. Ka\u017cdy znajdzie co\u015b dla siebie.<\/strong><\/p>\n\n<p>W zale\u017cno\u015bci od Waszych potrzeb czy zainteresowa\u0144, korzystacie zapewne z wielu r\u00f3\u017cnych bibliotek, a w niepozornych pomieszczeniach cz\u0119sto skrywaj\u0105 si\u0119 niezwyk\u0142e i rzadkie zbiory.<\/p>\n<p>Te, kt\u00f3re tutaj znajdziecie\u00a0stanowi\u0105 tylko niewielki wycinek spo\u015br\u00f3d bogatej oferty ksi\u0119gozbior\u00f3w &#8211; ale m\u00f3wi\u0105c szczerze jest z czego wybiera\u0107. Znajdziecie tutaj zar\u00f3wno lektury, ale r\u00f3wnie\u017c takie ksi\u0105\u017cki, kt\u00f3re mo\u017cna poczyta\u0107 tak 'do poduszki&#8217;. S\u0105 ksi\u0105\u017cki\u00a0o tematyce powa\u017cnej, ale i takie, kt\u00f3re\u00a0mog\u0105\u00a0roz\u015bmieszy\u0107 do \u0142ez. Wszystko zale\u017cy od tego, co szukasz&#8230;\u00a0<\/p>\n<p><a href=\"https:\/\/www.kspnazaret.pl\/wp-content\/uploads\/2021\/09\/Zasady-korzystania-z-biblioteki.pdf\">Regulamin biblioteki<\/a><\/p>\n\n<p>&nbsp;<\/p>\n<p>[\/vc_column_text][\/vc_column][\/vc_row]<\/p>\n","protected":false},"excerpt":{"rendered":"<p>[vc_row][vc_column][vc_column_text] &nbsp; &nbsp; Czytanie dobrych ksi\u0105\u017cek jest niczym rozmowaz najwspanialszymi lud\u017ami minionych czas\u00f3w.Kartezjusz\u00a0 Dla ka\u017cdego co\u015b mi\u0142ego. Ka\u017cdy znajdzie co\u015b dla siebie. W zale\u017cno\u015bci od Waszych potrzeb czy zainteresowa\u0144, korzystacie zapewne z wielu r\u00f3\u017cnych bibliotek, a w niepozornych pomieszczeniach cz\u0119sto skrywaj\u0105 si\u0119 niezwyk\u0142e i rzadkie zbiory. Te, kt\u00f3re tutaj znajdziecie\u00a0stanowi\u0105 tylko niewielki wycinek spo\u015br\u00f3d bogatej [&hellip;]<\/p>\n","protected":false},"author":1,"featured_media":0,"parent":0,"menu_order":0,"comment_status":"closed","ping_status":"closed","template":"","meta":{"footnotes":""},"class_list":["post-5188","page","type-page","status-publish","hentry"],"_links":{"self":[{"href":"https:\/\/kspnazaret.pl\/index.php?rest_route=\/wp\/v2\/pages\/5188","targetHints":{"allow":["GET"]}}],"collection":[{"href":"https:\/\/kspnazaret.pl\/index.php?rest_route=\/wp\/v2\/pages"}],"about":[{"href":"https:\/\/kspnazaret.pl\/index.php?rest_route=\/wp\/v2\/types\/page"}],"author":[{"embeddable":true,"href":"https:\/\/kspnazaret.pl\/index.php?rest_route=\/wp\/v2\/users\/1"}],"replies":[{"embeddable":true,"href":"https:\/\/kspnazaret.pl\/index.php?rest_route=%2Fwp%2Fv2%2Fcomments&post=5188"}],"version-history":[{"count":10,"href":"https:\/\/kspnazaret.pl\/index.php?rest_route=\/wp\/v2\/pages\/5188\/revisions"}],"predecessor-version":[{"id":7244,"href":"https:\/\/kspnazaret.pl\/index.php?rest_route=\/wp\/v2\/pages\/5188\/revisions\/7244"}],"wp:attachment":[{"href":"https:\/\/kspnazaret.pl\/index.php?rest_route=%2Fwp%2Fv2%2Fmedia&parent=5188"}],"curies":[{"name":"wp","href":"https:\/\/api.w.org\/{rel}","templated":true}]}}