{"id":5166,"date":"2020-11-19T11:13:42","date_gmt":"2020-11-19T10:13:42","guid":{"rendered":"http:\/\/www.kspnazaret.pl\/?page_id=5166"},"modified":"2021-02-11T12:55:07","modified_gmt":"2021-02-11T11:55:07","slug":"szor","status":"publish","type":"page","link":"https:\/\/kspnazaret.pl\/?page_id=5166","title":{"rendered":"SzOR"},"content":{"rendered":"\n<p><a href=\"http:\/\/www.kspnazaret.pl\/?page_id=5188\">Biblioteka<\/a><\/p>\n\n\n\n<p><a href=\"http:\/\/www.kspnazaret.pl\/?page_id=5191\">\u015awietlica<\/a><\/p>\n\n\n\n<p><a href=\"http:\/\/www.kspnazaret.pl\/?page_id=5194\">Sto\u0142\u00f3wka<\/a><\/p>\n\n\n\n<p><a href=\"http:\/\/www.kspnazaret.pl\/?page_id=5339\">Pomoc psychologiczno-pedagogiczna<\/a><\/p>\n\n\n\n<p><a href=\"http:\/\/www.kspnazaret.pl\/?page_id=5200\">Piel\u0119gniarka<\/a><\/p>\n\n\n\n<p><a href=\"http:\/\/www.kspnazaret.pl\/?page_id=5203\">Zaj\u0119cia pozalekcyjne<\/a><\/p>\n","protected":false},"excerpt":{"rendered":"<p>Biblioteka \u015awietlica Sto\u0142\u00f3wka Pomoc psychologiczno-pedagogiczna Piel\u0119gniarka Zaj\u0119cia pozalekcyjne<\/p>\n","protected":false},"author":1,"featured_media":0,"parent":0,"menu_order":0,"comment_status":"closed","ping_status":"closed","template":"","meta":{"footnotes":""},"class_list":["post-5166","page","type-page","status-publish","hentry"],"_links":{"self":[{"href":"https:\/\/kspnazaret.pl\/index.php?rest_route=\/wp\/v2\/pages\/5166","targetHints":{"allow":["GET"]}}],"collection":[{"href":"https:\/\/kspnazaret.pl\/index.php?rest_route=\/wp\/v2\/pages"}],"about":[{"href":"https:\/\/kspnazaret.pl\/index.php?rest_route=\/wp\/v2\/types\/page"}],"author":[{"embeddable":true,"href":"https:\/\/kspnazaret.pl\/index.php?rest_route=\/wp\/v2\/users\/1"}],"replies":[{"embeddable":true,"href":"https:\/\/kspnazaret.pl\/index.php?rest_route=%2Fwp%2Fv2%2Fcomments&post=5166"}],"version-history":[{"count":9,"href":"https:\/\/kspnazaret.pl\/index.php?rest_route=\/wp\/v2\/pages\/5166\/revisions"}],"predecessor-version":[{"id":6386,"href":"https:\/\/kspnazaret.pl\/index.php?rest_route=\/wp\/v2\/pages\/5166\/revisions\/6386"}],"wp:attachment":[{"href":"https:\/\/kspnazaret.pl\/index.php?rest_route=%2Fwp%2Fv2%2Fmedia&parent=5166"}],"curies":[{"name":"wp","href":"https:\/\/api.w.org\/{rel}","templated":true}]}}