{"id":5114,"date":"2020-11-19T10:35:53","date_gmt":"2020-11-19T09:35:53","guid":{"rendered":"http:\/\/www.kspnazaret.pl\/?page_id=5114"},"modified":"2025-01-21T10:38:20","modified_gmt":"2025-01-21T09:38:20","slug":"dlaczego-szkola-s-nazaretanek","status":"publish","type":"page","link":"https:\/\/kspnazaret.pl\/?page_id=5114","title":{"rendered":"Dlaczego szko\u0142a Si\u00f3str Nazaretanek?"},"content":{"rendered":"<p>[vc_row][vc_column][vc_column_text]<\/p>\n<p><img decoding=\"async\" class=\"wp-image-5765 alignleft\" style=\"width: 332px;\" src=\"http:\/\/www.kspnazaret.pl\/wp-content\/uploads\/2020\/12\/IMG_9492-scaled.jpeg\" alt=\"\" height=\"443\" srcset=\"https:\/\/kspnazaret.pl\/wp-content\/uploads\/2020\/12\/IMG_9492-scaled.jpeg 1920w, https:\/\/kspnazaret.pl\/wp-content\/uploads\/2020\/12\/IMG_9492-225x300.jpeg 225w, https:\/\/kspnazaret.pl\/wp-content\/uploads\/2020\/12\/IMG_9492-768x1024.jpeg 768w, https:\/\/kspnazaret.pl\/wp-content\/uploads\/2020\/12\/IMG_9492-1152x1536.jpeg 1152w, https:\/\/kspnazaret.pl\/wp-content\/uploads\/2020\/12\/IMG_9492-1536x2048.jpeg 1536w\" sizes=\"(max-width: 1920px) 100vw, 1920px\" \/><\/p>\n<p>Jeste\u015bmy publiczn\u0105, koedukacyjn\u0105 szko\u0142\u0105 katolick\u0105. Staramy si\u0119 odpowiada\u0107 na dzisiejsze potrzeby m\u0142odzie\u017cy, dostosowuj\u0105c nasz\u0105 ofert\u0119 edukacyjn\u0105 oraz stosuj\u0105c indywidualizacj\u0119 w procesie nauczania. Zale\u017cy nam na wszechstronnym rozwoju naszych uczni\u00f3w, dlatego wk\u0142adamy wysi\u0142ki by tworzy\u0107 przyjazn\u0105 atmosfer\u0119, stawiaj\u0105c jednocze\u015bnie wysokie wymagania.<\/p>\n\n\n<p>Chcemy, aby absolwenci naszej szko\u0142y byli osobami odpowiedzialnymi i samodzielnymi, wra\u017cliwymi, uczciwymi i otwartymi na innych ludzi, \u015bwiadomymi celu w\u0142asnego \u017cycia, w\u0142asnego miejsca w \u015bwiecie, podejmuj\u0105cymi prac\u0119 nad sob\u0105, umiej\u0105cymi dokonywa\u0107 w\u0142a\u015bciwych wybor\u00f3w i potrafi\u0105cymi cieszy\u0107 si\u0119 \u017cyciem.<\/p>\n<p style=\"padding-left: 40px;\"><\/p>\n\n<p>Mamy \u015bwiadomo\u015b\u0107, \u017ce szko\u0142a to nie tylko lekcje i zdobywanie wiedzy czy te\u017c kszta\u0142towanie umiej\u0119tno\u015bci podczas typowych zaj\u0119\u0107 w klasie. To tak\u017ce anga\u017cowanie uczni\u00f3w w dzia\u0142ania r\u00f3\u017cnego rodzaju, kt\u00f3re w nietypowy spos\u00f3b wyzwalaj\u0105 w nich pok\u0142ady tw\u00f3rczo\u015bci, pozwalaj\u0105c na poszerzanie kompetencji matematycznych, j\u0119zykowych i spo\u0142ecznych. W naszej szkole nauczyciele szukaj\u0105 r\u00f3\u017cnych rozwi\u0105za\u0144, by ka\u017cdy ucze\u0144 m\u00f3g\u0142 w niecodzienny spos\u00f3b rozwija\u0107 swoje talenty i zainteresowania.<\/p>\n<p style=\"padding-left: 40px;\"><\/p>\n\n<p><strong>Staramy si\u0119 uczy\u0107 jak tw\u00f3rczo my\u015ble\u0107, m\u0105drze wybiera\u0107 i przy tym wszystkim zawsze patrze\u0107\u2026w Niebo.<\/strong><\/p>\n<p style=\"padding-left: 40px;\"><\/p>\n<p>[\/vc_column_text][\/vc_column][\/vc_row]<\/p>\n","protected":false},"excerpt":{"rendered":"<p>[vc_row][vc_column][vc_column_text] Jeste\u015bmy publiczn\u0105, koedukacyjn\u0105 szko\u0142\u0105 katolick\u0105. Staramy si\u0119 odpowiada\u0107 na dzisiejsze potrzeby m\u0142odzie\u017cy, dostosowuj\u0105c nasz\u0105 ofert\u0119 edukacyjn\u0105 oraz stosuj\u0105c indywidualizacj\u0119 w procesie nauczania. Zale\u017cy nam na wszechstronnym rozwoju naszych uczni\u00f3w, dlatego wk\u0142adamy wysi\u0142ki by tworzy\u0107 przyjazn\u0105 atmosfer\u0119, stawiaj\u0105c jednocze\u015bnie wysokie wymagania. Chcemy, aby absolwenci naszej szko\u0142y byli osobami odpowiedzialnymi i samodzielnymi, wra\u017cliwymi, uczciwymi i otwartymi [&hellip;]<\/p>\n","protected":false},"author":1,"featured_media":0,"parent":0,"menu_order":0,"comment_status":"closed","ping_status":"closed","template":"","meta":{"footnotes":""},"class_list":["post-5114","page","type-page","status-publish","hentry"],"_links":{"self":[{"href":"https:\/\/kspnazaret.pl\/index.php?rest_route=\/wp\/v2\/pages\/5114","targetHints":{"allow":["GET"]}}],"collection":[{"href":"https:\/\/kspnazaret.pl\/index.php?rest_route=\/wp\/v2\/pages"}],"about":[{"href":"https:\/\/kspnazaret.pl\/index.php?rest_route=\/wp\/v2\/types\/page"}],"author":[{"embeddable":true,"href":"https:\/\/kspnazaret.pl\/index.php?rest_route=\/wp\/v2\/users\/1"}],"replies":[{"embeddable":true,"href":"https:\/\/kspnazaret.pl\/index.php?rest_route=%2Fwp%2Fv2%2Fcomments&post=5114"}],"version-history":[{"count":12,"href":"https:\/\/kspnazaret.pl\/index.php?rest_route=\/wp\/v2\/pages\/5114\/revisions"}],"predecessor-version":[{"id":9876,"href":"https:\/\/kspnazaret.pl\/index.php?rest_route=\/wp\/v2\/pages\/5114\/revisions\/9876"}],"wp:attachment":[{"href":"https:\/\/kspnazaret.pl\/index.php?rest_route=%2Fwp%2Fv2%2Fmedia&parent=5114"}],"curies":[{"name":"wp","href":"https:\/\/api.w.org\/{rel}","templated":true}]}}