{"id":5112,"date":"2020-11-19T10:34:50","date_gmt":"2020-11-19T09:34:50","guid":{"rendered":"http:\/\/www.kspnazaret.pl\/?page_id=5112"},"modified":"2025-01-21T11:04:39","modified_gmt":"2025-01-21T10:04:39","slug":"nasze-zgromadzenie","status":"publish","type":"page","link":"https:\/\/kspnazaret.pl\/?page_id=5112","title":{"rendered":"Nasze Zgromadzenie"},"content":{"rendered":"<p>[vc_row][vc_column][vc_column_text]<\/p>\n<figure class=\"wp-block-image is-style-default\"><img decoding=\"async\" src=\"http:\/\/www.kspjadwiga.pl\/wp-content\/themes\/ksp_rekrutacja\/images\/nazaret.png\" alt=\"\" \/><\/p>\n<figcaption><strong><img loading=\"lazy\" decoding=\"async\" class=\"wp-image-6011 alignleft\" src=\"http:\/\/www.kspnazaret.pl\/wp-content\/uploads\/2021\/01\/CSFN.jpg\" alt=\"\" width=\"286\" height=\"338\" \/><br \/><span style=\"color: #008000; font-size: 14pt;\"><br \/>\u201eZawsze niech b\u0119dzie dla Was przyk\u0142adem \u015awi\u0119ta Rodzina z Nazaretu,<\/span><\/strong><span style=\"color: #008000;\"> <strong><span style=\"font-size: 14pt;\">w kt\u00f3rej wzrasta\u0142 Chrystus przy Matce Maryi i opiekunie J\u00f3zefie.\u201d<\/span> <em><br \/>\u015bw. Jan Pawe\u0142 II<\/em><\/strong><\/span><\/p>\n<p>Jako siostry Zgromadzenia Naj\u015bwi\u0119tszej Rodziny z Nazaretu pragniemy szerzy\u0107 Kr\u00f3lestwo Bo\u017cej Mi\u0142o\u015bci w\u015br\u00f3d ludzi. Anga\u017cujemy si\u0119 w r\u00f3\u017cne formy dzia\u0142alno\u015bci w Ko\u015bciele katolickim, zw\u0142aszcza w pos\u0142ug\u0119 wobec rodziny.<\/p>\n<p>Wi\u0119cej informacji: <a href=\"https:\/\/pl.nazarethfamily.org\/\">www.nazaretanki.org<\/a><\/p>\n<\/figcaption>\n<\/figure>\n\n<p>\u00a0<\/p>\n\n<p>&nbsp;<\/p>\n<p>[\/vc_column_text][\/vc_column][\/vc_row]<\/p>\n","protected":false},"excerpt":{"rendered":"<p>[vc_row][vc_column][vc_column_text] \u00a0 &nbsp; [\/vc_column_text][\/vc_column][\/vc_row]<\/p>\n","protected":false},"author":1,"featured_media":0,"parent":0,"menu_order":0,"comment_status":"closed","ping_status":"closed","template":"","meta":{"footnotes":""},"class_list":["post-5112","page","type-page","status-publish","hentry"],"_links":{"self":[{"href":"https:\/\/kspnazaret.pl\/index.php?rest_route=\/wp\/v2\/pages\/5112","targetHints":{"allow":["GET"]}}],"collection":[{"href":"https:\/\/kspnazaret.pl\/index.php?rest_route=\/wp\/v2\/pages"}],"about":[{"href":"https:\/\/kspnazaret.pl\/index.php?rest_route=\/wp\/v2\/types\/page"}],"author":[{"embeddable":true,"href":"https:\/\/kspnazaret.pl\/index.php?rest_route=\/wp\/v2\/users\/1"}],"replies":[{"embeddable":true,"href":"https:\/\/kspnazaret.pl\/index.php?rest_route=%2Fwp%2Fv2%2Fcomments&post=5112"}],"version-history":[{"count":11,"href":"https:\/\/kspnazaret.pl\/index.php?rest_route=\/wp\/v2\/pages\/5112\/revisions"}],"predecessor-version":[{"id":9878,"href":"https:\/\/kspnazaret.pl\/index.php?rest_route=\/wp\/v2\/pages\/5112\/revisions\/9878"}],"wp:attachment":[{"href":"https:\/\/kspnazaret.pl\/index.php?rest_route=%2Fwp%2Fv2%2Fmedia&parent=5112"}],"curies":[{"name":"wp","href":"https:\/\/api.w.org\/{rel}","templated":true}]}}