{"id":19,"date":"2015-11-25T07:32:41","date_gmt":"2015-11-25T07:32:41","guid":{"rendered":"https:\/\/smartyschool.stylemixthemes.com\/?page_id=19"},"modified":"2026-04-29T10:16:51","modified_gmt":"2026-04-29T08:16:51","slug":"home-2","status":"publish","type":"page","link":"https:\/\/kspnazaret.pl\/","title":{"rendered":"STRONA G\u0141\u00d3WNA"},"content":{"rendered":"<p>[vc_row css=&#8221;.vc_custom_1678215126809{background-image: url(https:\/\/kspnazaret.pl\/wp-content\/uploads\/2023\/03\/widok-z-gory-na-przezroczysta-teksture-blaszki-lisciowej-1.jpg?id=8947) !important;}&#8221;][vc_column offset=&#8221;vc_hidden-lg&#8221;][vc_empty_space height=&#8221;60px&#8221;][\/vc_column][\/vc_row][vc_row full_width=&#8221;stretch_row&#8221; css=&#8221;.vc_custom_1678215315641{background-image: url(https:\/\/kspnazaret.pl\/wp-content\/uploads\/2023\/03\/widok-z-gory-na-przezroczysta-teksture-blaszki-lisciowej-1.jpg?id=8947) !important;}&#8221;][vc_column width=&#8221;1\/6&#8243;][\/vc_column][vc_column width=&#8221;2\/3&#8243;][vc_row_inner][vc_column_inner][\/vc_column_inner][\/vc_row_inner][vc_empty_space height=&#8221;120px&#8221;][stm_text_box stm_bg_color=&#8221;custom&#8221;]<\/p>\n<h3 style=\"text-align: left;\"><span style=\"color: #ff6e31;\">Katolicka Szko\u0142a Podstawowa<br \/>\n<\/span><span style=\"color: #ff6e31;\">im. Maryi z Nazaretu<br \/>\n<\/span><span style=\"color: #ff6e31;\">w Kielcach<\/span><\/h3>\n<p>[\/stm_text_box][vc_single_image image=&#8221;8452&#8243; img_size=&#8221;700&#215;400&#8243; alignment=&#8221;center&#8221;][vc_empty_space][vc_column_text]<\/p>\n<h2 style=\"text-align: center;\"><em><span style=\"color: #ff6e31;\">Nazaret to nie tylko szko\u0142a.<\/span><\/em><br \/>\n<em><span style=\"color: #ff6e31;\">To spos\u00f3b do\u015bwiadczania \u015bwiata.<\/span><\/em><\/h2>\n<p>[\/vc_column_text][\/vc_column][vc_column width=&#8221;1\/6&#8243; offset=&#8221;vc_hidden-xs&#8221;][vc_empty_space height=&#8221;120px&#8221;][vc_single_image image=&#8221;5540&#8243; alignment=&#8221;center&#8221;][vc_single_image image=&#8221;10133&#8243; img_size=&#8221;medium&#8221; alignment=&#8221;center&#8221; onclick=&#8221;custom_link&#8221; link=&#8221;https:\/\/www.gov.pl\/web\/bip&#8221;][vc_single_image image=&#8221;10667&#8243; img_size=&#8221;full&#8221; onclick=&#8221;custom_link&#8221; img_link_target=&#8221;_blank&#8221; link=&#8221;https:\/\/kspnazaret.pl\/wp-content\/uploads\/2026\/02\/ulotka-1.jpg&#8221;][\/vc_column][\/vc_row][vc_row full_width=&#8221;stretch_row&#8221; css=&#8221;.vc_custom_1678207879511{background: #ffffff url(http:\/\/www.kspnazaret.pl\/wp-content\/uploads\/2016\/05\/placeholder.gif?id=5133) !important;background-position: 0 0 !important;background-repeat: no-repeat !important;}&#8221;][vc_column][vc_row_inner el_class=&#8221;post_color_white&#8221;][vc_column_inner][vc_custom_heading text=&#8221;Aktualno\u015bci&#8221; font_container=&#8221;tag:h2|text_align:left|color:%23ffffff&#8221; use_theme_fonts=&#8221;yes&#8221;][stm_posts posts_category=&#8221;bez-kategorii&#8221; posts_count=&#8221;12&#8243; title=&#8221;Wydarzenia&#8221;][vc_btn title=&#8221;Starsze wpisy&#8230;&#8221; style=&#8221;outline&#8221; size=&#8221;lg&#8221; align=&#8221;center&#8221; i_icon_fontawesome=&#8221;fas fa-book-reader&#8221; css_animation=&#8221;fadeIn&#8221; add_icon=&#8221;true&#8221; link=&#8221;url:http%3A%2F%2Fwww.kspnazaret.pl%2F%3Fpage_id%3D764|title:Starsze%20wpisy&#8230;||&#8221;][vc_column_text]<\/p>\n<h4 style=\"text-align: center;\"><span style=\"color: #ff6600;\">Wi\u0119cej wydarze\u0144 z \u017cycia szko\u0142y na naszym FB<br \/>\n<\/span><span style=\"color: #000000;\"><span style=\"color: #ff6600; font-size: 10pt;\"><em>(kliknij poni\u017cej)<\/em>:<\/span><br \/>\n<\/span><\/h4>\n<p>[\/vc_column_text][\/vc_column_inner][\/vc_row_inner][vc_btn title=&#8221;Facebook&#8221; style=&#8221;custom&#8221; custom_background=&#8221;#dd9933&#8243; custom_text=&#8221;#ffffff&#8221; size=&#8221;lg&#8221; align=&#8221;center&#8221; i_icon_fontawesome=&#8221;fab fa-facebook-square&#8221; css_animation=&#8221;fadeInUpBig&#8221; button_block=&#8221;true&#8221; add_icon=&#8221;true&#8221; link=&#8221;url:https%3A%2F%2Fwww.facebook.com%2FKatolicka-Szko%25C5%2582a-Podstawowa-im-Maryi-z-Nazaretu-w-Kielcach-104144590992722%2F%20|title:Facebook|target:%20_blank|&#8221;][stm_spacing lg_spacing=&#8221;100&#8243; md_spacing=&#8221;100&#8243; sm_spacing=&#8221;80&#8243; xs_spacing=&#8221;115&#8243;][\/vc_column][\/vc_row][vc_row full_width=&#8221;stretch_row&#8221; css=&#8221;.vc_custom_1678126437211{margin-bottom: 0px !important;padding-bottom: 0px !important;background-position: 0 0 !important;background-repeat: no-repeat !important;}&#8221; el_class=&#8221;superiority_section&#8221;][vc_column width=&#8221;2\/3&#8243;][vc_empty_space height=&#8221;62px&#8221;][vc_custom_heading text=&#8221;SzOR&#8221; use_theme_fonts=&#8221;yes&#8221; css_animation=&#8221;rotateInDownLeft&#8221; link=&#8221;url:http%3A%2F%2Fwww.kspnazaret.pl%2F%3Fpage_id%3D5166|||&#8221;][vc_column_text css_animation=&#8221;rotateInDownLeft&#8221;]SzOR? Tak! Szkolny Oddzia\u0142 Ratunkowy &#8211; pom\u00f3c uczniowi gotowy. A \u017ce potrzeby uczni\u00f3w s\u0105 najrozmaitsze, sk\u0142ad SzOR-u te\u017c jest wielce urozmaicony. Od szkolnego pedagoga po szkoln\u0105 sto\u0142\u00f3wk\u0119. Dla ka\u017cdego co\u015b dobrego, a na pewno &#8211; potrzebnego![\/vc_column_text][vc_empty_space height=&#8221;62px&#8221;][\/vc_column][vc_column width=&#8221;1\/3&#8243; offset=&#8221;vc_hidden-xs&#8221;][vc_empty_space height=&#8221;62px&#8221;][vc_single_image image=&#8221;8564&#8243; img_size=&#8221;medium&#8221; alignment=&#8221;right&#8221;][vc_empty_space height=&#8221;62px&#8221;][\/vc_column][\/vc_row][vc_row full_width=&#8221;stretch_row&#8221; css=&#8221;.vc_custom_1605972188845{background: #ffffff url(http:\/\/www.kspnazaret.pl\/wp-content\/uploads\/2016\/05\/placeholder.gif?id=3270) !important;}&#8221; el_class=&#8221;superiority_section&#8221;][vc_column css_animation=&#8221;bounceInDown&#8221; el_class=&#8221;superiority_section&#8221;][stm_spacing lg_spacing=&#8221;24&#8243; md_spacing=&#8221;24&#8243; sm_spacing=&#8221;24&#8243; xs_spacing=&#8221;24&#8243;][vc_custom_heading text=&#8221;Organizacja szko\u0142y&#8221; font_container=&#8221;tag:h2|text_align:center&#8221; use_theme_fonts=&#8221;yes&#8221; css_animation=&#8221;slideInRight&#8221;][vc_custom_heading text=&#8221;\u201eWykorzystaj ten dzie\u0144 dzisiejszy. Obiema r\u0119koma obejmij go.<br \/>\nPrzyjmij ochoczo, co niesie ze sob\u0105: \u015bwiat\u0142o, powietrze i \u017cycie, jego u\u015bmiech, p\u0142acz, i ca\u0142y cud tego dnia. Wyjd\u017a mu naprzeciw.&#8222;&#8221; font_container=&#8221;tag:p|text_align:center|color:%23f7f7f7&#8243; use_theme_fonts=&#8221;yes&#8221; css_animation=&#8221;slideInLeft&#8221;][stm_spacing lg_spacing=&#8221;24&#8243; md_spacing=&#8221;24&#8243; sm_spacing=&#8221;24&#8243; xs_spacing=&#8221;24&#8243;][vc_row_inner][vc_column_inner width=&#8221;1\/4&#8243;][vc_icon icon_fontawesome=&#8221;far fa-calendar-alt&#8221; color=&#8221;orange&#8221; background_style=&#8221;rounded&#8221; background_color=&#8221;white&#8221; align=&#8221;center&#8221; link=&#8221;url:http%3A%2F%2Fwww.kspnazaret.pl%2F%3Fpage_id%3D6359|title:Hymn||&#8221;][stm_action_box icon_color=&#8221;blue&#8221; text_alignment=&#8221;center&#8221; img_size=&#8221;120&#215;120&#8243; title=&#8221;Hymn szko\u0142y&#8221; icon_fontawesome=&#8221;far fa-calendar-alt&#8221; icon_font_size=&#8221;50&#8243; action_box_link=&#8221;url:http%3A%2F%2Fwww.kspnazaret.pl%2F%3Fp%3D6345|title:Hymn||&#8221;][\/stm_action_box][\/vc_column_inner][vc_column_inner width=&#8221;1\/4&#8243;][vc_icon icon_fontawesome=&#8221;stm-icon stm-icon-alarm-clock&#8221; color=&#8221;orange&#8221; background_style=&#8221;rounded&#8221; background_color=&#8221;white&#8221; align=&#8221;center&#8221; link=&#8221;url:http%3A%2F%2Fwww.kspnazaret.pl%2F%3Fpage_id%3D5379|||&#8221;][stm_action_box img_size=&#8221;120&#215;120&#8243; title=&#8221;Dzwonki&#8221; action_box_link=&#8221;url:http%3A%2F%2Fwww.kspnazaret.pl%2F%3Fpage_id%3D5379|title:Dzwonki|target:%20_blank|rel:nofollow&#8221;][\/stm_action_box][\/vc_column_inner][vc_column_inner width=&#8221;1\/4&#8243;][vc_icon icon_fontawesome=&#8221;far fa-calendar-alt&#8221; color=&#8221;orange&#8221; background_style=&#8221;rounded&#8221; background_color=&#8221;white&#8221; align=&#8221;center&#8221; link=&#8221;url:https%3A%2F%2Fkspnazaret.pl%2Fwp-content%2Fuploads%2F2026%2F02%2FPlan-lekcji.pdf|title:Plan%20lekcji||&#8221;][stm_action_box icon_color=&#8221;blue&#8221; text_alignment=&#8221;center&#8221; img_size=&#8221;120&#215;120&#8243; title=&#8221;Plan lekcji&#8221; icon_fontawesome=&#8221;far fa-calendar-alt&#8221; icon_font_size=&#8221;50&#8243; action_box_link=&#8221;url:https%3A%2F%2Fkspnazaret.pl%2Fwp-content%2Fuploads%2F2026%2F02%2FPlan-lekcji.pdf|title:Plan%20lekcji||&#8221;][\/stm_action_box][vc_empty_space height=&#8221;62px&#8221;][\/vc_column_inner][vc_column_inner width=&#8221;1\/4&#8243;][vc_icon icon_fontawesome=&#8221;far fa-address-book&#8221; color=&#8221;orange&#8221; background_style=&#8221;rounded&#8221; background_color=&#8221;white&#8221; align=&#8221;center&#8221; link=&#8221;url:https%3A%2F%2Fuonetplus.vulcan.net.pl%2Fkielce|title:Dziennik||&#8221;][stm_action_box img_size=&#8221;120&#215;120&#8243; title=&#8221;Dziennik&#8221; action_box_link=&#8221;url:http%3A%2F%2Fwww.kspnazaret.pl%2F%3Fpage_id%3D5379|title:Dzwonki|target:%20_blank|rel:nofollow&#8221;][\/stm_action_box][\/vc_column_inner][\/vc_row_inner][\/vc_column][\/vc_row][vc_row css=&#8221;.vc_custom_1570168473530{background-position: center !important;background-repeat: no-repeat !important;background-size: cover !important;}&#8221;][vc_column][stm_title title_tag=&#8221;h2&#8243; title=&#8221;Dla poszukuj\u0105cych rodzic\u00f3w&#8221;][\/stm_title][\/vc_column][vc_column width=&#8221;1\/3&#8243;][vc_hoverbox image=&#8221;3270&#8243; primary_title=&#8221;Rodzicu pamietaj!&#8221; hover_title=&#8221;&#8221; shape=&#8221;round&#8221; hover_background_color=&#8221;white&#8221; hover_btn_title=&#8221;Czytaj wi\u0119cej&#8221; hover_btn_color=&#8221;green&#8221; hover_btn_size=&#8221;lg&#8221; css_animation=&#8221;fadeInUp&#8221; use_custom_fonts_hover_title=&#8221;true&#8221; hover_add_button=&#8221;true&#8221; hover_btn_link=&#8221;url:http%3A%2F%2Fwww.kspnazaret.pl%2F%3Fpage_id%3D5480|||&#8221;]Oto kilka porad dla Was, kochani Rodzice.[\/vc_hoverbox][\/vc_column][vc_column width=&#8221;1\/3&#8243;][vc_hoverbox image=&#8221;3270&#8243; primary_title=&#8221;Dekalog&#8221; hover_title=&#8221;&#8221; shape=&#8221;round&#8221; hover_background_color=&#8221;white&#8221; hover_btn_title=&#8221;Czytaj wi\u0119cej&#8221; hover_btn_color=&#8221;green&#8221; hover_btn_size=&#8221;lg&#8221; css_animation=&#8221;fadeInUp&#8221; use_custom_fonts_hover_title=&#8221;true&#8221; hover_add_button=&#8221;true&#8221; hover_btn_link=&#8221;url:http%3A%2F%2Fwww.kspnazaret.pl%2F%3Fpage_id%3D6390|title:DEKALOG%20DLA%20RODZIC%C3%93W%20I%20WYCHOWAWC%C3%93W||&#8221;]Dekalog dla Rodzic\u00f3w i Wychowac\u00f3w.[\/vc_hoverbox][\/vc_column][vc_column width=&#8221;1\/3&#8243;][vc_hoverbox image=&#8221;3270&#8243; primary_title=&#8221;Typowa dwunastka&#8221; hover_title=&#8221;&#8221; shape=&#8221;round&#8221; hover_background_color=&#8221;white&#8221; hover_btn_title=&#8221;Czytaj wi\u0119cej&#8221; hover_btn_color=&#8221;green&#8221; hover_btn_size=&#8221;lg&#8221; css_animation=&#8221;fadeInUp&#8221; use_custom_fonts_hover_title=&#8221;true&#8221; hover_add_button=&#8221;true&#8221; hover_btn_link=&#8221;url:http%3A%2F%2Fwww.kspnazaret.pl%2F%3Fpage_id%3D6395|title:DEKALOG%20DLA%20RODZIC%C3%93W%20I%20WYCHOWAWC%C3%93W||&#8221;]&#8221;Typowa dwunastka&#8221; &#8211; bariery komunikacyjne.[\/vc_hoverbox][vc_empty_space height=&#8221;62px&#8221;][\/vc_column][\/vc_row][vc_row full_width=&#8221;stretch_row&#8221; css=&#8221;.vc_custom_1678129698467{background: #ffffff url(http:\/\/www.kspnazaret.pl\/wp-content\/uploads\/2016\/05\/placeholder.gif?id=3270) !important;}&#8221;][vc_column css_animation=&#8221;bounceInDown&#8221; width=&#8221;1\/3&#8243; el_class=&#8221;superiority_section&#8221;][vc_empty_space][vc_column_text css_animation=&#8221;zoomIn&#8221;]<\/p>\n<h4><span style=\"color: #ffffff;\">Dane teleadresowe:<\/span><\/h4>\n<p><span style=\"color: #ffffff;\">Katolicka Szko\u0142a Podstawowa<\/span><br \/>\n<span style=\"color: #ffffff;\">im. Maryi z Nazaretu<\/span><br \/>\n<span style=\"color: #ffffff;\">ul. Marsza\u0142kowska 40<\/span><br \/>\n<span style=\"color: #ffffff;\">25-365 Kielce<\/span>[\/vc_column_text][\/vc_column][vc_column width=&#8221;1\/3&#8243;][vc_empty_space][vc_column_text css_animation=&#8221;zoomIn&#8221;]<\/p>\n<h4><span style=\"color: #ffffff;\">Sekretariat\u00a0czynny:<\/span><\/h4>\n<p><strong><span style=\"color: #ffffff;\">poniedzia\u0142ek \u2013 czwartek<\/span><\/strong><br \/>\n<span style=\"color: #ffffff;\">w godzinach 7.30 \u2013 15.30<\/span><br \/>\n<strong><span style=\"color: #ffffff;\">pi\u0105tek<\/span><\/strong><br \/>\n<span style=\"color: #ffffff;\">w godzinach 7.30 &#8211; 13.00<\/span><br \/>\n<span style=\"color: #ffffff;\">email: <a href=\"mailto:sekretariat@kspjadwiga.pl\">sekretariat@kspjadwiga.pl<\/a><\/span>[\/vc_column_text][vc_column_text css_animation=&#8221;zoomIn&#8221;][\/vc_column_text][\/vc_column][vc_column width=&#8221;1\/3&#8243;][vc_empty_space][vc_btn title=&#8221;Facebook&#8221; color=&#8221;info&#8221; size=&#8221;lg&#8221; align=&#8221;center&#8221; i_icon_fontawesome=&#8221;fab fa-facebook-square&#8221; css_animation=&#8221;fadeInUpBig&#8221; button_block=&#8221;true&#8221; add_icon=&#8221;true&#8221; link=&#8221;url:https%3A%2F%2Fwww.facebook.com%2FKatolicka-Szko%25C5%2582a-Podstawowa-im-Maryi-z-Nazaretu-w-Kielcach-104144590992722%2F%20|title:Facebook|target:%20_blank|&#8221;][vc_btn title=&#8221;Liceum&#8221; color=&#8221;info&#8221; size=&#8221;lg&#8221; align=&#8221;center&#8221; i_icon_fontawesome=&#8221;fas fa-graduation-cap&#8221; css_animation=&#8221;fadeInUpBig&#8221; button_block=&#8221;true&#8221; add_icon=&#8221;true&#8221; link=&#8221;url:https%3A%2F%2Fnazaret.kielce.pl%2F|title:Liceum|target:%20_blank|&#8221;][vc_btn title=&#8221;Stowarzyszenie&#8221; color=&#8221;info&#8221; size=&#8221;lg&#8221; align=&#8221;center&#8221; i_icon_fontawesome=&#8221;fas fa-users&#8221; css_animation=&#8221;fadeInUpBig&#8221; button_block=&#8221;true&#8221; add_icon=&#8221;true&#8221; link=&#8221;url:http%3A%2F%2Fwww.snrnazaret.pl%2F|title:Stowarzyszenie%20Naj%C5%9Bwi%C4%99tszej%20Rodziny|target:%20_blank|&#8221;][vc_column_text css_animation=&#8221;zoomIn&#8221;][\/vc_column_text][\/vc_column][\/vc_row]<\/p>\n","protected":false},"excerpt":{"rendered":"<p>[vc_row css=&#8221;.vc_custom_1678215126809{background-image: url(https:\/\/kspnazaret.pl\/wp-content\/uploads\/2023\/03\/widok-z-gory-na-przezroczysta-teksture-blaszki-lisciowej-1.jpg?id=8947) !important;}&#8221;][vc_column offset=&#8221;vc_hidden-lg&#8221;][vc_empty_space height=&#8221;60px&#8221;][\/vc_column][\/vc_row][vc_row full_width=&#8221;stretch_row&#8221; css=&#8221;.vc_custom_1678215315641{background-image: url(https:\/\/kspnazaret.pl\/wp-content\/uploads\/2023\/03\/widok-z-gory-na-przezroczysta-teksture-blaszki-lisciowej-1.jpg?id=8947) !important;}&#8221;][vc_column width=&#8221;1\/6&#8243;][\/vc_column][vc_column width=&#8221;2\/3&#8243;][vc_row_inner][vc_column_inner][\/vc_column_inner][\/vc_row_inner][vc_empty_space height=&#8221;120px&#8221;][stm_text_box stm_bg_color=&#8221;custom&#8221;] Katolicka Szko\u0142a Podstawowa im. Maryi z Nazaretu w Kielcach [\/stm_text_box][vc_single_image image=&#8221;8452&#8243; img_size=&#8221;700&#215;400&#8243; alignment=&#8221;center&#8221;][vc_empty_space][vc_column_text] Nazaret to nie tylko szko\u0142a. To spos\u00f3b do\u015bwiadczania \u015bwiata. [\/vc_column_text][\/vc_column][vc_column width=&#8221;1\/6&#8243; offset=&#8221;vc_hidden-xs&#8221;][vc_empty_space height=&#8221;120px&#8221;][vc_single_image image=&#8221;5540&#8243; alignment=&#8221;center&#8221;][vc_single_image image=&#8221;10133&#8243; img_size=&#8221;medium&#8221; alignment=&#8221;center&#8221; onclick=&#8221;custom_link&#8221; link=&#8221;https:\/\/www.gov.pl\/web\/bip&#8221;][vc_single_image image=&#8221;10667&#8243; img_size=&#8221;full&#8221; onclick=&#8221;custom_link&#8221; img_link_target=&#8221;_blank&#8221; link=&#8221;https:\/\/kspnazaret.pl\/wp-content\/uploads\/2026\/02\/ulotka-1.jpg&#8221;][\/vc_column][\/vc_row][vc_row full_width=&#8221;stretch_row&#8221; css=&#8221;.vc_custom_1678207879511{background: #ffffff [&hellip;]<\/p>\n","protected":false},"author":1,"featured_media":0,"parent":0,"menu_order":0,"comment_status":"closed","ping_status":"closed","template":"","meta":{"footnotes":""},"class_list":["post-19","page","type-page","status-publish","hentry"],"_links":{"self":[{"href":"https:\/\/kspnazaret.pl\/index.php?rest_route=\/wp\/v2\/pages\/19","targetHints":{"allow":["GET"]}}],"collection":[{"href":"https:\/\/kspnazaret.pl\/index.php?rest_route=\/wp\/v2\/pages"}],"about":[{"href":"https:\/\/kspnazaret.pl\/index.php?rest_route=\/wp\/v2\/types\/page"}],"author":[{"embeddable":true,"href":"https:\/\/kspnazaret.pl\/index.php?rest_route=\/wp\/v2\/users\/1"}],"replies":[{"embeddable":true,"href":"https:\/\/kspnazaret.pl\/index.php?rest_route=%2Fwp%2Fv2%2Fcomments&post=19"}],"version-history":[{"count":574,"href":"https:\/\/kspnazaret.pl\/index.php?rest_route=\/wp\/v2\/pages\/19\/revisions"}],"predecessor-version":[{"id":8739,"href":"https:\/\/kspnazaret.pl\/index.php?rest_route=\/wp\/v2\/pages\/19\/revisions\/8739"}],"wp:attachment":[{"href":"https:\/\/kspnazaret.pl\/index.php?rest_route=%2Fwp%2Fv2%2Fmedia&parent=19"}],"curies":[{"name":"wp","href":"https:\/\/api.w.org\/{rel}","templated":true}]}}