{"id":10116,"date":"2025-05-30T15:02:01","date_gmt":"2025-05-30T13:02:01","guid":{"rendered":"https:\/\/kspnazaret.pl\/?page_id=10116"},"modified":"2025-05-30T16:08:52","modified_gmt":"2025-05-30T14:08:52","slug":"bip","status":"publish","type":"page","link":"https:\/\/kspnazaret.pl\/?page_id=10116","title":{"rendered":"BIP"},"content":{"rendered":"<p>[vc_row gap=&#8221;10&#8243; content_placement=&#8221;middle&#8221; css=&#8221;.vc_custom_1748612449343{margin-top: 10px !important;margin-bottom: 10px !important;}&#8221;][vc_column css=&#8221;.vc_custom_1748612558206{margin-top: 20px !important;margin-bottom: 20px !important;}&#8221;][vc_single_image image=&#8221;10124&#8243; img_size=&#8221;full&#8221;][\/vc_column][\/vc_row][vc_row css=&#8221;.vc_custom_1748612803173{margin-top: 15px !important;margin-bottom: 15px !important;}&#8221;][vc_column][vc_column_text]<\/p>\n<h2 style=\"text-align: center;\">Biuletyn Informacji Publicznej Katolickiej Szko\u0142y Podstawowej im. Maryi z Nazaretu w Kielcach<\/h2>\n<p>[\/vc_column_text][\/vc_column][\/vc_row][vc_row css=&#8221;.vc_custom_1748613992508{margin-top: 40px !important;margin-bottom: 20px !important;}&#8221;][vc_column width=&#8221;1\/2&#8243; css=&#8221;.vc_custom_1748613881383{margin-right: 10px !important;}&#8221;][vc_column_text]<\/p>\n<h3>Adres redakcji strony BIP Katolickiej Szko\u0142y Podstawowej im. Maryi z Nazaretu w Kielcach:<\/h3>\n<p>Katolicka Szko\u0142a Podstawowa im. Maryi z Nazaretu w Kielcach<br \/>\nul. Marsza\u0142kowska 40, 25-546 Kielce<\/p>\n<p>Numer telefonu: <a href=\"tel:+48534979557\">+48534979557<\/a><br \/>\nAdres email: <a href=\"mailto:sekretariat@kspjadwiga.pl\">sekretariat@kspjadwiga.pl<\/a><\/p>\n<p>Strona www oraz BIP: <a href=\"https:\/\/kspnazaret.pl\/\">kspnazaret.pl<\/a>[\/vc_column_text][\/vc_column][vc_column width=&#8221;1\/2&#8243; css=&#8221;.vc_custom_1748613888933{margin-left: 10px !important;}&#8221;][vc_column_text]<\/p>\n<h3>Dane os\u00f3b redaguj\u0105cych stron\u0119 BIP Katolickiej Szko\u0142y Podstawowej im. Maryi z Nazaretu w Kielcach<\/h3>\n<p>Imi\u0119 i nazwisko:\u00a0<strong>El\u017cbieta Witek<\/strong><\/p>\n<p>Numer telefonu:\u00a0<a href=\"tel:+48534983442\">+48 534 983 442<\/a><\/p>\n<p>Adres email: <a href=\"mailto:selzbieta.witek@kspjadwiga.pl\">selzbieta.witek@kspjadwiga.pl<\/a>[\/vc_column_text][\/vc_column][\/vc_row]<\/p>\n","protected":false},"excerpt":{"rendered":"<p>[vc_row gap=&#8221;10&#8243; content_placement=&#8221;middle&#8221; css=&#8221;.vc_custom_1748612449343{margin-top: 10px !important;margin-bottom: 10px !important;}&#8221;][vc_column css=&#8221;.vc_custom_1748612558206{margin-top: 20px !important;margin-bottom: 20px !important;}&#8221;][vc_single_image image=&#8221;10124&#8243; img_size=&#8221;full&#8221;][\/vc_column][\/vc_row][vc_row css=&#8221;.vc_custom_1748612803173{margin-top: 15px !important;margin-bottom: 15px !important;}&#8221;][vc_column][vc_column_text] Biuletyn Informacji Publicznej Katolickiej Szko\u0142y Podstawowej im. Maryi z Nazaretu w Kielcach [\/vc_column_text][\/vc_column][\/vc_row][vc_row css=&#8221;.vc_custom_1748613992508{margin-top: 40px !important;margin-bottom: 20px !important;}&#8221;][vc_column width=&#8221;1\/2&#8243; css=&#8221;.vc_custom_1748613881383{margin-right: 10px !important;}&#8221;][vc_column_text] Adres redakcji strony BIP Katolickiej Szko\u0142y Podstawowej im. Maryi z Nazaretu w Kielcach: [&hellip;]<\/p>\n","protected":false},"author":2,"featured_media":0,"parent":0,"menu_order":0,"comment_status":"closed","ping_status":"closed","template":"","meta":{"footnotes":""},"class_list":["post-10116","page","type-page","status-publish","hentry"],"_links":{"self":[{"href":"https:\/\/kspnazaret.pl\/index.php?rest_route=\/wp\/v2\/pages\/10116","targetHints":{"allow":["GET"]}}],"collection":[{"href":"https:\/\/kspnazaret.pl\/index.php?rest_route=\/wp\/v2\/pages"}],"about":[{"href":"https:\/\/kspnazaret.pl\/index.php?rest_route=\/wp\/v2\/types\/page"}],"author":[{"embeddable":true,"href":"https:\/\/kspnazaret.pl\/index.php?rest_route=\/wp\/v2\/users\/2"}],"replies":[{"embeddable":true,"href":"https:\/\/kspnazaret.pl\/index.php?rest_route=%2Fwp%2Fv2%2Fcomments&post=10116"}],"version-history":[{"count":11,"href":"https:\/\/kspnazaret.pl\/index.php?rest_route=\/wp\/v2\/pages\/10116\/revisions"}],"predecessor-version":[{"id":10138,"href":"https:\/\/kspnazaret.pl\/index.php?rest_route=\/wp\/v2\/pages\/10116\/revisions\/10138"}],"wp:attachment":[{"href":"https:\/\/kspnazaret.pl\/index.php?rest_route=%2Fwp%2Fv2%2Fmedia&parent=10116"}],"curies":[{"name":"wp","href":"https:\/\/api.w.org\/{rel}","templated":true}]}}